{"id":972,"date":"2016-03-09T16:41:33","date_gmt":"2016-03-09T16:41:33","guid":{"rendered":"http:\/\/tapiolary.com\/?page_id=972"},"modified":"2016-05-05T08:43:56","modified_gmt":"2016-05-05T08:43:56","slug":"esiintyminen","status":"publish","type":"page","link":"https:\/\/tapiolary.com\/?page_id=972","title":{"rendered":"Susi suomessa 2011-2015"},"content":{"rendered":"<p style=\"text-align: center;\">Suden esiintyminen suomessa havaintotiedon mukaan 1\/2011-11\/2015<\/p>\n<p style=\"text-align: center;\">Klikkaamalla ruutua saat lis\u00e4tietoa ruutuun tehdyist\u00e4 havainnoista. Records= tehtyjen havaintojen m\u00e4\u00e4r\u00e4, Abundance= havaintojen yheenlaskettu susien m\u00e4\u00e4r\u00e4. Rec. 2, Ab. 5 tarkoittaa siis, ett\u00e4 ruutuun on tehty kaksi havaintoa, joissa yhteens\u00e4 3 sutta. Ruudun v\u00e4rikoodaus kertoo abundace kent\u00e4n arvon. Ruudun koko 5km*5km.<br \/>\nHuom! Kartta voi latautua hitaasti.<\/p>\n<p><iframe loading=\"lazy\" src=\"https:\/\/tapiolary.com\/OL3\/\" width=\"100%\" height=\"800\"><\/iframe><\/p>\n<p><em>Tasojen l\u00e4hteet: Harvapientaloalue10, pientaloalue10, kerrostaloalue10, YRK kaupunkimaaseutuluokitus- Syke, avoin aineisto. <\/em><\/p>\n<p><em>Vuosittaiset esiintym\u00e4t: L\u00e4hdeaineisto Luke<\/em><\/p>\n<p><em>Taustartat: <a href=\"http:\/\/avaa.tdata.fi\/web\/avaa\/-\/openstreetmap-finla-1?inheritRedirect=true\">Osm-Finland<\/a>, <a href=\"http:\/\/kartat.kapsi.fi\">MML, Avoin aineisto<\/a>\u00a0<\/em><\/p>\n","protected":false},"excerpt":{"rendered":"<p>Suden esiintyminen suomessa havaintotiedon mukaan 1\/2011-11\/2015 Klikkaamalla ruutua saat lis\u00e4tietoa ruutuun tehdyist\u00e4 havainnoista. Records= tehtyjen havaintojen m\u00e4\u00e4r\u00e4, Abundance= havaintojen yheenlaskettu susien m\u00e4\u00e4r\u00e4. Rec. 2, Ab. 5 tarkoittaa siis, ett\u00e4 ruutuun on tehty kaksi havaintoa, joissa yhteens\u00e4 3 sutta. Ruudun v\u00e4rikoodaus kertoo abundace kent\u00e4n arvon. Ruudun koko 5km*5km. Huom! Kartta voi latautua hitaasti. Tasojen l\u00e4hteet: Harvapientaloalue10, [&hellip;]<\/p>\n","protected":false},"author":3,"featured_media":1120,"parent":270,"menu_order":0,"comment_status":"closed","ping_status":"closed","template":"","meta":{"ngg_post_thumbnail":0,"footnotes":""},"class_list":["post-972","page","type-page","status-publish","has-post-thumbnail"],"_links":{"self":[{"href":"https:\/\/tapiolary.com\/index.php?rest_route=\/wp\/v2\/pages\/972","targetHints":{"allow":["GET"]}}],"collection":[{"href":"https:\/\/tapiolary.com\/index.php?rest_route=\/wp\/v2\/pages"}],"about":[{"href":"https:\/\/tapiolary.com\/index.php?rest_route=\/wp\/v2\/types\/page"}],"author":[{"embeddable":true,"href":"https:\/\/tapiolary.com\/index.php?rest_route=\/wp\/v2\/users\/3"}],"replies":[{"embeddable":true,"href":"https:\/\/tapiolary.com\/index.php?rest_route=%2Fwp%2Fv2%2Fcomments&post=972"}],"version-history":[{"count":12,"href":"https:\/\/tapiolary.com\/index.php?rest_route=\/wp\/v2\/pages\/972\/revisions"}],"predecessor-version":[{"id":989,"href":"https:\/\/tapiolary.com\/index.php?rest_route=\/wp\/v2\/pages\/972\/revisions\/989"}],"up":[{"embeddable":true,"href":"https:\/\/tapiolary.com\/index.php?rest_route=\/wp\/v2\/pages\/270"}],"wp:featuredmedia":[{"embeddable":true,"href":"https:\/\/tapiolary.com\/index.php?rest_route=\/wp\/v2\/media\/1120"}],"wp:attachment":[{"href":"https:\/\/tapiolary.com\/index.php?rest_route=%2Fwp%2Fv2%2Fmedia&parent=972"}],"curies":[{"name":"wp","href":"https:\/\/api.w.org\/{rel}","templated":true}]}}