{"id":858,"date":"2016-01-31T18:57:14","date_gmt":"2016-01-31T18:57:14","guid":{"rendered":"http:\/\/tapiolary.com\/?page_id=858"},"modified":"2017-01-03T22:42:02","modified_gmt":"2017-01-03T22:42:02","slug":"kuikka-alkulintu","status":"publish","type":"page","link":"https:\/\/tapiolary.com\/?page_id=858","title":{"rendered":"KUIKKA alkulintu"},"content":{"rendered":"<p><a href=\"https:\/\/tapiolary.com\/wp-content\/uploads\/2016\/01\/screenshot.31-01-2016-20.44.29.jpg\"><img loading=\"lazy\" decoding=\"async\" class=\"alignleft size-medium wp-image-859\" src=\"https:\/\/tapiolary.com\/wp-content\/uploads\/2016\/01\/screenshot.31-01-2016-20.44.29-300x280.jpg\" alt=\"screenshot.31-01-2016 20.44.29\" width=\"300\" height=\"280\" srcset=\"https:\/\/tapiolary.com\/wp-content\/uploads\/2016\/01\/screenshot.31-01-2016-20.44.29-300x280.jpg 300w, https:\/\/tapiolary.com\/wp-content\/uploads\/2016\/01\/screenshot.31-01-2016-20.44.29-160x150.jpg 160w, https:\/\/tapiolary.com\/wp-content\/uploads\/2016\/01\/screenshot.31-01-2016-20.44.29-150x140.jpg 150w, https:\/\/tapiolary.com\/wp-content\/uploads\/2016\/01\/screenshot.31-01-2016-20.44.29.jpg 492w\" sizes=\"auto, (max-width: 300px) 100vw, 300px\" \/><\/a><\/p>\n<p>Mauri Leivon huikeasti kuvitettu teos KUIKKA alkulintu, on el\u00e4mys. Lukija p\u00e4\u00e4see kertojan mukaan mystiselle matkalle halki usvan ja autereen, kohti auringon sammuvaa valoa, peilityynt\u00e4 j\u00e4rven pintaa ja er\u00e4maan hiljaisuutta. Se on kuikan maailma.<\/p>\n<p>P\u00e4iv\u00e4kirjamainen kerronta lis\u00e4\u00e4 l\u00e4sn\u00e4olon tuntua, mutta pelkk\u00e4\u00e4 proosaa kirja ei suinkaan tarjoile, vaan mukana on tietoa linnusta ja sen elintavoista. Intiimimm\u00e4n suhteen lintuun lukija pystyy muodostamaan kertojan mukana, tutustuen Kainon ja Vienon, kuikkapariskunnan el\u00e4m\u00e4\u00e4n.<\/p>\n<p>Kirjan visuaalisuus vie tunnelmasta toiseen. Kuvien my\u00f6t\u00e4 on helppo palata kauas historiaan, miss\u00e4 ihmisell\u00e4 ja kuikalla on my\u00f6s yhtym\u00e4kohtia. Hyv\u00e4n\u00e4 kalastajana kuikka ei ole aina ollut ihmiselle mieleinen lintu ja niinp\u00e4 1800- ja 1900-lukujen vaihteessa kuikasta maksettiin jopa tapporahaa. Lopulta lintu rauhoitettiin 1962.<\/p>\n<p>Kes\u00e4ilta ja kuikan huuto pitkin tyynt\u00e4 j\u00e4rvenselk\u00e4\u00e4 kuuluvat erottamatta yhteen. Se tunnelma kirjasta on helppo tavoittaa mukaansa.<\/p>\n","protected":false},"excerpt":{"rendered":"<p>Mauri Leivon huikeasti kuvitettu teos KUIKKA alkulintu, on el\u00e4mys. Lukija p\u00e4\u00e4see kertojan mukaan mystiselle matkalle halki usvan ja autereen, kohti auringon sammuvaa valoa, peilityynt\u00e4 j\u00e4rven pintaa ja er\u00e4maan hiljaisuutta. Se on kuikan maailma. P\u00e4iv\u00e4kirjamainen kerronta lis\u00e4\u00e4 l\u00e4sn\u00e4olon tuntua, mutta pelkk\u00e4\u00e4 proosaa kirja ei suinkaan tarjoile, vaan mukana on tietoa linnusta ja sen elintavoista. Intiimimm\u00e4n suhteen [&hellip;]<\/p>\n","protected":false},"author":2,"featured_media":859,"parent":258,"menu_order":0,"comment_status":"closed","ping_status":"closed","template":"","meta":{"ngg_post_thumbnail":0,"footnotes":""},"class_list":["post-858","page","type-page","status-publish","has-post-thumbnail"],"_links":{"self":[{"href":"https:\/\/tapiolary.com\/index.php?rest_route=\/wp\/v2\/pages\/858","targetHints":{"allow":["GET"]}}],"collection":[{"href":"https:\/\/tapiolary.com\/index.php?rest_route=\/wp\/v2\/pages"}],"about":[{"href":"https:\/\/tapiolary.com\/index.php?rest_route=\/wp\/v2\/types\/page"}],"author":[{"embeddable":true,"href":"https:\/\/tapiolary.com\/index.php?rest_route=\/wp\/v2\/users\/2"}],"replies":[{"embeddable":true,"href":"https:\/\/tapiolary.com\/index.php?rest_route=%2Fwp%2Fv2%2Fcomments&post=858"}],"version-history":[{"count":1,"href":"https:\/\/tapiolary.com\/index.php?rest_route=\/wp\/v2\/pages\/858\/revisions"}],"predecessor-version":[{"id":860,"href":"https:\/\/tapiolary.com\/index.php?rest_route=\/wp\/v2\/pages\/858\/revisions\/860"}],"up":[{"embeddable":true,"href":"https:\/\/tapiolary.com\/index.php?rest_route=\/wp\/v2\/pages\/258"}],"wp:featuredmedia":[{"embeddable":true,"href":"https:\/\/tapiolary.com\/index.php?rest_route=\/wp\/v2\/media\/859"}],"wp:attachment":[{"href":"https:\/\/tapiolary.com\/index.php?rest_route=%2Fwp%2Fv2%2Fmedia&parent=858"}],"curies":[{"name":"wp","href":"https:\/\/api.w.org\/{rel}","templated":true}]}}