{"id":853,"date":"2016-01-31T18:33:43","date_gmt":"2016-01-31T18:33:43","guid":{"rendered":"http:\/\/tapiolary.com\/?page_id=853"},"modified":"2017-01-03T22:45:52","modified_gmt":"2017-01-03T22:45:52","slug":"sinitiainen-neljan-tuuman-hurrikaani","status":"publish","type":"page","link":"https:\/\/tapiolary.com\/?page_id=853","title":{"rendered":"SINITIAINEN Nelj\u00e4n tuuman hurrikaani"},"content":{"rendered":"<p><a href=\"https:\/\/tapiolary.com\/wp-content\/uploads\/2016\/01\/screenshot.31-01-2016-20.20.43.jpg\"><img loading=\"lazy\" decoding=\"async\" class=\"alignleft size-medium wp-image-854\" src=\"https:\/\/tapiolary.com\/wp-content\/uploads\/2016\/01\/screenshot.31-01-2016-20.20.43-295x300.jpg\" alt=\"screenshot.31-01-2016 20.20.43\" width=\"295\" height=\"300\" srcset=\"https:\/\/tapiolary.com\/wp-content\/uploads\/2016\/01\/screenshot.31-01-2016-20.20.43-295x300.jpg 295w, https:\/\/tapiolary.com\/wp-content\/uploads\/2016\/01\/screenshot.31-01-2016-20.20.43-148x150.jpg 148w, https:\/\/tapiolary.com\/wp-content\/uploads\/2016\/01\/screenshot.31-01-2016-20.20.43.jpg 519w\" sizes=\"auto, (max-width: 295px) 100vw, 295px\" \/><\/a><\/p>\n<p>Teksti: Esa-Pekka Avela<\/p>\n<p>Kuvat: Ari-Pekka Palmu<\/p>\n<p>Kukapa ei tuntisi sinitiaista? Se on lintulaudalta tuttu pieni tiainen, joka kev\u00e4\u00e4ll\u00e4 ilahduttaa helisev\u00e4ll\u00e4 laulullaan. Mit\u00e4 oikeastaan paljastuu pienest\u00e4 linnusta jos sen toimia lintulaudalla seuraa pidemp\u00e4\u00e4n?<\/p>\n<p>&#8221;Tukka tirhe\u00e4sti pystyss\u00e4 sinitiainen haastaa tarvittaessa itse\u00e4\u00e4n isommankin linnun&#8221;. Lintu painaa osapuilleen saman verran kuin voinappi ja naaras m\u00e4\u00e4r\u00e4\u00e4 kaapin paikan, tai ainakin pes\u00e4paikan.<\/p>\n<p>Kirjan teksti on tietopainotteinen, mutta sit\u00e4 el\u00e4v\u00f6itt\u00e4\u00e4 humoristinen kerronta ja kepe\u00e4t tarinat. Tiaisen touhuille on pakko v\u00e4lill\u00e4 naurahtaa. Sympaattinen kuvitus on monipuolinen katsaus sinitiaisen kiehtovaan el\u00e4m\u00e4\u00e4n.<\/p>\n","protected":false},"excerpt":{"rendered":"<p>Teksti: Esa-Pekka Avela Kuvat: Ari-Pekka Palmu Kukapa ei tuntisi sinitiaista? Se on lintulaudalta tuttu pieni tiainen, joka kev\u00e4\u00e4ll\u00e4 ilahduttaa helisev\u00e4ll\u00e4 laulullaan. Mit\u00e4 oikeastaan paljastuu pienest\u00e4 linnusta jos sen toimia lintulaudalla seuraa pidemp\u00e4\u00e4n? &#8221;Tukka tirhe\u00e4sti pystyss\u00e4 sinitiainen haastaa tarvittaessa itse\u00e4\u00e4n isommankin linnun&#8221;. Lintu painaa osapuilleen saman verran kuin voinappi ja naaras m\u00e4\u00e4r\u00e4\u00e4 kaapin paikan, tai ainakin [&hellip;]<\/p>\n","protected":false},"author":2,"featured_media":854,"parent":258,"menu_order":0,"comment_status":"closed","ping_status":"closed","template":"","meta":{"ngg_post_thumbnail":0,"footnotes":""},"class_list":["post-853","page","type-page","status-publish","has-post-thumbnail"],"_links":{"self":[{"href":"https:\/\/tapiolary.com\/index.php?rest_route=\/wp\/v2\/pages\/853","targetHints":{"allow":["GET"]}}],"collection":[{"href":"https:\/\/tapiolary.com\/index.php?rest_route=\/wp\/v2\/pages"}],"about":[{"href":"https:\/\/tapiolary.com\/index.php?rest_route=\/wp\/v2\/types\/page"}],"author":[{"embeddable":true,"href":"https:\/\/tapiolary.com\/index.php?rest_route=\/wp\/v2\/users\/2"}],"replies":[{"embeddable":true,"href":"https:\/\/tapiolary.com\/index.php?rest_route=%2Fwp%2Fv2%2Fcomments&post=853"}],"version-history":[{"count":1,"href":"https:\/\/tapiolary.com\/index.php?rest_route=\/wp\/v2\/pages\/853\/revisions"}],"predecessor-version":[{"id":855,"href":"https:\/\/tapiolary.com\/index.php?rest_route=\/wp\/v2\/pages\/853\/revisions\/855"}],"up":[{"embeddable":true,"href":"https:\/\/tapiolary.com\/index.php?rest_route=\/wp\/v2\/pages\/258"}],"wp:featuredmedia":[{"embeddable":true,"href":"https:\/\/tapiolary.com\/index.php?rest_route=\/wp\/v2\/media\/854"}],"wp:attachment":[{"href":"https:\/\/tapiolary.com\/index.php?rest_route=%2Fwp%2Fv2%2Fmedia&parent=853"}],"curies":[{"name":"wp","href":"https:\/\/api.w.org\/{rel}","templated":true}]}}