{"id":850,"date":"2016-01-31T17:53:18","date_gmt":"2016-01-31T17:53:18","guid":{"rendered":"http:\/\/tapiolary.com\/?page_id=850"},"modified":"2017-01-03T22:42:12","modified_gmt":"2017-01-03T22:42:12","slug":"suomen-kaarmeet-ja-liskot","status":"publish","type":"page","link":"https:\/\/tapiolary.com\/?page_id=850","title":{"rendered":"SUOMEN K\u00c4\u00c4RMEET JA LISKOT"},"content":{"rendered":"<p><a href=\"https:\/\/tapiolary.com\/wp-content\/uploads\/2016\/01\/screenshot.31-01-2016-19.41.48.jpg\"><img loading=\"lazy\" decoding=\"async\" class=\"alignleft size-medium wp-image-851\" src=\"https:\/\/tapiolary.com\/wp-content\/uploads\/2016\/01\/screenshot.31-01-2016-19.41.48-300x228.jpg\" alt=\"screenshot.31-01-2016 19.41.48\" width=\"300\" height=\"228\" srcset=\"https:\/\/tapiolary.com\/wp-content\/uploads\/2016\/01\/screenshot.31-01-2016-19.41.48-300x228.jpg 300w, https:\/\/tapiolary.com\/wp-content\/uploads\/2016\/01\/screenshot.31-01-2016-19.41.48-197x150.jpg 197w, https:\/\/tapiolary.com\/wp-content\/uploads\/2016\/01\/screenshot.31-01-2016-19.41.48-150x114.jpg 150w, https:\/\/tapiolary.com\/wp-content\/uploads\/2016\/01\/screenshot.31-01-2016-19.41.48.jpg 638w\" sizes=\"auto, (max-width: 300px) 100vw, 300px\" \/><\/a><\/p>\n<p>Jarmo Latvan ja Lisse Tarnasen monipuolinen teos avaa lukijan eteen huikeita n\u00e4kymi\u00e4 matelijoiden ja liskojen el\u00e4m\u00e4st\u00e4. N\u00e4it\u00e4 kuvia k\u00e4\u00e4rmeist\u00e4 et ole ennen n\u00e4hnyt!<\/p>\n<p>Kirja valottaa viiden lajin salaper\u00e4ist\u00e4 el\u00e4m\u00e4\u00e4: kyyn, rantak\u00e4\u00e4rmeen, kangask\u00e4\u00e4rmeen, sisiliskon ja vaskitsan. Tiesitk\u00f6 ett\u00e4 sisilisko synnytt\u00e4\u00e4 el\u00e4vi\u00e4 poikasia? Tai ett\u00e4 k\u00e4\u00e4rmeiden hampaat uusiutuvat jatkuvasti? Suomen vaskitsat ovat eri lajia kuin Skandinaaviset?<\/p>\n<p>&nbsp;<\/p>\n<p>Teos tuo uutta tietoa k\u00e4\u00e4rmeiden ja liskojen elintavoista ja on ehdottomasti lukemisen arvoinen jo monipuolisen ja laadukkaan kuvituksensa vuoksi.<\/p>\n","protected":false},"excerpt":{"rendered":"<p>Jarmo Latvan ja Lisse Tarnasen monipuolinen teos avaa lukijan eteen huikeita n\u00e4kymi\u00e4 matelijoiden ja liskojen el\u00e4m\u00e4st\u00e4. N\u00e4it\u00e4 kuvia k\u00e4\u00e4rmeist\u00e4 et ole ennen n\u00e4hnyt! Kirja valottaa viiden lajin salaper\u00e4ist\u00e4 el\u00e4m\u00e4\u00e4: kyyn, rantak\u00e4\u00e4rmeen, kangask\u00e4\u00e4rmeen, sisiliskon ja vaskitsan. Tiesitk\u00f6 ett\u00e4 sisilisko synnytt\u00e4\u00e4 el\u00e4vi\u00e4 poikasia? Tai ett\u00e4 k\u00e4\u00e4rmeiden hampaat uusiutuvat jatkuvasti? Suomen vaskitsat ovat eri lajia kuin Skandinaaviset? &nbsp; [&hellip;]<\/p>\n","protected":false},"author":2,"featured_media":851,"parent":258,"menu_order":0,"comment_status":"closed","ping_status":"closed","template":"","meta":{"ngg_post_thumbnail":0,"footnotes":""},"class_list":["post-850","page","type-page","status-publish","has-post-thumbnail"],"_links":{"self":[{"href":"https:\/\/tapiolary.com\/index.php?rest_route=\/wp\/v2\/pages\/850","targetHints":{"allow":["GET"]}}],"collection":[{"href":"https:\/\/tapiolary.com\/index.php?rest_route=\/wp\/v2\/pages"}],"about":[{"href":"https:\/\/tapiolary.com\/index.php?rest_route=\/wp\/v2\/types\/page"}],"author":[{"embeddable":true,"href":"https:\/\/tapiolary.com\/index.php?rest_route=\/wp\/v2\/users\/2"}],"replies":[{"embeddable":true,"href":"https:\/\/tapiolary.com\/index.php?rest_route=%2Fwp%2Fv2%2Fcomments&post=850"}],"version-history":[{"count":1,"href":"https:\/\/tapiolary.com\/index.php?rest_route=\/wp\/v2\/pages\/850\/revisions"}],"predecessor-version":[{"id":852,"href":"https:\/\/tapiolary.com\/index.php?rest_route=\/wp\/v2\/pages\/850\/revisions\/852"}],"up":[{"embeddable":true,"href":"https:\/\/tapiolary.com\/index.php?rest_route=\/wp\/v2\/pages\/258"}],"wp:featuredmedia":[{"embeddable":true,"href":"https:\/\/tapiolary.com\/index.php?rest_route=\/wp\/v2\/media\/851"}],"wp:attachment":[{"href":"https:\/\/tapiolary.com\/index.php?rest_route=%2Fwp%2Fv2%2Fmedia&parent=850"}],"curies":[{"name":"wp","href":"https:\/\/api.w.org\/{rel}","templated":true}]}}