{"id":662,"date":"2015-12-20T17:31:37","date_gmt":"2015-12-20T17:31:37","guid":{"rendered":"http:\/\/tapiolary.com\/?page_id=662"},"modified":"2021-01-03T17:52:04","modified_gmt":"2021-01-03T17:52:04","slug":"kannatusjaseneksi","status":"publish","type":"page","link":"https:\/\/tapiolary.com\/?page_id=662","title":{"rendered":"KANNATUSJ\u00c4SENEKSI"},"content":{"rendered":"<p><a href=\"https:\/\/tapiolary.com\/wp-content\/uploads\/2019\/02\/51565876_2380620278850153_2954616339173474304_n.jpg\"><img loading=\"lazy\" decoding=\"async\" class=\"size-medium wp-image-2653 alignright\" src=\"https:\/\/tapiolary.com\/wp-content\/uploads\/2019\/02\/51565876_2380620278850153_2954616339173474304_n-300x221.jpg\" alt=\"\" width=\"300\" height=\"221\" srcset=\"https:\/\/tapiolary.com\/wp-content\/uploads\/2019\/02\/51565876_2380620278850153_2954616339173474304_n-300x221.jpg 300w, https:\/\/tapiolary.com\/wp-content\/uploads\/2019\/02\/51565876_2380620278850153_2954616339173474304_n-768x565.jpg 768w, https:\/\/tapiolary.com\/wp-content\/uploads\/2019\/02\/51565876_2380620278850153_2954616339173474304_n.jpg 877w\" sizes=\"auto, (max-width: 300px) 100vw, 300px\" \/><\/a><\/p>\n<p>Tapiolan kannatusj\u00e4seneksi voit liitty\u00e4 alla olevasta linkist\u00e4 valitsemalla haluamasi piirin. Piirit kuuluvat automaattisesti Luonnonsuojeluliitto Tapiolaan.<\/p>\n<p>Kannatusj\u00e4senet saavat ajankohtaiset tiedotteet s\u00e4hk\u00f6postiinsa, sek\u00e4 1-2 kertaa vuodessa ilmestyv\u00e4n j\u00e4senlehden.<\/p>\n<p>Tervetuloa mukaan toimintaamme!<\/p>\n<p>Kannatusj\u00e4seneksi liittyminen <a href=\"https:\/\/holvi.com\/shop\/tapiolary\/\" target=\"_blank\" rel=\"noopener noreferrer\">t\u00e4st\u00e4.<\/a><\/p>\n<p>Liiton ja paikallisten piirien toiminnan tarkoitus on edist\u00e4\u00e4 luonnon- ja ymp\u00e4rist\u00f6n suojelua.<\/p>\n<p>Yhdistyksen j\u00e4senet ja kannatusj\u00e4senet hyv\u00e4ksyy piirihallitus. Kannatusj\u00e4senen j\u00e4senmaksu on samalla hakemus. Kannatusj\u00e4senen ja varsinaisen j\u00e4senen tulee hyv\u00e4ksy\u00e4 yhdistyksen tarkoitus ja toiminta.<\/p>\n<p>***<br \/>\nMik\u00e4li piirihallitus ei hyv\u00e4ksy j\u00e4senhakemustasi, suorittamasi kannatusj\u00e4senmaksu palautetaan siten, ett\u00e4 palautuksessa poistetaan yhdistykselle kertyv\u00e4t transaktiokulut, eli pankkipalvelimen veloitus. <strong>Palautettava summa 2021 j\u00e4senmaksuista on siten 28,60\u20ac<\/strong> jonka palautusta varten sihteeri ottaa sinuun s\u00e4hk\u00f6postitse yhteytt\u00e4. Huolehdithan siis, ett\u00e4 j\u00e4senhakemuksen mukana on toimiva s\u00e4hk\u00f6postiosoite. Muussa tapauksessa summaa ei palauteta.<\/p>\n<p>Mik\u00e4li sinulla tulee kysytt\u00e4v\u00e4\u00e4 j\u00e4senasioihin liittyen, laita yst\u00e4v\u00e4llisesti s\u00e4hk\u00f6postia osoitteeseen: tapiolary@gmail.com<\/p>\n","protected":false},"excerpt":{"rendered":"<p>Tapiolan kannatusj\u00e4seneksi voit liitty\u00e4 alla olevasta linkist\u00e4 valitsemalla haluamasi piirin. Piirit kuuluvat automaattisesti Luonnonsuojeluliitto Tapiolaan. Kannatusj\u00e4senet saavat ajankohtaiset tiedotteet s\u00e4hk\u00f6postiinsa, sek\u00e4 1-2 kertaa vuodessa ilmestyv\u00e4n j\u00e4senlehden. Tervetuloa mukaan toimintaamme! Kannatusj\u00e4seneksi liittyminen t\u00e4st\u00e4. Liiton ja paikallisten piirien toiminnan tarkoitus on edist\u00e4\u00e4 luonnon- ja ymp\u00e4rist\u00f6n suojelua. Yhdistyksen j\u00e4senet ja kannatusj\u00e4senet hyv\u00e4ksyy piirihallitus. Kannatusj\u00e4senen j\u00e4senmaksu on samalla hakemus. [&hellip;]<\/p>\n","protected":false},"author":2,"featured_media":138,"parent":624,"menu_order":1,"comment_status":"closed","ping_status":"closed","template":"","meta":{"ngg_post_thumbnail":0,"footnotes":""},"class_list":["post-662","page","type-page","status-publish","has-post-thumbnail"],"_links":{"self":[{"href":"https:\/\/tapiolary.com\/index.php?rest_route=\/wp\/v2\/pages\/662","targetHints":{"allow":["GET"]}}],"collection":[{"href":"https:\/\/tapiolary.com\/index.php?rest_route=\/wp\/v2\/pages"}],"about":[{"href":"https:\/\/tapiolary.com\/index.php?rest_route=\/wp\/v2\/types\/page"}],"author":[{"embeddable":true,"href":"https:\/\/tapiolary.com\/index.php?rest_route=\/wp\/v2\/users\/2"}],"replies":[{"embeddable":true,"href":"https:\/\/tapiolary.com\/index.php?rest_route=%2Fwp%2Fv2%2Fcomments&post=662"}],"version-history":[{"count":16,"href":"https:\/\/tapiolary.com\/index.php?rest_route=\/wp\/v2\/pages\/662\/revisions"}],"predecessor-version":[{"id":3189,"href":"https:\/\/tapiolary.com\/index.php?rest_route=\/wp\/v2\/pages\/662\/revisions\/3189"}],"up":[{"embeddable":true,"href":"https:\/\/tapiolary.com\/index.php?rest_route=\/wp\/v2\/pages\/624"}],"wp:featuredmedia":[{"embeddable":true,"href":"https:\/\/tapiolary.com\/index.php?rest_route=\/wp\/v2\/media\/138"}],"wp:attachment":[{"href":"https:\/\/tapiolary.com\/index.php?rest_route=%2Fwp%2Fv2%2Fmedia&parent=662"}],"curies":[{"name":"wp","href":"https:\/\/api.w.org\/{rel}","templated":true}]}}