{"id":578,"date":"2015-09-16T11:43:22","date_gmt":"2015-09-16T11:43:22","guid":{"rendered":"http:\/\/tapiolary.com\/?page_id=578"},"modified":"2018-04-01T23:15:32","modified_gmt":"2018-04-01T23:15:32","slug":"lausunto-luonnoksesta-maa-ja-metsatalousministerion-asetuksiksi-koskien-hallin-itameren-norpan-saukon-ja-euroopanmajavan-metsastysta-metsastysvuonna-2015-2016-1088132015","status":"publish","type":"page","link":"https:\/\/tapiolary.com\/?page_id=578","title":{"rendered":"Lausunto  euroopanmajavan mets\u00e4styksest\u00e4 2015-2016 (1088\/13\/2015)"},"content":{"rendered":"<p>Luonnonsuojeluyhdistys Tapiola on tutustunut oheisiin asetusluonnoksiin muistioineen ja lausuu asetusluonnoksista seuraavaa:<\/p>\n<p>&nbsp;<br \/>\n<strong>1. Euroopanmajava<\/strong><\/p>\n<p>Euroopanmajava on alkuper\u00e4inen majavalajimme. Kun euroopanmajava 1860-luvulla h\u00e4vitettiin Suomesta, istutettiin my\u00f6hemmin maahamme kaksi majavalajia, joista toinen: kanadanmajava on vieraslaji. Vuoden 2010 uhanlaisluokituksessa euroopanmajava on todettu vaarantuneeksi.<\/p>\n<p>Ensisijaisesti tulisi pyrki\u00e4 turvaamaan euroopanmajavan s\u00e4ilyminen ja kannan levitt\u00e4ytyminen. Euroopanmajavakanta on vahva Satakunnassa, mutta sen levitt\u00e4ytymist\u00e4 uusille alueille vaikeuttaa kanadanmajava. Euroopanmajava on alkuper\u00e4inen majavalajimme, ja tulisikin keskitty\u00e4 poistamaan kanadanmajavaa jotta euroopanmajavakanta p\u00e4\u00e4sisi vahvistumaan ja levitt\u00e4ytym\u00e4\u00e4n pysyv\u00e4sti my\u00f6s muualle Suomeen.<\/p>\n<p>Euroopanmajava on suojeltu EU:n luontodirektiivin liitteessa V. Kiinti\u00f6n\u00e4 275 majavaa on aivan liian suuri, ottaen huomioon ett\u00e4 kanta painottuu yhden maakunnan alueelle. Viitaten Riista- ja kalantutkimuslaitoksen lausuntoon 27.2.2014 majavakannassa ei ole tapahtunut juurikaan muutosta, joten edellytyksi\u00e4 liki 300 euroopanmajavan mets\u00e4stykselle ei ole.<\/p>\n<p>Majavan mets\u00e4styskausi on 20.8.-30.4. Majavan kiima-aika on tammi-helmikuussa ja kev\u00e4\u00e4ll\u00e4 naaraat ovat mets\u00e4styskauden lopussa kantavia. Yhdistys huomauttaa ett\u00e4 euroopanmajavan mets\u00e4styskausi menee osittain lis\u00e4\u00e4ntymiskauden kanssa p\u00e4\u00e4llekk\u00e4in.<\/p>\n<p>Majavan aiheuttamat vahingot ovat vuonna 2013 olleet 712ha. Vahinkom\u00e4\u00e4r\u00e4\u00e4 voidaan pit\u00e4\u00e4 v\u00e4h\u00e4isen\u00e4.<\/p>\n<p>&nbsp;<br \/>\n<strong>2. Saukko<\/strong><\/p>\n<p>Suomen EU:lle antaman lajiraportin (2007-2012)1 mukaan saukkoja on Suomessa havumets\u00e4vy\u00f6hykkeell\u00e4 noin 2700-3500 yksil\u00f6\u00e4. Saukkokanta on lis\u00e4\u00e4ntynyt hitaasti siit\u00e4 l\u00e4htien kun saukko rauhoitettiin 1974. Vuoden 2010 uhanalaisuusluokituksessa saukko on silm\u00e4ll\u00e4pidett\u00e4v\u00e4.<\/p>\n<p>Saukon poikueet ovat pieni\u00e4 ja se lis\u00e4\u00e4ntyy joka toinen vuosi. Saukkokiinti\u00f6 mets\u00e4stysvuodelle 2015-2016 on tarpeettoman suuri ottaen huomioon ett\u00e4 saukkoja mets\u00e4stettiin viime vuonna 9 yksil\u00f6\u00e4. Joka tapauksessa saukkoja menehtyy vuosittain mm. liikenteess\u00e4. Poistumaa tulee siis my\u00f6s sit\u00e4 kautta. Yli 40 saukon &#8221;reservi&#8221; mets\u00e4stysasetuksessa on turha. Kiinti\u00f6t\u00e4 voi siis huoletta pienent\u00e4\u00e4, 15-20 yksil\u00f6n kiinti\u00f6ksi.<\/p>\n<p>Asetusmuistiosta ei k\u00e4y ilmi saukon aiheuttamat &#8221;merkitt\u00e4v\u00e4t&#8221; vahingot kalan- ja ravunkasvatukselle tai mahdolliset korvausm\u00e4\u00e4r\u00e4t. Niin ik\u00e4\u00e4n asetusmuistiosta ei k\u00e4y ilmi mit\u00e4 ennaltaehk\u00e4isevi\u00e4 toimia on k\u00e4ytetty saukon aiheuttamien vahinkojen poistamiseksi. Yhdistyksen kanta on, ett\u00e4 saukon aiheuttamia taloudellisia vahinkoja ravun- ja kalankasvatukselle tulisi ensisijaisesti ennaltaehk\u00e4ist\u00e4 esimerkiksi aitaamalla.<\/p>\n<p>&nbsp;<br \/>\n<strong>3. It\u00e4meren norppa<\/strong><\/p>\n<p>It\u00e4meren norpalla oli pitk\u00e4\u00e4n lis\u00e4\u00e4ntymisongelmia ja pahimmillaan jopa 60% naaraista k\u00e4rsi kohdunkuroumasta. Tilanne on nyt v\u00e4hitellen korjaantunut, mutta LUKE:n lausunnon (4.5.2015) mukaan ei ole viel\u00e4k\u00e4\u00e4n normalisoitnut. Tilanteessa jossa norppakanta on edelleen viel\u00e4 toipumassa, on liian aikaista aloittaa kiinti\u00f6mets\u00e4stys.<\/p>\n<p>Mets\u00e4styslain 20\u00a7 mukaan: &#8221;Mets\u00e4styst\u00e4 on harjoitettava kest\u00e4v\u00e4n k\u00e4yt\u00f6n periaatteiden mukaisesti ja siten, ett\u00e4 riistael\u00e4inkannat eiv\u00e4t vaarannu&#8221; . Vuoden 2010 uhanlaisluokituksessa it\u00e4meren norppa on katsottu vaarantuneeksi. Uhanalaislistalla olevan lajin kiinti\u00f6mets\u00e4stys ei ole kest\u00e4v\u00e4n k\u00e4yt\u00f6n periaatteiden mukaista mets\u00e4styst\u00e4. Yhdistys muistuttaa lis\u00e4ksi, ett\u00e4 norppa saavuttaa sukukypsyyden noin 3-6 vuotiaana ja joten sen lis\u00e4\u00e4ntyminen on suhteellisen hidasta.<\/p>\n<p>&nbsp;<\/p>\n<p><strong>4. Harmaahylje<\/strong><\/p>\n<p>Asetusluonnos sallisi toteutuessaan yhteens\u00e4 1050 harmaahylkeen kiinti\u00f6n. Kiinti\u00f6 on t\u00e4ysin ylimitoitettu my\u00f6s siihen n\u00e4hden ett\u00e4 harmaahyljett\u00e4 mets\u00e4stettiin viime vuonna varsin v\u00e4h\u00e4n. T\u00e4llainen &#8221;reservi&#8221; kiinti\u00f6ss\u00e4 on turha. Yhdistys muistuttaa my\u00f6s, ett\u00e4 kalastajien verkkoihin j\u00e4\u00e4 sivusaaliina arviolta 2000 harmaahyljett\u00e4 vuosittain.<\/p>\n<p>Luonnonsuojeluyhdistys Tapiola ry<\/p>\n","protected":false},"excerpt":{"rendered":"<p>Luonnonsuojeluyhdistys Tapiola on tutustunut oheisiin asetusluonnoksiin muistioineen ja lausuu asetusluonnoksista seuraavaa: &nbsp; 1. Euroopanmajava Euroopanmajava on alkuper\u00e4inen majavalajimme. Kun euroopanmajava 1860-luvulla h\u00e4vitettiin Suomesta, istutettiin my\u00f6hemmin maahamme kaksi majavalajia, joista toinen: kanadanmajava on vieraslaji. Vuoden 2010 uhanlaisluokituksessa euroopanmajava on todettu vaarantuneeksi. Ensisijaisesti tulisi pyrki\u00e4 turvaamaan euroopanmajavan s\u00e4ilyminen ja kannan levitt\u00e4ytyminen. Euroopanmajavakanta on vahva Satakunnassa, mutta sen [&hellip;]<\/p>\n","protected":false},"author":2,"featured_media":0,"parent":2112,"menu_order":0,"comment_status":"closed","ping_status":"closed","template":"","meta":{"ngg_post_thumbnail":0,"footnotes":""},"class_list":["post-578","page","type-page","status-publish"],"_links":{"self":[{"href":"https:\/\/tapiolary.com\/index.php?rest_route=\/wp\/v2\/pages\/578","targetHints":{"allow":["GET"]}}],"collection":[{"href":"https:\/\/tapiolary.com\/index.php?rest_route=\/wp\/v2\/pages"}],"about":[{"href":"https:\/\/tapiolary.com\/index.php?rest_route=\/wp\/v2\/types\/page"}],"author":[{"embeddable":true,"href":"https:\/\/tapiolary.com\/index.php?rest_route=\/wp\/v2\/users\/2"}],"replies":[{"embeddable":true,"href":"https:\/\/tapiolary.com\/index.php?rest_route=%2Fwp%2Fv2%2Fcomments&post=578"}],"version-history":[{"count":4,"href":"https:\/\/tapiolary.com\/index.php?rest_route=\/wp\/v2\/pages\/578\/revisions"}],"predecessor-version":[{"id":1149,"href":"https:\/\/tapiolary.com\/index.php?rest_route=\/wp\/v2\/pages\/578\/revisions\/1149"}],"up":[{"embeddable":true,"href":"https:\/\/tapiolary.com\/index.php?rest_route=\/wp\/v2\/pages\/2112"}],"wp:attachment":[{"href":"https:\/\/tapiolary.com\/index.php?rest_route=%2Fwp%2Fv2%2Fmedia&parent=578"}],"curies":[{"name":"wp","href":"https:\/\/api.w.org\/{rel}","templated":true}]}}