{"id":2932,"date":"2019-09-19T16:23:28","date_gmt":"2019-09-19T16:23:28","guid":{"rendered":"http:\/\/tapiolary.com\/?page_id=2932"},"modified":"2019-09-19T16:23:28","modified_gmt":"2019-09-19T16:23:28","slug":"merihanhi","status":"publish","type":"page","link":"https:\/\/tapiolary.com\/?page_id=2932","title":{"rendered":"Merihanhi"},"content":{"rendered":"<figure id=\"attachment_2933\" aria-describedby=\"caption-attachment-2933\" style=\"width: 300px\" class=\"wp-caption alignleft\"><a href=\"https:\/\/tapiolary.com\/wp-content\/uploads\/2019\/09\/screenshot.19-09-2019-19.21.13.jpg\"><img loading=\"lazy\" decoding=\"async\" class=\"size-medium wp-image-2933\" src=\"https:\/\/tapiolary.com\/wp-content\/uploads\/2019\/09\/screenshot.19-09-2019-19.21.13-300x136.jpg\" alt=\"\" width=\"300\" height=\"136\" srcset=\"https:\/\/tapiolary.com\/wp-content\/uploads\/2019\/09\/screenshot.19-09-2019-19.21.13-300x136.jpg 300w, https:\/\/tapiolary.com\/wp-content\/uploads\/2019\/09\/screenshot.19-09-2019-19.21.13-768x348.jpg 768w, https:\/\/tapiolary.com\/wp-content\/uploads\/2019\/09\/screenshot.19-09-2019-19.21.13-1024x464.jpg 1024w, https:\/\/tapiolary.com\/wp-content\/uploads\/2019\/09\/screenshot.19-09-2019-19.21.13.jpg 1173w\" sizes=\"auto, (max-width: 300px) 100vw, 300px\" \/><\/a><figcaption id=\"caption-attachment-2933\" class=\"wp-caption-text\">Merihanhi. Kuva: Juha Sj\u00f6holm<\/figcaption><\/figure>\n<p>LAUSUNTO MAA- JA METS\u00c4TALOUSMINISTERI\u00d6N ASETUKSESTA MERIHANHEN METS\u00c4STYKSEN<br \/>\nKIELT\u00c4MISEST\u00c4 METS\u00c4STYSVUONNA 2019\u20132020 (Dnro 884\/01.03\/2019)<\/p>\n<p>17.7.2019<\/p>\n<p>&nbsp;<\/p>\n<p>Luonnonsuojeluliitto Tapiola (j\u00e4ljemp\u00e4n\u00e4 Liitto) kiitt\u00e4\u00e4 maa- ja mets\u00e4talousministeri\u00f6t\u00e4 lausuntopyynn\u00f6st\u00e4 ja lausuu asetusluonnoksesta seuraavaa:<\/p>\n<p>Kuten Liitto lausui jo mets\u00e4hanhen (Anser fabalis fabalis) osalta, Liitto muistuttaa ministeri\u00f6t\u00e4 siit\u00e4, ett\u00e4 lajien uhanalaistumiskehitykseen tulee puuttua ajoissa, sill\u00e4 mit\u00e4 my\u00f6hemm\u00e4ksi korjaavat toimet siirret\u00e4\u00e4n, sit\u00e4 vaikeampaa ty\u00f6 on.<\/p>\n<p>Liitto viittaa lausunnossaan BirdLife Suomen 17.7.2019 julkaisemaan mediatiedotteeseen1 jossa todetaan merihanhen (Anser anser) kannan romahtaneen niiden t\u00e4rkeill\u00e4 sulkimisalueilla. Hailuodon Isomatalalla on havaittu hein\u00e4kuun alussa vain 1 350 merihanhea. M\u00e4\u00e4r\u00e4n on todettu olevan alle kolmannes viime vuoden m\u00e4\u00e4r\u00e4st\u00e4. Sama h\u00e4lytt\u00e4v\u00e4 romahdus ilmenee my\u00f6s muilla sulkimisalueilla.<\/p>\n<p>Merihanhen mets\u00e4styspaine on valtava, vuonna 2017 saaliiksi p\u00e4\u00e4tyi noin 8700 yksil\u00f6\u00e4 ja viime vuonna ilmeisesti l\u00e4hes kaksinkertainen m\u00e4\u00e4r\u00e4. Merihanhi ei kest\u00e4 t\u00e4m\u00e4nkaltaista mets\u00e4styst\u00e4 ja BirdLifen mukaan peltomets\u00e4styksen aikaistaminen n\u00e4kyy saalism\u00e4\u00e4riss\u00e4. Kun huomattavaan mets\u00e4styspaineen nousuun lis\u00e4t\u00e4\u00e4n kehno pesim\u00e4menestys, ei kannan romahtaminen ole yll\u00e4tt\u00e4v\u00e4\u00e4.<\/p>\n<p>Liitto edellytt\u00e4\u00e4 nyt maa- ja mets\u00e4talousministeri\u00f6lt\u00e4 ripeit\u00e4 toimia, jotta merihanhen romahdus voidaan torjua. Ministeri\u00f6n on syyt\u00e4 ryhty\u00e4 v\u00e4litt\u00f6miin rauhoitustoimiin mets\u00e4styslain 20 \u00a7 edellytt\u00e4m\u00e4ll\u00e4 tavalla ja kantaa tulee seurata huolellisesti.<\/p>\n<p>Liitto esitt\u00e4\u00e4 merihanhen pikaista rauhoitusta v\u00e4hint\u00e4\u00e4n seuraavaksi mets\u00e4stysvuodeksi 2019-2020.<\/p>\n","protected":false},"excerpt":{"rendered":"<p>LAUSUNTO MAA- JA METS\u00c4TALOUSMINISTERI\u00d6N ASETUKSESTA MERIHANHEN METS\u00c4STYKSEN KIELT\u00c4MISEST\u00c4 METS\u00c4STYSVUONNA 2019\u20132020 (Dnro 884\/01.03\/2019) 17.7.2019 &nbsp; Luonnonsuojeluliitto Tapiola (j\u00e4ljemp\u00e4n\u00e4 Liitto) kiitt\u00e4\u00e4 maa- ja mets\u00e4talousministeri\u00f6t\u00e4 lausuntopyynn\u00f6st\u00e4 ja lausuu asetusluonnoksesta seuraavaa: Kuten Liitto lausui jo mets\u00e4hanhen (Anser fabalis fabalis) osalta, Liitto muistuttaa ministeri\u00f6t\u00e4 siit\u00e4, ett\u00e4 lajien uhanalaistumiskehitykseen tulee puuttua ajoissa, sill\u00e4 mit\u00e4 my\u00f6hemm\u00e4ksi korjaavat toimet siirret\u00e4\u00e4n, sit\u00e4 vaikeampaa ty\u00f6 [&hellip;]<\/p>\n","protected":false},"author":2,"featured_media":0,"parent":2706,"menu_order":0,"comment_status":"closed","ping_status":"closed","template":"","meta":{"ngg_post_thumbnail":0,"footnotes":""},"class_list":["post-2932","page","type-page","status-publish"],"_links":{"self":[{"href":"https:\/\/tapiolary.com\/index.php?rest_route=\/wp\/v2\/pages\/2932","targetHints":{"allow":["GET"]}}],"collection":[{"href":"https:\/\/tapiolary.com\/index.php?rest_route=\/wp\/v2\/pages"}],"about":[{"href":"https:\/\/tapiolary.com\/index.php?rest_route=\/wp\/v2\/types\/page"}],"author":[{"embeddable":true,"href":"https:\/\/tapiolary.com\/index.php?rest_route=\/wp\/v2\/users\/2"}],"replies":[{"embeddable":true,"href":"https:\/\/tapiolary.com\/index.php?rest_route=%2Fwp%2Fv2%2Fcomments&post=2932"}],"version-history":[{"count":1,"href":"https:\/\/tapiolary.com\/index.php?rest_route=\/wp\/v2\/pages\/2932\/revisions"}],"predecessor-version":[{"id":2934,"href":"https:\/\/tapiolary.com\/index.php?rest_route=\/wp\/v2\/pages\/2932\/revisions\/2934"}],"up":[{"embeddable":true,"href":"https:\/\/tapiolary.com\/index.php?rest_route=\/wp\/v2\/pages\/2706"}],"wp:attachment":[{"href":"https:\/\/tapiolary.com\/index.php?rest_route=%2Fwp%2Fv2%2Fmedia&parent=2932"}],"curies":[{"name":"wp","href":"https:\/\/api.w.org\/{rel}","templated":true}]}}