{"id":2927,"date":"2019-09-19T16:15:15","date_gmt":"2019-09-19T16:15:15","guid":{"rendered":"http:\/\/tapiolary.com\/?page_id=2927"},"modified":"2019-09-19T16:15:15","modified_gmt":"2019-09-19T16:15:15","slug":"karhuasetus","status":"publish","type":"page","link":"https:\/\/tapiolary.com\/?page_id=2927","title":{"rendered":"Karhuasetus"},"content":{"rendered":"<p style=\"text-align: center;\"><a href=\"https:\/\/tapiolary.com\/wp-content\/uploads\/2018\/06\/259987_174193042642953_2813186_n.jpg\"><img loading=\"lazy\" decoding=\"async\" class=\"alignleft size-medium wp-image-2402\" src=\"https:\/\/tapiolary.com\/wp-content\/uploads\/2018\/06\/259987_174193042642953_2813186_n-300x200.jpg\" alt=\"\" width=\"300\" height=\"200\" srcset=\"https:\/\/tapiolary.com\/wp-content\/uploads\/2018\/06\/259987_174193042642953_2813186_n-300x200.jpg 300w, https:\/\/tapiolary.com\/wp-content\/uploads\/2018\/06\/259987_174193042642953_2813186_n.jpg 720w\" sizes=\"auto, (max-width: 300px) 100vw, 300px\" \/><\/a>LAUSUNTO MAA- JA METS\u00c4TALOUSMINISTERI\u00d6N ASETUKSESTA KARHUKIINTI\u00d6KSI 2019-2020 (Drno 865\/01.03\/2019)<\/p>\n<p>&nbsp;<\/p>\n<p style=\"text-align: right;\">24.6.2019<\/p>\n<p>&nbsp;<\/p>\n<p>&nbsp;<\/p>\n<p>Luonnonsuojeluliitto Tapiola (j\u00e4ljemp\u00e4n\u00e4 Liitto) kiitt\u00e4\u00e4 maa- ja mets\u00e4talousministeri\u00f6t\u00e4 lausuntopyynn\u00f6st\u00e4 ja lausuu asetusluonnoksesta seuraavaa:<\/p>\n<p>Liitto muistuttaa ministeri\u00f6t\u00e4 -j\u00e4lleen kerran- luontodirektiivin IV liitteen lajeihin kuuluvasta perusteht\u00e4v\u00e4st\u00e4\u00e4n. Liitteen IV lajit ovat tiukasti suojeltuja, riippumatta siit\u00e4 miss\u00e4 kansallisessa lainkohdassa (luonnonsuojelulaki \u2013 mets\u00e4styslaki) lajit sijaitsevat. Koska kanta-arvio ei ole absoluuttinen karhujen m\u00e4\u00e4r\u00e4, vaan arvio, tulisi noudattaa varovaisuusperiaatetta, mik\u00e4 niin ik\u00e4\u00e4n kategorisesti loistaa poissaolollaan koskien kaikkia suurpetoja, joihin ministeri\u00f6n toimet kohdistuvat.<\/p>\n<p>Liiton n\u00e4kemyksen mukaan kiinti\u00f6ss\u00e4 ei ole huomioitu suojelun\u00e4k\u00f6kohtia tai varovaisuusperiaatetta. Suomen suurpetokannat kaikkineen ovat yksil\u00f6m\u00e4\u00e4r\u00e4isesti niin pienet, ett\u00e4 virhearviot mets\u00e4styksen mitoituksessa tai muut mahdolliset yll\u00e4tykset esim. maank\u00e4yt\u00f6n suhteen voivat vaikuttaa kantoihin negatiivisesti jo pienell\u00e4 aikav\u00e4lill\u00e4. Marginaali on siis pieni ja karhukiinti\u00f6\u00f6n sis\u00e4ltyy juuri t\u00e4m\u00e4 vaara: v\u00e4\u00e4rin mitoitettu tai kohdennettu mets\u00e4stys voi romahduttaa kannan.<\/p>\n<p>Liitto muistuttaa ministeri\u00f6t\u00e4 \u2013 j\u00e4lleen kerran- kokonaiskuolleisuuden huomioimisesta karhukiinti\u00f6n t\u00e4yttymisen suhteen. Muilla poikkeusperusteilla tapetut karhut ovat aivan yht\u00e4 kuolleita kuin kannanhoidollisin luvin tapetut.<br \/>\nLiitto pit\u00e4\u00e4 ministeri\u00f6n esitt\u00e4m\u00e4\u00e4 kiinti\u00f6t\u00e4 kohtuuttoman suurena.<\/p>\n<p>Koska luontoj\u00e4rjest\u00f6jen lausunnoilla ei k\u00e4yt\u00e4nn\u00f6ss\u00e4 ole mit\u00e4\u00e4n vaikutusta tai merkityst\u00e4 kiinti\u00f6ihin ja lausuntojen sis\u00e4lt\u00f6 j\u00e4tet\u00e4\u00e4n tarkoituksellisesti huomioimatta, ei Liitto t\u00e4ll\u00e4 kertaa avaa asiaa enemp\u00e4\u00e4 aiemmista vuosista poiketen.<\/p>\n","protected":false},"excerpt":{"rendered":"<p>LAUSUNTO MAA- JA METS\u00c4TALOUSMINISTERI\u00d6N ASETUKSESTA KARHUKIINTI\u00d6KSI 2019-2020 (Drno 865\/01.03\/2019) &nbsp; 24.6.2019 &nbsp; &nbsp; Luonnonsuojeluliitto Tapiola (j\u00e4ljemp\u00e4n\u00e4 Liitto) kiitt\u00e4\u00e4 maa- ja mets\u00e4talousministeri\u00f6t\u00e4 lausuntopyynn\u00f6st\u00e4 ja lausuu asetusluonnoksesta seuraavaa: Liitto muistuttaa ministeri\u00f6t\u00e4 -j\u00e4lleen kerran- luontodirektiivin IV liitteen lajeihin kuuluvasta perusteht\u00e4v\u00e4st\u00e4\u00e4n. Liitteen IV lajit ovat tiukasti suojeltuja, riippumatta siit\u00e4 miss\u00e4 kansallisessa lainkohdassa (luonnonsuojelulaki \u2013 mets\u00e4styslaki) lajit sijaitsevat. Koska kanta-arvio [&hellip;]<\/p>\n","protected":false},"author":2,"featured_media":0,"parent":2706,"menu_order":0,"comment_status":"closed","ping_status":"closed","template":"","meta":{"ngg_post_thumbnail":0,"footnotes":""},"class_list":["post-2927","page","type-page","status-publish"],"_links":{"self":[{"href":"https:\/\/tapiolary.com\/index.php?rest_route=\/wp\/v2\/pages\/2927","targetHints":{"allow":["GET"]}}],"collection":[{"href":"https:\/\/tapiolary.com\/index.php?rest_route=\/wp\/v2\/pages"}],"about":[{"href":"https:\/\/tapiolary.com\/index.php?rest_route=\/wp\/v2\/types\/page"}],"author":[{"embeddable":true,"href":"https:\/\/tapiolary.com\/index.php?rest_route=\/wp\/v2\/users\/2"}],"replies":[{"embeddable":true,"href":"https:\/\/tapiolary.com\/index.php?rest_route=%2Fwp%2Fv2%2Fcomments&post=2927"}],"version-history":[{"count":1,"href":"https:\/\/tapiolary.com\/index.php?rest_route=\/wp\/v2\/pages\/2927\/revisions"}],"predecessor-version":[{"id":2928,"href":"https:\/\/tapiolary.com\/index.php?rest_route=\/wp\/v2\/pages\/2927\/revisions\/2928"}],"up":[{"embeddable":true,"href":"https:\/\/tapiolary.com\/index.php?rest_route=\/wp\/v2\/pages\/2706"}],"wp:attachment":[{"href":"https:\/\/tapiolary.com\/index.php?rest_route=%2Fwp%2Fv2%2Fmedia&parent=2927"}],"curies":[{"name":"wp","href":"https:\/\/api.w.org\/{rel}","templated":true}]}}