{"id":2724,"date":"2019-04-18T04:37:31","date_gmt":"2019-04-18T04:37:31","guid":{"rendered":"http:\/\/tapiolary.com\/?page_id=2724"},"modified":"2019-04-18T04:37:31","modified_gmt":"2019-04-18T04:37:31","slug":"mmmn-asetus-haahkan-metsastyksen-rajoittamisesta","status":"publish","type":"page","link":"https:\/\/tapiolary.com\/?page_id=2724","title":{"rendered":"MMM:n asetus haahkan mets\u00e4styksen rajoittamisesta"},"content":{"rendered":"<figure id=\"attachment_2726\" aria-describedby=\"caption-attachment-2726\" style=\"width: 300px\" class=\"wp-caption alignleft\"><a href=\"https:\/\/tapiolary.com\/wp-content\/uploads\/2019\/04\/57258281_1012332888937273_4658414545348329472_n.jpg\"><img loading=\"lazy\" decoding=\"async\" class=\"wp-image-2726 size-medium\" src=\"https:\/\/tapiolary.com\/wp-content\/uploads\/2019\/04\/57258281_1012332888937273_4658414545348329472_n-300x157.jpg\" alt=\"\" width=\"300\" height=\"157\" srcset=\"https:\/\/tapiolary.com\/wp-content\/uploads\/2019\/04\/57258281_1012332888937273_4658414545348329472_n-300x157.jpg 300w, https:\/\/tapiolary.com\/wp-content\/uploads\/2019\/04\/57258281_1012332888937273_4658414545348329472_n-768x401.jpg 768w, https:\/\/tapiolary.com\/wp-content\/uploads\/2019\/04\/57258281_1012332888937273_4658414545348329472_n-1024x535.jpg 1024w, https:\/\/tapiolary.com\/wp-content\/uploads\/2019\/04\/57258281_1012332888937273_4658414545348329472_n.jpg 1262w\" sizes=\"auto, (max-width: 300px) 100vw, 300px\" \/><\/a><figcaption id=\"caption-attachment-2726\" class=\"wp-caption-text\">Kuva: Juha Sj\u00f6holm<\/figcaption><\/figure>\n<h4>LAUSUNTO MAA- JA METS\u00c4TALOUSMINISTERI\u00d6N ASETUKSESTA HAAHKAN METS\u00c4STYKSEN RAJOITTAMISESTA (DNRO: 312\/13\/2019)<\/h4>\n<p>&nbsp;<\/p>\n<p>&nbsp;<\/p>\n<p>&nbsp;<\/p>\n<p>Luonnonsuojeluliitto Tapiola (j\u00e4ljemp\u00e4n\u00e4 Liitto) kiitt\u00e4\u00e4 maa- ja mets\u00e4talousministeri\u00f6t\u00e4 lausuntopyynn\u00f6st\u00e4 ja lausuu asetusluonnoksesta seuraavaa:<\/p>\n<p>&nbsp;<\/p>\n<p>Haahkan uhanalaisuus<\/p>\n<p>Haahka (<em>Somateria mollissima<\/em>) on viimeisimm\u00e4n uhanalaisuusluokituksen mukaan taantunut voimakkaasti ja on nyt punaisella listalla <strong>eritt\u00e4in uhanalainen (EN<\/strong>). Kehitys on ollut huolestuttava, sill\u00e4 haahkakanta on taantunut varsin lyhyess\u00e4 ajassa. Vuoden 2015 luokitus oli viel\u00e4 vaarantunut (VU).<a href=\"#_ftn1\" name=\"_ftnref1\">[1]<\/a> Haahkan uhanalaistumiskehitys on ollut nopeaa, sill\u00e4 se on ollut viel\u00e4 vuoden 2000 uhanalaisuusluokituksessa elinvoimainen. Liitto on varoittanut ministeri\u00f6t\u00e4 jo pitk\u00e4\u00e4n huolestuttavasta suuntauksesta sek\u00e4 haahkan, ett\u00e4 muidenkin mets\u00e4stett\u00e4vien vesilintujen osalta.<\/p>\n<p>Tulevaisuuden uhkatekij\u00f6ist\u00e4 on haahkan osalta arvioitu pyynnin olevan yksi merkitt\u00e4v\u00e4 osatekij\u00e4 (kuva1). Vaikka haahkan pyynti ei ole uhanalaistumisen syy, tai sen ainoa osatekij\u00e4, ei saalistuspaineen luominen voimakkaasti taantuneelle ja uhanalaiselle lajille ole tarkoituksenmukaista, eik\u00e4 sit\u00e4 voida niin ik\u00e4\u00e4n pit\u00e4\u00e4 <strong>mets\u00e4styslain 20 \u00a7 periaatteiden<\/strong> mukaisena.<\/p>\n<p><a href=\"https:\/\/tapiolary.com\/wp-content\/uploads\/2019\/04\/screenshot.18-04-2019-07.34.41.jpg\"><img loading=\"lazy\" decoding=\"async\" class=\"alignleft size-medium wp-image-2725\" src=\"https:\/\/tapiolary.com\/wp-content\/uploads\/2019\/04\/screenshot.18-04-2019-07.34.41-300x134.jpg\" alt=\"\" width=\"300\" height=\"134\" srcset=\"https:\/\/tapiolary.com\/wp-content\/uploads\/2019\/04\/screenshot.18-04-2019-07.34.41-300x134.jpg 300w, https:\/\/tapiolary.com\/wp-content\/uploads\/2019\/04\/screenshot.18-04-2019-07.34.41.jpg 698w\" sizes=\"auto, (max-width: 300px) 100vw, 300px\" \/><\/a><\/p>\n<p>Komissio on antanut Suomelle perustellun lausunnon ja kehottanut Suomea saattamaan mets\u00e4styslains\u00e4\u00e4d\u00e4nt\u00f6ns\u00e4 lintudirektiivin mukaiseksi. Liitto yhtyy t\u00e4ss\u00e4 komission n\u00e4kemykseen ja pit\u00e4\u00e4 haahkakoiraiden kes\u00e4aikaista mets\u00e4styst\u00e4 lintudirektiivin vastaisena. Ministeri\u00f6n esitt\u00e4m\u00e4n rajoitukset haahkan mets\u00e4stykseen ovat siten n\u00e4enn\u00e4isi\u00e4, eiv\u00e4tk\u00e4 vastaa riitt\u00e4v\u00e4ll\u00e4 ja tarkoituksenmukaisella tavalla lajin pikaiseen suojelutarpeeseen.<\/p>\n<p>Tilanteessa, jossa laji on taantunut huomattavan nopeasti elinvoimaisesta eritt\u00e4in uhanalaiseksi, on syyt\u00e4 ottaa k\u00e4ytt\u00f6\u00f6n tehokkaammat keinot. Liitto katsoo, ett\u00e4 esitetyt rajoitukset eiv\u00e4t ole riitt\u00e4vi\u00e4 lajin nykytilaan n\u00e4hden. Lis\u00e4ksi Liitto katsoo, ett\u00e4 mets\u00e4styspaineesta on nyt tarpeen luopua toistaiseksi, kunnes haahkakanta saadaan elpym\u00e4\u00e4n. Liitto muistuttaa ministeri\u00f6t\u00e4, ett\u00e4 suojelutoimiin ryhtyminen on helpompaa ja tuloksekkaampaa mit\u00e4 aikaisemmassa vaiheessa ne toteutetaan! Mets\u00e4styslain 38 \u00a7:ss\u00e4 on s\u00e4\u00e4detty maa- ja mets\u00e4talousministeri\u00f6lle toimivalta kielt\u00e4\u00e4 tai rajoittaa mets\u00e4stys tilap\u00e4isesti enint\u00e4\u00e4n kolmen vuoden m\u00e4\u00e4r\u00e4ajaksi maa- ja mets\u00e4talousministeri\u00f6n asetuksella. T\u00e4t\u00e4 kieltoa pit\u00e4isi nyt k\u00e4ytt\u00e4\u00e4 t\u00e4ysim\u00e4\u00e4r\u00e4isesti ja tarvittaessa jatkaa rauhoitusta niin pitk\u00e4\u00e4n kuin se on tarpeellista.<\/p>\n<p>&nbsp;<\/p>\n<p>Esitys:<\/p>\n<p>Liitto katsoo, ett\u00e4 haahka (<em>Somateria mollissima<\/em>) tulee mets\u00e4styslain 38 \u00a7 suoman mahdollisuuden mukaan <strong>rauhoittaa <\/strong>t\u00e4ysin m\u00e4\u00e4r\u00e4ajaksi. Tarvittaessa rauhoitusta tulee jatkaa, kunnes on varmistettu, ett\u00e4 kanta kest\u00e4\u00e4 mets\u00e4styksen.<\/p>\n<p>&nbsp;<\/p>\n<p><a href=\"#_ftnref1\" name=\"_ftn1\">[1]<\/a> https:\/\/punainenkirja.laji.fi\/results?type=status&amp;year=2015&amp;redListGroup=MVL.729&amp;taxon=MX.26419<\/p>\n","protected":false},"excerpt":{"rendered":"<p>LAUSUNTO MAA- JA METS\u00c4TALOUSMINISTERI\u00d6N ASETUKSESTA HAAHKAN METS\u00c4STYKSEN RAJOITTAMISESTA (DNRO: 312\/13\/2019) &nbsp; &nbsp; &nbsp; Luonnonsuojeluliitto Tapiola (j\u00e4ljemp\u00e4n\u00e4 Liitto) kiitt\u00e4\u00e4 maa- ja mets\u00e4talousministeri\u00f6t\u00e4 lausuntopyynn\u00f6st\u00e4 ja lausuu asetusluonnoksesta seuraavaa: &nbsp; Haahkan uhanalaisuus Haahka (Somateria mollissima) on viimeisimm\u00e4n uhanalaisuusluokituksen mukaan taantunut voimakkaasti ja on nyt punaisella listalla eritt\u00e4in uhanalainen (EN). Kehitys on ollut huolestuttava, sill\u00e4 haahkakanta on taantunut varsin [&hellip;]<\/p>\n","protected":false},"author":2,"featured_media":2726,"parent":2706,"menu_order":0,"comment_status":"closed","ping_status":"closed","template":"","meta":{"ngg_post_thumbnail":0,"footnotes":""},"class_list":["post-2724","page","type-page","status-publish","has-post-thumbnail"],"_links":{"self":[{"href":"https:\/\/tapiolary.com\/index.php?rest_route=\/wp\/v2\/pages\/2724","targetHints":{"allow":["GET"]}}],"collection":[{"href":"https:\/\/tapiolary.com\/index.php?rest_route=\/wp\/v2\/pages"}],"about":[{"href":"https:\/\/tapiolary.com\/index.php?rest_route=\/wp\/v2\/types\/page"}],"author":[{"embeddable":true,"href":"https:\/\/tapiolary.com\/index.php?rest_route=\/wp\/v2\/users\/2"}],"replies":[{"embeddable":true,"href":"https:\/\/tapiolary.com\/index.php?rest_route=%2Fwp%2Fv2%2Fcomments&post=2724"}],"version-history":[{"count":1,"href":"https:\/\/tapiolary.com\/index.php?rest_route=\/wp\/v2\/pages\/2724\/revisions"}],"predecessor-version":[{"id":2727,"href":"https:\/\/tapiolary.com\/index.php?rest_route=\/wp\/v2\/pages\/2724\/revisions\/2727"}],"up":[{"embeddable":true,"href":"https:\/\/tapiolary.com\/index.php?rest_route=\/wp\/v2\/pages\/2706"}],"wp:featuredmedia":[{"embeddable":true,"href":"https:\/\/tapiolary.com\/index.php?rest_route=\/wp\/v2\/media\/2726"}],"wp:attachment":[{"href":"https:\/\/tapiolary.com\/index.php?rest_route=%2Fwp%2Fv2%2Fmedia&parent=2724"}],"curies":[{"name":"wp","href":"https:\/\/api.w.org\/{rel}","templated":true}]}}