{"id":264,"date":"2015-01-28T22:53:25","date_gmt":"2015-01-28T22:53:25","guid":{"rendered":"http:\/\/tapiolary.com\/?page_id=264"},"modified":"2017-01-03T22:42:26","modified_gmt":"2017-01-03T22:42:26","slug":"suomen-sudenkorennot","status":"publish","type":"page","link":"https:\/\/tapiolary.com\/?page_id=264","title":{"rendered":"Suomen SUDENKORENNOT"},"content":{"rendered":"<p>Sami Karjalainen: Suomen SUDENKORENNOT. Tammi 2010, uudistettu laitos.<\/p>\n<p>Kirja esittelee kattavasti Suomen sudenkorentolajiston. Vuoden 2010 j\u00e4lkeen lajistoon on tullut lis\u00e4yksi\u00e4 samaa tahtia aktiivisten korentoharrastajien m\u00e4\u00e4r\u00e4n kasvaessa. Kirja esittelee 55 lajia ja t\u00e4ll\u00e4 hetkell\u00e4 Suomessa on tavattu 62 lajia. Kirja on silti mainio opas, sill\u00e4 uudet lajit ovat (ainakin toistaiseksi) harvinaisia.<\/p>\n<p>Kooltaan kirja soveltuu huonosti maasto-oppaaksi. Tunnettuna luontokuvaajana Karjalainen on panostanut kirjan visuaaliseen ilmeeseen ja korentokuvat ovatkin kauniita, my\u00f6s kuvauksellisesti. My\u00f6s tuntomerkit ovat selke\u00e4sti esill\u00e4 ja korentojen m\u00e4\u00e4rityst\u00e4 varten l\u00f6ytyy hyv\u00e4t kaaviot.<\/p>\n<p>Kirja valottaa my\u00f6s hieman sudenkorentojen kiehtovaa historiaa, itse asiassa ne ovat yksi maailman vanhimpiin lukeutuvia hynteisryhmi\u00e4. Ne esiintyiv\u00e4t jo ennen dinosaurusten aikaa ja osa oli kooltaan hieman toista luokkaa kuin nykyiset korentomme: siipien k\u00e4rkiv\u00e4li saattoi olla jopa yli 70 senttimetri\u00e4!<\/p>\n<p>Karjalainen kertoo my\u00f6s sudenkoretojen rakenteesta, lentotavasta, pariutumisesta ja reviirik\u00e4ytt\u00e4ytymisest\u00e4 sek\u00e4 lajien suojelusta.<\/p>\n<p>Kaikkiaan Suomen Sudenkorennot-kirja on mainio opus niin maastoon kuin kotisohvallekkin. Kirjoittaja on onnistunut valottamaan ymm\u00e4rrett\u00e4v\u00e4sti sudenkorentojen mielenkiintoista el\u00e4m\u00e4\u00e4 my\u00f6s heille joille lajisto on ennest\u00e4\u00e4n l\u00e4hes tuntematon ja tekem\u00e4\u00e4n samalla tarpeellisen oppaan jo pidemm\u00e4lle ehtineille harrastajille.<\/p>\n<p>&nbsp;<\/p>\n<p>&nbsp;<\/p>\n","protected":false},"excerpt":{"rendered":"<p>Sami Karjalainen: Suomen SUDENKORENNOT. Tammi 2010, uudistettu laitos. Kirja esittelee kattavasti Suomen sudenkorentolajiston. Vuoden 2010 j\u00e4lkeen lajistoon on tullut lis\u00e4yksi\u00e4 samaa tahtia aktiivisten korentoharrastajien m\u00e4\u00e4r\u00e4n kasvaessa. Kirja esittelee 55 lajia ja t\u00e4ll\u00e4 hetkell\u00e4 Suomessa on tavattu 62 lajia. Kirja on silti mainio opas, sill\u00e4 uudet lajit ovat (ainakin toistaiseksi) harvinaisia. Kooltaan kirja soveltuu huonosti maasto-oppaaksi. [&hellip;]<\/p>\n","protected":false},"author":2,"featured_media":0,"parent":258,"menu_order":0,"comment_status":"closed","ping_status":"closed","template":"","meta":{"ngg_post_thumbnail":0,"footnotes":""},"class_list":["post-264","page","type-page","status-publish"],"_links":{"self":[{"href":"https:\/\/tapiolary.com\/index.php?rest_route=\/wp\/v2\/pages\/264","targetHints":{"allow":["GET"]}}],"collection":[{"href":"https:\/\/tapiolary.com\/index.php?rest_route=\/wp\/v2\/pages"}],"about":[{"href":"https:\/\/tapiolary.com\/index.php?rest_route=\/wp\/v2\/types\/page"}],"author":[{"embeddable":true,"href":"https:\/\/tapiolary.com\/index.php?rest_route=\/wp\/v2\/users\/2"}],"replies":[{"embeddable":true,"href":"https:\/\/tapiolary.com\/index.php?rest_route=%2Fwp%2Fv2%2Fcomments&post=264"}],"version-history":[{"count":2,"href":"https:\/\/tapiolary.com\/index.php?rest_route=\/wp\/v2\/pages\/264\/revisions"}],"predecessor-version":[{"id":266,"href":"https:\/\/tapiolary.com\/index.php?rest_route=\/wp\/v2\/pages\/264\/revisions\/266"}],"up":[{"embeddable":true,"href":"https:\/\/tapiolary.com\/index.php?rest_route=\/wp\/v2\/pages\/258"}],"wp:attachment":[{"href":"https:\/\/tapiolary.com\/index.php?rest_route=%2Fwp%2Fv2%2Fmedia&parent=264"}],"curies":[{"name":"wp","href":"https:\/\/api.w.org\/{rel}","templated":true}]}}