{"id":2537,"date":"2018-12-02T08:45:16","date_gmt":"2018-12-02T08:45:16","guid":{"rendered":"http:\/\/tapiolary.com\/?page_id=2537"},"modified":"2018-12-02T08:45:55","modified_gmt":"2018-12-02T08:45:55","slug":"metsakanalinnut","status":"publish","type":"page","link":"https:\/\/tapiolary.com\/?page_id=2537","title":{"rendered":"Mets\u00e4kanalinnut"},"content":{"rendered":"<p>Lausunto maa- ja mets\u00e4talousministeri\u00f6n luonnoksesta asetukseksi metson, teeren, pyyn ja riekon mets\u00e4styksen kielt\u00e4misest\u00e4 mets\u00e4stysvuonna 2018-2019 (Dnro 1370\/01.03\/2018)<\/p>\n<p>20.8.2018<\/p>\n<p>Luonnonsuojeluliitto Tapiola (j\u00e4ljemp\u00e4n\u00e4 Liitto) lausuu ministeri\u00f6n asetusluonnoksesta <strong>pyyt\u00e4m\u00e4tt\u00e4 <\/strong>seuraavaa:<\/p>\n<p>&nbsp;<\/p>\n<ol>\n<li>Yleist\u00e4 s.2<\/li>\n<li>Metso s.2<\/li>\n<li>Teeri s.7<\/li>\n<li>Riekko s.9<\/li>\n<li>Pyy s.11<\/li>\n<li>Esitykset s.11<\/li>\n<\/ol>\n<p>&nbsp;<\/p>\n<ol>\n<li>Yleist\u00e4:<\/li>\n<\/ol>\n<p>Liitto kiinnitti asetusluonnoksessa ja -muistiossa huomiota lukuisiin ristiriitoihin, ep\u00e4selviin viitteisiin ja suoranaisiin virheisiin, mink\u00e4 johdosta muistion ja luonnoksen paikkansapit\u00e4vyytt\u00e4 suhteessa toisiinsa tarkistettiin ministeri\u00f6st\u00e4 joiltain osin. Ministeri\u00f6st\u00e4 saadun vastauksen perusteella osiossa \u201driekko\u201d lausutaan siit\u00e4, mit\u00e4 asetusluonnoksessa sanotaan, sill\u00e4 muistion teksti suhteessa luonnokseen on virheellinen.<\/p>\n<p>Liitto moittii ministeri\u00f6t\u00e4 ilmiselv\u00e4sti kiireess\u00e4 laaditun asetuksen ja muistion antamisesta lausunnolle. Tilanne ei ole maa- ja mets\u00e4talousministeri\u00f6n kyseess\u00e4 ollen uniikki, vaan ministeri\u00f6n antamat luonnokset ovat huomattavan usein puutteellisia tai sis\u00e4lt\u00e4v\u00e4t virheit\u00e4. Ministeri\u00f6n tulisi kiinnitt\u00e4\u00e4 erityisesti huomiota siihen, ett\u00e4 asetuksia valmistelevilla virkamiehill\u00e4 olisi <strong>riitt\u00e4v\u00e4 ajallinen resurssi <\/strong>k\u00e4ytett\u00e4viss\u00e4\u00e4n. Ei ole kenenk\u00e4\u00e4n etu, mik\u00e4li n\u00e4it\u00e4 tehd\u00e4\u00e4n huolimattomasti. Ministeri\u00f6ss\u00e4 tekem\u00e4tt\u00e4 j\u00e4\u00e4nyt ty\u00f6 kertaantuu luontoj\u00e4rjest\u00f6ille ylim\u00e4\u00e4r\u00e4isen\u00e4 selvitysty\u00f6n\u00e4.<\/p>\n<p>Lis\u00e4ksi Liitto moittii ministeri\u00f6t\u00e4 liian lyhyest\u00e4 lausuntoajasta. Lausuntopyynt\u00f6, muistio ja luonnos muine asiakirjoineen on annettu n\u00e4ht\u00e4v\u00e4ksi ministeri\u00f6n sivuille 15.8.2018 ja lausunto tulee antaa 23.8.2018 menness\u00e4. Lausuntoaikaa j\u00e4\u00e4 viikonloppu mukaan lukien yhdeks\u00e4n (9) p\u00e4iv\u00e4\u00e4, mik\u00e4 on huomattavan v\u00e4h\u00e4n, ottaen huomioon my\u00f6s asiakirjojen puutteellinen ja virheellinen esitystapa, joiden selvittely vie aikaa.<\/p>\n<p>&nbsp;<\/p>\n<ol start=\"2\">\n<li>Metso:<\/li>\n<\/ol>\n<p>Asetusluonnoksen 1\u00a7 4 momentin mukaan metson talvimets\u00e4stys on kielletty. Kielto on tarpeellinen sek\u00e4 perusteltu ja Liitto yhtyy t\u00e4ss\u00e4 ministeri\u00f6n n\u00e4kemykseen.<\/p>\n<p>Mets\u00e4styslain 20\u00a7 mukaan: \u201d Mets\u00e4styst\u00e4 on harjoitettava kest\u00e4v\u00e4n k\u00e4yt\u00f6n periaatteiden mukaisesti ja siten, ett\u00e4 riistael\u00e4inkannat eiv\u00e4t vaarannu, luontoa ei tarpeettomasti vahingoiteta, riistakantaa ei vaaranneta eik\u00e4 el\u00e4imille tuoteta tarpeetonta k\u00e4rsimyst\u00e4.\u201d<\/p>\n<p>Metson mets\u00e4stysaikaa on tarpeetonta jatkaa useilla alueilla. Metso on paikkalintu, joten sen levitt\u00e4ytyminen uusille alueille on suhteellisen hidasta. Alueellisesti heikoille metsokannoille tulisi antaa aikaa toipua, jotta ne saisivat my\u00f6s t\u00e4ydennyst\u00e4 muiden alueiden reservist\u00e4. Mik\u00e4li poikuetuotto ammutaan pois, ei t\u00e4llaista t\u00e4ydennyst\u00e4 p\u00e4\u00e4se syntym\u00e4\u00e4n.<\/p>\n<p><a href=\"https:\/\/tapiolary.com\/wp-content\/uploads\/2018\/12\/screenshot.02-12-2018-10.31.58.jpg\"><img loading=\"lazy\" decoding=\"async\" class=\"alignleft size-medium wp-image-2538\" src=\"https:\/\/tapiolary.com\/wp-content\/uploads\/2018\/12\/screenshot.02-12-2018-10.31.58-300x148.jpg\" alt=\"\" width=\"300\" height=\"148\" srcset=\"https:\/\/tapiolary.com\/wp-content\/uploads\/2018\/12\/screenshot.02-12-2018-10.31.58-300x148.jpg 300w, https:\/\/tapiolary.com\/wp-content\/uploads\/2018\/12\/screenshot.02-12-2018-10.31.58-768x380.jpg 768w, https:\/\/tapiolary.com\/wp-content\/uploads\/2018\/12\/screenshot.02-12-2018-10.31.58.jpg 773w\" sizes=\"auto, (max-width: 300px) 100vw, 300px\" \/><\/a><\/p>\n<p>&nbsp;<\/p>\n<p>Kuten taulukoista 1 ja 2 voidaan havaita, on metson tiheys jopa alentunut maakunnan alueella viimevuotisesta. Trendi on laskeva, mik\u00e4 ilmenee vuoden 2017 taulukosta. Tosiasiallista elpymist\u00e4 metson kanta-arviossa ei ole tapahtunut, kuin paikallisesti Sotkamon osalta ilmoitettuna.<\/p>\n<p>&nbsp;<\/p>\n<p>&nbsp;<\/p>\n<p><em>Taulukko 1: Riistakolmiolaskennat 2017<a href=\"#_ftn1\" name=\"_ftnref1\"><strong>[1]<\/strong><\/a><\/em><\/p>\n<p><a href=\"https:\/\/tapiolary.com\/wp-content\/uploads\/2018\/12\/screenshot.02-12-2018-10.32.51.jpg\"><img loading=\"lazy\" decoding=\"async\" class=\"alignleft size-medium wp-image-2539\" src=\"https:\/\/tapiolary.com\/wp-content\/uploads\/2018\/12\/screenshot.02-12-2018-10.32.51-300x142.jpg\" alt=\"\" width=\"300\" height=\"142\" srcset=\"https:\/\/tapiolary.com\/wp-content\/uploads\/2018\/12\/screenshot.02-12-2018-10.32.51-300x142.jpg 300w, https:\/\/tapiolary.com\/wp-content\/uploads\/2018\/12\/screenshot.02-12-2018-10.32.51-768x363.jpg 768w, https:\/\/tapiolary.com\/wp-content\/uploads\/2018\/12\/screenshot.02-12-2018-10.32.51.jpg 773w\" sizes=\"auto, (max-width: 300px) 100vw, 300px\" \/><\/a><\/p>\n<p>&nbsp;<\/p>\n<p>&nbsp;<\/p>\n<p>&nbsp;<\/p>\n<p>&nbsp;<\/p>\n<p>&nbsp;<\/p>\n<p>&nbsp;<\/p>\n<p><em>Taulukko 2: Riistakolmiolaskennat 2018<a href=\"#_ftn2\" name=\"_ftnref2\"><strong>[2]<\/strong><\/a><\/em><\/p>\n<p>&nbsp;<\/p>\n<p><a href=\"https:\/\/tapiolary.com\/wp-content\/uploads\/2018\/12\/screenshot.02-12-2018-10.34.03.jpg\"><img loading=\"lazy\" decoding=\"async\" class=\"alignleft size-medium wp-image-2540\" src=\"https:\/\/tapiolary.com\/wp-content\/uploads\/2018\/12\/screenshot.02-12-2018-10.34.03-300x250.jpg\" alt=\"\" width=\"300\" height=\"250\" srcset=\"https:\/\/tapiolary.com\/wp-content\/uploads\/2018\/12\/screenshot.02-12-2018-10.34.03-300x250.jpg 300w, https:\/\/tapiolary.com\/wp-content\/uploads\/2018\/12\/screenshot.02-12-2018-10.34.03.jpg 711w\" sizes=\"auto, (max-width: 300px) 100vw, 300px\" \/><\/a><\/p>\n<p>&nbsp;<\/p>\n<p>&nbsp;<\/p>\n<p>On my\u00f6s muistettava, ett\u00e4 viime vuosien aikana s\u00e4\u00e4ilmi\u00f6t ovat voimakkaasti vaihdelleet tuoden jo omat haasteensa poikueiden selviytymiselle. Viime kes\u00e4 oli poikkeuksellisen kuiva ja kuuma ja sit\u00e4 edelsiv\u00e4t poikkeuksellisen sateiset kes\u00e4t, jolloin poikaskuolleisuus kasvoi suureksi mm. ravinnon puutteen ja kylmyyden vuoksi. Ei siis ole perusteltua pident\u00e4\u00e4 viime vuotiseen asetukseen n\u00e4hden metson mets\u00e4stysaikaa joillain alueilla jopa joulukuulle saakka.<\/p>\n<p>&nbsp;<\/p>\n<p>&nbsp;<\/p>\n<p>&nbsp;<\/p>\n<p>&nbsp;<\/p>\n<p>Taulukko 3: Riistakolmiolaskennat Pohjois-Savo 2017<a href=\"#_ftn3\" name=\"_ftnref3\">[3]<\/a><\/p>\n<p>&nbsp;<\/p>\n<p><a href=\"https:\/\/tapiolary.com\/wp-content\/uploads\/2018\/12\/screenshot.02-12-2018-10.34.57.jpg\"><img loading=\"lazy\" decoding=\"async\" class=\"alignleft wp-image-2541 size-medium\" src=\"https:\/\/tapiolary.com\/wp-content\/uploads\/2018\/12\/screenshot.02-12-2018-10.34.57-300x293.jpg\" alt=\"\" width=\"300\" height=\"293\" srcset=\"https:\/\/tapiolary.com\/wp-content\/uploads\/2018\/12\/screenshot.02-12-2018-10.34.57-300x293.jpg 300w, https:\/\/tapiolary.com\/wp-content\/uploads\/2018\/12\/screenshot.02-12-2018-10.34.57.jpg 652w\" sizes=\"auto, (max-width: 300px) 100vw, 300px\" \/><\/a><\/p>\n<p>Sama tilanne n\u00e4ytt\u00e4isi olevan Pohjois-Savossa, kokonaistiheydess\u00e4 ei ole merkitt\u00e4v\u00e4\u00e4 nousua, mik\u00e4 k\u00e4y ilmi taulukoista 3 ja 4.<\/p>\n<p>&nbsp;<\/p>\n<p>&nbsp;<\/p>\n<p>&nbsp;<\/p>\n<p>&nbsp;<\/p>\n<p>&nbsp;<\/p>\n<p>&nbsp;<\/p>\n<p>&nbsp;<\/p>\n<p>&nbsp;<\/p>\n<p>&nbsp;<\/p>\n<p><em>Taulukko 4: Riistakolmiolaskennat Pohjois-Savo 2018.<a href=\"#_ftn4\" name=\"_ftnref4\"><strong>[4]<\/strong><\/a><\/em><\/p>\n<p>Vierem\u00e4n ja Kiuruveden rhy:n alueilla tiheydet ovat jopa laskeneet, eik\u00e4 Iisalmenkaan alueella ole tapahtunut kuin 0,1 prosenttiyksik\u00f6n nousu tiheyksiss\u00e4.<\/p>\n<p>Lis\u00e4ksi asetustekstiss\u00e4 on kieliopillinen virhe, joka saattaa muuttaa asetuksen merkityst\u00e4 kokonaan. Kyseinen 3. momentti kuuluu seuraavasti: \u201d<em>Sen lis\u00e4ksi, mit\u00e4 1 ja 2 momentissa s\u00e4\u00e4det\u00e4\u00e4n, metson mets\u00e4stys on kielletty marraskuun 11 p\u00e4iv\u00e4st\u00e4 joulukuun 10 p\u00e4iv\u00e4\u00e4n Etel\u00e4-Karjalan, Etel\u00e4-Savon, Kanta-H\u00e4meen, Keski-Pohjanmaan, Keski-Suomen, Kymenlaakson, Pirkanmaan, Pohjois-Karjalan, Pohjois-Pohjanmaan, P\u00e4ij\u00e4t-H\u00e4meen ja Satakunnan maakunnissa, <strong>Etel\u00e4-Pohjanmaan maakuntaan kuuluvissa Alaj\u00e4rven, Alavuden, Isojoen, Karijoen, Kauhajoen, Soinin ja \u00c4ht\u00e4rin kuntia<\/strong>, Kainuun maakunnassa lukuun ottamatta Kajaanin, Kuhmon ja Sotkamon kuntia, Lapin maakuntaan kuuluvissa Enonteki\u00f6n, Inarin, Kemij\u00e4rven, Posion, Ranuan, Sallan ja Utsjoen kunnissa sek\u00e4 Pohjois-Savon maakunnassa lukuun ottamatta Iisalmen, Keiteleen, Kiuruveden, Pielaveden, Sonkaj\u00e4rven ja Vierem\u00e4n kuntia<\/em>.\u201d<\/p>\n<p>Onko kyseisen momentin sanamuodon tarkoitus olla: \u201d<em>Etel\u00e4-Pohjanmaan maakuntaan kuuluvissa Alaj\u00e4rven, Alavuden, Isojoen, Karijoen, Kauhajoen, Soinin ja \u00c4ht\u00e4rin kun<strong>nissa<\/strong><\/em><strong>\u201d <\/strong>vai \u201d<strong><em>lukuun ottamatta<\/em><\/strong><em> NN, NN, NN kunti<strong>a<\/strong><\/em>\u201d?<\/p>\n<p><a href=\"https:\/\/tapiolary.com\/wp-content\/uploads\/2018\/12\/screenshot.02-12-2018-10.36.17.jpg\"><img loading=\"lazy\" decoding=\"async\" class=\"alignleft size-medium wp-image-2542\" src=\"https:\/\/tapiolary.com\/wp-content\/uploads\/2018\/12\/screenshot.02-12-2018-10.36.17-300x99.jpg\" alt=\"\" width=\"300\" height=\"99\" srcset=\"https:\/\/tapiolary.com\/wp-content\/uploads\/2018\/12\/screenshot.02-12-2018-10.36.17-300x99.jpg 300w, https:\/\/tapiolary.com\/wp-content\/uploads\/2018\/12\/screenshot.02-12-2018-10.36.17.jpg 649w\" sizes=\"auto, (max-width: 300px) 100vw, 300px\" \/><\/a><\/p>\n<p>&nbsp;<\/p>\n<p>&nbsp;<\/p>\n<p>&nbsp;<\/p>\n<p>&nbsp;<\/p>\n<p><em>Taulukko 5: Riistasaalistilasto, metso.<a href=\"#_ftn5\" name=\"_ftnref5\"><strong>[5]<\/strong><\/a><\/em><\/p>\n<p>Kuten taulukosta 5 n\u00e4hd\u00e4\u00e4n, on metson saalism\u00e4\u00e4riss\u00e4 tapahtunut merkitt\u00e4v\u00e4\u00e4 painumaa, miss\u00e4 tietenkin rauhoituksilla on ollut osuutta. Tilastosta on kuitenkin n\u00e4ht\u00e4vill\u00e4 tietty aaltoliike, jolloin rauhoitukset ja mets\u00e4styspaine ovat seuranneet toisiaan. T\u00e4llainen heiluriliike ei voi olla tavoiteltava, etenkin kun n\u00e4ytt\u00e4\u00e4 silt\u00e4, ett\u00e4 rauhoitusten purkamisella on jatkuva kiire. Kanalintukantojen tulisi antaa toipua rauhassa ennen rajoituksista ja rauhoituksista luopumista.<\/p>\n<p>Liitto muistuttaa ministeri\u00f6t\u00e4 my\u00f6s siit\u00e4, ett\u00e4 nykyiset biotaloushankkeiden viitekehyksess\u00e4 tehdyt avohakkuut, ojitukset ja turvetuotanto kaventavat jatkuvasti mets\u00e4kanalintujen elinalueita, kuten soveliaita soidinalueita ja metson kyseess\u00e4 ollen, hakomism\u00e4ntyj\u00e4.<\/p>\n<p>&nbsp;<\/p>\n<ol start=\"3\">\n<li>Teeri<\/li>\n<\/ol>\n<p>Asetustekstiss\u00e4 viitataan teeren osalta mets\u00e4stysasetuksen 24\u00a7 21 ja 22 kohtaan: \u201d<em>Sen lis\u00e4ksi, mit\u00e4 mets\u00e4stysasetuksen 24 \u00a7:n 21 ja 22 kohdassa s\u00e4\u00e4det\u00e4\u00e4n, teeren mets\u00e4stys on kielletty..<\/em>.\u201d Kyseisen asetuksen 22 kohdassa s\u00e4\u00e4det\u00e4\u00e4n seuraavaa: \u201d<strong><em>pyy<\/em><\/strong><em> joulukuun 11 p\u00e4iv\u00e4st\u00e4 syyskuun 9 p\u00e4iv\u00e4\u00e4n, <strong>naarasmetso<\/strong> Uudenmaan ja Varsinais-Suomen maakunnissa lokakuun 1 p\u00e4iv\u00e4st\u00e4 syyskuun 9 p\u00e4iv\u00e4\u00e4n ja muualla maassa joulukuun 11 p\u00e4iv\u00e4st\u00e4 syyskuun 9 p\u00e4iv\u00e4\u00e4n ja <strong>urosmetso<\/strong> Etel\u00e4-Pohjanmaan, Kainuun, Keski-Pohjanmaan, Keski-Suomen, Pohjanmaan, Pohjois-Karjalan, Pohjois-Pohjanmaan, Pohjois-Savon ja Lapin maakunnissa joulukuun 11 p\u00e4iv\u00e4st\u00e4 tammikuun 9 p\u00e4iv\u00e4\u00e4n ja helmikuun 1 p\u00e4iv\u00e4st\u00e4 syyskuun 9 p\u00e4iv\u00e4\u00e4n ja Uudenmaan ja Varsinais-Suomen maakunnissa lokakuun 1 p\u00e4iv\u00e4st\u00e4 syyskuun 9 p\u00e4iv\u00e4\u00e4n sek\u00e4 muualla maassa joulukuun 11 p\u00e4iv\u00e4st\u00e4 syyskuun 9 p\u00e4iv\u00e4\u00e4n;<\/em>\u201d<\/p>\n<p>Voimassa oleva mets\u00e4stysasetus<a href=\"#_ftn6\" name=\"_ftnref6\">[6]<\/a> 12.7.1993\/666, mainitsee 24\u00a7 22 kohdassa pyyn ja molemmat metson sukupuolet, mutta ei teert\u00e4. Mihin asetuksen kohtiin ministeri\u00f6 viittaa siis tarkalleen ottaen? Teeri mainitaan kyseisen asetuksen 24\u00a7 kohdassa 21, sek\u00e4 asetuksessa muualla 16a\u00a7 2 momentin 1 kohdassa (Luotiasetta koskevat yleiset vaatimukset) ja 31\u00a7 (Riistael\u00e4inten kauppa) yhteydess\u00e4.<\/p>\n<p>T\u00e4ss\u00e4 kohtaa Liitto huomauttaa, ett\u00e4 <strong>lakitekstin tulee olla sanamuodoltaan erityisen tarkkaa<\/strong>, jotta sen tulkinnassa ei syntyisi ep\u00e4selvyyksi\u00e4. <strong>S\u00e4\u00e4d\u00f6ksen numero<\/strong> olisi my\u00f6s syyt\u00e4 vastaisuudessa liitt\u00e4\u00e4 lausuttavana olevaan tekstiin mukaan. Ministeri\u00f6n tulee vastedes kiinnitt\u00e4\u00e4 erityist\u00e4 huomiota ja huolellisuutta lakitekstien oikeellisuuteen. Se on my\u00f6s kansalaisten oikeusturvan mukaista.<\/p>\n<p>Kuten edell\u00e4 kohdassa \u201dmetso\u201d, Liitto pit\u00e4\u00e4 hyv\u00e4n\u00e4 sit\u00e4, ettei tammikuiseen latvalinnustukseen ryhdyt\u00e4.<\/p>\n<p>Valtakunnallisesti vuoteen 2017 n\u00e4hden teeren tiheys riistakolmiolaskennoissa neli\u00f6kilometri\u00e4 kohden noussut 4,6 yksil\u00f6st\u00e4 vain 6,3 yksil\u00f6\u00f6n\/ neli\u00f6km. Kuten my\u00f6s metson kohdalla, teeren tiheyksiss\u00e4 on n\u00e4ht\u00e4vill\u00e4 suuria alueellisia eroja, joiden tasoittumista edesauttaisi reservin siirtyminen uusille alueille. Kuten muutkin mets\u00e4kanalinnut, teeri on paikkalintu, joten se ei siirry pitki\u00e4 matkoja. Mik\u00e4li kannat alueilla taantuvat tasaisesti, on niiden elpyminen jatkossa aina vaikeampaa. Liitto huomauttaa my\u00f6s, ett\u00e4 l\u00e4hihistorian huippuvuotena 2011 teeritiheys<a href=\"#_ftn7\" name=\"_ftnref7\">[7]<\/a> valtakunnallisesti oli vain 10,4 yksil\u00f6\u00e4 neli\u00f6kilometrill\u00e4, mutta sit\u00e4 mets\u00e4stettiin riistasaalistilaston mukaan yli 240&nbsp;000 yksil\u00f6\u00e4, kuten taulukosta 6 n\u00e4hd\u00e4\u00e4n. Viime vuosina suunta on ollut laskeva, mihin tietenkin rajoitukset ja rauhoitukset ovat osaltaan vaikuttaneet.<\/p>\n<p><a href=\"https:\/\/tapiolary.com\/wp-content\/uploads\/2018\/12\/screenshot.02-12-2018-10.37.11.jpg\"><img loading=\"lazy\" decoding=\"async\" class=\"alignleft size-medium wp-image-2543\" src=\"https:\/\/tapiolary.com\/wp-content\/uploads\/2018\/12\/screenshot.02-12-2018-10.37.11-300x56.jpg\" alt=\"\" width=\"300\" height=\"56\" srcset=\"https:\/\/tapiolary.com\/wp-content\/uploads\/2018\/12\/screenshot.02-12-2018-10.37.11-300x56.jpg 300w, https:\/\/tapiolary.com\/wp-content\/uploads\/2018\/12\/screenshot.02-12-2018-10.37.11-768x144.jpg 768w, https:\/\/tapiolary.com\/wp-content\/uploads\/2018\/12\/screenshot.02-12-2018-10.37.11.jpg 782w\" sizes=\"auto, (max-width: 300px) 100vw, 300px\" \/><\/a><\/p>\n<p>&nbsp;<\/p>\n<p>&nbsp;<\/p>\n<p>&nbsp;<\/p>\n<p><em>Taulukko 6: Riistasaalis, teeri. L\u00e4hde, Luonnonvarakeskus<a href=\"#_ftn8\" name=\"_ftnref8\"><strong>[8]<\/strong><\/a>.<\/em><\/p>\n<p>Liitto painottaisikin nyt malttia my\u00f6s teeren osalta tapahtuvaan mets\u00e4stykseen. Mit\u00e4 lausuttiin luonnonolosuhteiden ja mets\u00e4talouden ja turvetuotannon osalta metson suhteen, on otettava huomioon my\u00f6s teeren osalta.<\/p>\n<p>&nbsp;<\/p>\n<ol start=\"4\">\n<li>Riekko<\/li>\n<\/ol>\n<p>Asetusluonnoksessa ja muistiossa on vakava ristiriita ja muistio tulee ehdottomasti korjata virheellisen tekstin osalta, kuten kohdassa 1 jo esitettiin. Liiton sihteeri on tarkistanut ministeri\u00f6st\u00e4 tekstin paikkansapit\u00e4vyytt\u00e4 ja saadun vastauksen perusteella asetusteksti on oikeellinen. Muistion teksti alkaa: \u201d<em>Pyk\u00e4l\u00e4ss\u00e4 kiellett\u00e4isiin riekon mets\u00e4stys <strong>kokonaan muualla kuin<\/strong> Etel\u00e4-Pohjanmaan, Kainuun, Keski-Pohjanmaan\u2026\u201d <\/em>ja asetusluonnoksen: \u201d<em>Sen lis\u00e4ksi, mit\u00e4 mets\u00e4stysasetuksen 24 \u00a7:n 19 kohdassa s\u00e4\u00e4det\u00e4\u00e4n, <strong>riekon mets\u00e4stys on kielletty kokonaan Etel\u00e4-Pohjanmaan, Kainuun, Keski-Pohjanmaan<\/strong>\u2026<\/em>\u201d Lis\u00e4ksi muistion toisessa kappaleessa koskien riekon mets\u00e4styst\u00e4, puhutaan <strong>pyyn<\/strong> mets\u00e4styksest\u00e4.<\/p>\n<p>Liitto pit\u00e4\u00e4 rajoitusta hyv\u00e4n\u00e4, sill\u00e4 riekon kannat ovat elpym\u00e4ss\u00e4 varsin hitaasti. Mets\u00e4styksen sallimisen Kuusamon alueella Liitto n\u00e4kee toistaiseksi tarpeettomana, etenkin kun yhdeks\u00e4n riistanhoitoyhdistyksen alueella laskennassa on saatu nollatulos 2018. Eniten riekko hy\u00f6tyisi sille suotuisien elinalueiden ennallistamisesta. Riekko tulisi ehdottomasti ottaa huomioon my\u00f6s mets\u00e4talouden ja turvetuotannon suunnittelussa.<\/p>\n<p><a href=\"https:\/\/tapiolary.com\/wp-content\/uploads\/2018\/12\/screenshot.02-12-2018-10.37.52.jpg\"><img loading=\"lazy\" decoding=\"async\" class=\"alignleft size-medium wp-image-2544\" src=\"https:\/\/tapiolary.com\/wp-content\/uploads\/2018\/12\/screenshot.02-12-2018-10.37.52-300x140.jpg\" alt=\"\" width=\"300\" height=\"140\" srcset=\"https:\/\/tapiolary.com\/wp-content\/uploads\/2018\/12\/screenshot.02-12-2018-10.37.52-300x140.jpg 300w, https:\/\/tapiolary.com\/wp-content\/uploads\/2018\/12\/screenshot.02-12-2018-10.37.52-768x357.jpg 768w, https:\/\/tapiolary.com\/wp-content\/uploads\/2018\/12\/screenshot.02-12-2018-10.37.52.jpg 787w\" sizes=\"auto, (max-width: 300px) 100vw, 300px\" \/><\/a><\/p>\n<p>&nbsp;<\/p>\n<p>&nbsp;<\/p>\n<p>&nbsp;<\/p>\n<p>&nbsp;<\/p>\n<p>&nbsp;<\/p>\n<p>&nbsp;<\/p>\n<p><em>Taulukko 7: Riistakolmiolaskennat 2017, riekko<\/em>.<a href=\"#_ftn9\" name=\"_ftnref9\">[9]<\/a><\/p>\n<p>Kuten taulukoista 7 ja 8 n\u00e4hd\u00e4\u00e4n, ei riekon tiheyksiss\u00e4 riistakolmiolaskentojen yhteydess\u00e4 2017 ja 2018 ole tapahtunut niin merkitt\u00e4v\u00e4\u00e4 muutosta, ett\u00e4 mets\u00e4stykseen olisi edellytyst\u00e4 ryhty\u00e4 asetusluonnoksessa esitetyn mukaisesti. Kokonaistiheys on Lapissa ollut vuonna 2017 vain 0,7 ja t\u00e4n\u00e4 vuonna (2018) vain 1,7 ja Pellon sek\u00e4 Ylitornion ryh:n alueilla on p\u00e4\u00e4sty jopa nollatulokseen.<\/p>\n<p>Tilanne ei ole riekon osalta niin hyv\u00e4, ett\u00e4 rajoituksista voitaisiin viel\u00e4 luopua. Itse asiassa my\u00f6s Enonteki\u00f6n rhy:n alueella on tultu alasp\u00e4in tiheyksiss\u00e4. Utsjoen laskentatulokset puuttuvat kokonaan vuodesta 2014 alkaen. Viimeinen vuosi, jolloin riistakolmiolaskentojen tietokantaan p\u00e4ivittyv\u00e4t <strong>Utsjoen tilastot, on 2013<\/strong>. Mik\u00e4li kyseess\u00e4 on virhe, asia tulisi korjata. Ministeri\u00f6n on siin\u00e4 tapauksessa syyt\u00e4 ohjeistaa Suomen riistakeskusta aineiston p\u00e4ivityksess\u00e4.<\/p>\n<p><a href=\"https:\/\/tapiolary.com\/wp-content\/uploads\/2018\/12\/screenshot.02-12-2018-10.38.40.jpg\"><img loading=\"lazy\" decoding=\"async\" class=\"alignleft size-medium wp-image-2545\" src=\"https:\/\/tapiolary.com\/wp-content\/uploads\/2018\/12\/screenshot.02-12-2018-10.38.40-300x138.jpg\" alt=\"\" width=\"300\" height=\"138\" srcset=\"https:\/\/tapiolary.com\/wp-content\/uploads\/2018\/12\/screenshot.02-12-2018-10.38.40-300x138.jpg 300w, https:\/\/tapiolary.com\/wp-content\/uploads\/2018\/12\/screenshot.02-12-2018-10.38.40-768x354.jpg 768w, https:\/\/tapiolary.com\/wp-content\/uploads\/2018\/12\/screenshot.02-12-2018-10.38.40.jpg 784w\" sizes=\"auto, (max-width: 300px) 100vw, 300px\" \/><\/a><\/p>\n<p>&nbsp;<\/p>\n<p>&nbsp;<\/p>\n<p>&nbsp;<\/p>\n<p>&nbsp;<\/p>\n<p>&nbsp;<\/p>\n<p>&nbsp;<\/p>\n<p><em>Taulukko 8. Riistakolmiolaskennat 2018, riekko<\/em>. <a href=\"#_ftn10\" name=\"_ftnref10\">[10]<\/a><\/p>\n<p>&nbsp;<\/p>\n<ol start=\"5\">\n<li>Pyy<\/li>\n<\/ol>\n<p>Muistion ja asetusluonnoksen kohta \u201dpyy\u201d on ilmeisesti ainoa, jossa sek\u00e4 asetusteksti, ett\u00e4 muistio vastaavat toisiaan, eik\u00e4 muutakaan huomauttamista itse teknisest\u00e4 toteutuksesta l\u00f6ydy.<\/p>\n<p>Vaikka pyyn tiheyksiss\u00e4 on tapahtunut selv\u00e4\u00e4 paranemista useilla alueilla, ovat tiheydet toisaalla my\u00f6s laskeneet, tai nousu on ollut hyvin marginaalista, mik\u00e4 tulisi ehdottomasti ottaa huomioon asetusluonnoksessa.<\/p>\n<p>Asetusluonnoksen 3\u00a7 1 momentin kunnista alle 3 pyyn tiheyksiin neli\u00f6kilometrill\u00e4 j\u00e4\u00e4d\u00e4\u00e4n Hailuodon, Kuusamon, Kiimingin ja Utaj\u00e4rven alueilla. Kantojen tulisi antaa viel\u00e4 vahvistua rauhassa.<\/p>\n<p>&nbsp;<\/p>\n<ol start=\"6\">\n<li>Esitykset<\/li>\n<\/ol>\n<p>Riistakolmiot.fi sivustolla todetaan seuraavaa: \u201d<em>Nyt todetut keskitiheydet olivat kaikilla lajeilla hieman korkeammat kuin viiten\u00e4 edellisen\u00e4 vuotena keskim\u00e4\u00e4rin, mutta kuitenkin tavanomaiset tai alhaisemmat jos vertailukohdaksi otetaan koko riistakolmioiden 30-vuotinen jakso.<\/em>\u201d Ollaan siis viel\u00e4 varsin kaukana tavoitetilanteesta.<\/p>\n<p>&nbsp;<\/p>\n<p><strong>Edell\u00e4 olevan johdosta LSL Tapiola esitt\u00e4\u00e4 maa- ja mets\u00e4talousministeri\u00f6lle seuraavaa: <\/strong><\/p>\n<p>&nbsp;<\/p>\n<p>Liian kiireellisiin rauhoitusten ja rajoitusten purkuun ei pid\u00e4 ryhty\u00e4, vaan tulee edet\u00e4 varovaisuusperiaatteen mukaisesti. Nyt esitetyt muutokset verraten viimevuotiseen asetukseen, ovat liian suuria.<\/p>\n<p>Mets\u00e4kanalinnut tulee huomioida paremmin mm. kaavoituksen ja muun hankesuunnittelun yhteydess\u00e4, jotta niiden soidin- ja pesimisalueet eiv\u00e4t k\u00e4visi kelvottomiksi. Etenkin mets\u00e4talous ja turvetuotanto pilaavat ja pirstaloivat kanalintujen elinymp\u00e4rist\u00f6j\u00e4. Yhdess\u00e4 mets\u00e4styspaineen kanssa kanalintujen kannat eiv\u00e4t p\u00e4\u00e4se odotetusti toipumaan. El\u00e4imet eiv\u00e4t ole erillisi\u00e4 elinymp\u00e4rist\u00f6ist\u00e4\u00e4n.<\/p>\n<p>Mets\u00e4kanalinnuille tulee kunnostaa ja ennallistaa niille soveliaita elinymp\u00e4rist\u00f6j\u00e4, jotta kannat vahvistuisivat.<\/p>\n<p>Lausuttaviksi annettavat asetusluonnokset muistioineen tulee valmistella huolellisesti ja n\u00e4ihin tulee varata riitt\u00e4v\u00e4 aikaresurssi, my\u00f6s lausunnon antajalle. Niin kiire ei saa olla -edes mets\u00e4styksell\u00e4, etteik\u00f6 vapaaehtoisj\u00e4rjest\u00f6jen tekem\u00e4\u00e4 arvokasta ty\u00f6t\u00e4 voisi kunnioittaa viimeistellyill\u00e4 esityksill\u00e4. Toki inhimillisi\u00e4 erehdyksi\u00e4 tapahtuu, mutta niiden toistuminen ja n\u00e4in laajamittainen esiintyminen ei ole suotavaa.<\/p>\n<p><a href=\"#_ftnref1\" name=\"_ftn1\">[1]<\/a> L\u00e4hde: https:\/\/www.riistakolmiot.fi\/raportit\/kesalaskenta-2018\/<\/p>\n<p><a href=\"#_ftnref2\" name=\"_ftn2\">[2]<\/a> L\u00e4hde: https:\/\/www.riistakolmiot.fi\/raportit\/kesalaskenta-2018\/<\/p>\n<p><a href=\"#_ftnref3\" name=\"_ftn3\">[3]<\/a> L\u00e4hde: https:\/\/www.riistakolmiot.fi\/raportit\/kesalaskenta-2018\/<\/p>\n<p><a href=\"#_ftnref4\" name=\"_ftn4\">[4]<\/a> L\u00e4hde: https:\/\/www.riistakolmiot.fi\/raportit\/kesalaskenta-2018\/<\/p>\n<p><a href=\"#_ftnref5\" name=\"_ftn5\">[5]<\/a> http:\/\/statdb.luke.fi\/PXWeb\/pxweb\/fi\/LUKE\/LUKE__06%20Kala%20ja%20riista__02%20Rakenne%20ja%20tuotanto__16%20Metsastys\/5_Mets_saalis.px\/table\/tableViewLayout1\/?rxid=61ae8652-2a26-41c0-ab11-996566cbdb43<\/p>\n<p><a href=\"#_ftnref6\" name=\"_ftn6\">[6]<\/a> https:\/\/www.finlex.fi\/fi\/laki\/ajantasa\/1993\/19930666#P25<\/p>\n<p><a href=\"#_ftnref7\" name=\"_ftn7\">[7]<\/a> https:\/\/www.riistakolmiot.fi\/raportit\/kesalaskenta-2018\/<\/p>\n<p><a href=\"#_ftnref8\" name=\"_ftn8\">[8]<\/a> http:\/\/statdb.luke.fi\/PXWeb\/pxweb\/fi\/LUKE\/LUKE__06%20Kala%20ja%20riista__02%20Rakenne%20ja%20tuotanto__16%20Metsastys\/5_Mets_saalis.px\/table\/tableViewLayout1\/?rxid=61ae8652-2a26-41c0-ab11-996566cbdb43<\/p>\n<p><a href=\"#_ftnref9\" name=\"_ftn9\">[9]<\/a> https:\/\/www.riistakolmiot.fi\/raportit\/kesalaskenta-2018\/<\/p>\n<p><a href=\"#_ftnref10\" name=\"_ftn10\">[10]<\/a> https:\/\/www.riistakolmiot.fi\/raportit\/kesalaskenta-2018\/<\/p>\n","protected":false},"excerpt":{"rendered":"<p>Lausunto maa- ja mets\u00e4talousministeri\u00f6n luonnoksesta asetukseksi metson, teeren, pyyn ja riekon mets\u00e4styksen kielt\u00e4misest\u00e4 mets\u00e4stysvuonna 2018-2019 (Dnro 1370\/01.03\/2018) 20.8.2018 Luonnonsuojeluliitto Tapiola (j\u00e4ljemp\u00e4n\u00e4 Liitto) lausuu ministeri\u00f6n asetusluonnoksesta pyyt\u00e4m\u00e4tt\u00e4 seuraavaa: &nbsp; Yleist\u00e4 s.2 Metso s.2 Teeri s.7 Riekko s.9 Pyy s.11 Esitykset s.11 &nbsp; Yleist\u00e4: Liitto kiinnitti asetusluonnoksessa ja -muistiossa huomiota lukuisiin ristiriitoihin, ep\u00e4selviin viitteisiin ja suoranaisiin virheisiin, [&hellip;]<\/p>\n","protected":false},"author":2,"featured_media":0,"parent":2118,"menu_order":0,"comment_status":"closed","ping_status":"closed","template":"","meta":{"ngg_post_thumbnail":0,"footnotes":""},"class_list":["post-2537","page","type-page","status-publish"],"_links":{"self":[{"href":"https:\/\/tapiolary.com\/index.php?rest_route=\/wp\/v2\/pages\/2537","targetHints":{"allow":["GET"]}}],"collection":[{"href":"https:\/\/tapiolary.com\/index.php?rest_route=\/wp\/v2\/pages"}],"about":[{"href":"https:\/\/tapiolary.com\/index.php?rest_route=\/wp\/v2\/types\/page"}],"author":[{"embeddable":true,"href":"https:\/\/tapiolary.com\/index.php?rest_route=\/wp\/v2\/users\/2"}],"replies":[{"embeddable":true,"href":"https:\/\/tapiolary.com\/index.php?rest_route=%2Fwp%2Fv2%2Fcomments&post=2537"}],"version-history":[{"count":9,"href":"https:\/\/tapiolary.com\/index.php?rest_route=\/wp\/v2\/pages\/2537\/revisions"}],"predecessor-version":[{"id":2554,"href":"https:\/\/tapiolary.com\/index.php?rest_route=\/wp\/v2\/pages\/2537\/revisions\/2554"}],"up":[{"embeddable":true,"href":"https:\/\/tapiolary.com\/index.php?rest_route=\/wp\/v2\/pages\/2118"}],"wp:attachment":[{"href":"https:\/\/tapiolary.com\/index.php?rest_route=%2Fwp%2Fv2%2Fmedia&parent=2537"}],"curies":[{"name":"wp","href":"https:\/\/api.w.org\/{rel}","templated":true}]}}