{"id":2393,"date":"2018-06-13T14:08:27","date_gmt":"2018-06-13T14:08:27","guid":{"rendered":"http:\/\/tapiolary.com\/?page_id=2393"},"modified":"2018-06-13T14:08:27","modified_gmt":"2018-06-13T14:08:27","slug":"metsastyslaki-naakka-hare-mmm03800-2017","status":"publish","type":"page","link":"https:\/\/tapiolary.com\/?page_id=2393","title":{"rendered":"Mets\u00e4styslaki (naakka) (HARE: MMM038:00\/2017)"},"content":{"rendered":"<p><strong><a href=\"https:\/\/tapiolary.com\/wp-content\/uploads\/2018\/06\/11855627_956929554369294_4263481671076477165_n.jpg\"><img loading=\"lazy\" decoding=\"async\" class=\"alignleft size-medium wp-image-2394\" src=\"https:\/\/tapiolary.com\/wp-content\/uploads\/2018\/06\/11855627_956929554369294_4263481671076477165_n-300x200.jpg\" alt=\"\" width=\"300\" height=\"200\" srcset=\"https:\/\/tapiolary.com\/wp-content\/uploads\/2018\/06\/11855627_956929554369294_4263481671076477165_n-300x200.jpg 300w, https:\/\/tapiolary.com\/wp-content\/uploads\/2018\/06\/11855627_956929554369294_4263481671076477165_n-768x512.jpg 768w, https:\/\/tapiolary.com\/wp-content\/uploads\/2018\/06\/11855627_956929554369294_4263481671076477165_n.jpg 900w\" sizes=\"auto, (max-width: 300px) 100vw, 300px\" \/><\/a>Lausunto luonnoksesta hallituksen esitykseksi mets\u00e4styslain muuttamisesta (HARE: MMM038:00\/2017)<\/strong><\/p>\n<p>&nbsp;<\/p>\n<p>Luonnonsuojeluliitto Tapiola (j\u00e4ljemp\u00e4n\u00e4 Liitto) on tutustunut lakiluonnokseen ja lausuu siit\u00e4 pyyt\u00e4m\u00e4tt\u00e4 seuraavaa:<\/p>\n<p>&nbsp;<\/p>\n<p><strong>Esityksen p\u00e4\u00e4asiallinen sis\u00e4lt\u00f6:<\/strong><\/p>\n<p>Mets\u00e4styslakia ehdotetaan muutettavaksi siten, ett\u00e4 naakka (<em>Corvus monedula<\/em>) lis\u00e4tt\u00e4isiin mets\u00e4styslain rauhoittamattomien lintujen luetteloon.<\/p>\n<p><strong>Esitys on t\u00e4ysin kelvoton kaikilta osin.<\/strong><\/p>\n<p><strong>&nbsp;<\/strong><\/p>\n<p><strong>Esityksest\u00e4 yleens\u00e4:<\/strong><\/p>\n<p>Liitto pit\u00e4\u00e4 t\u00e4ysin paheksuttavana menettely\u00e4, jossa lajeja siirrett\u00e4isiin mets\u00e4styslain piiriin, kun niit\u00e4 tulisi p\u00e4invastoin rauhoittaa. Liitto muistuttaa, ett\u00e4 14 mets\u00e4stett\u00e4v\u00e4st\u00e4 vesilinnusta, pois lukien hanhet, jopa 10 l\u00f6ytyy uhanalaisuusluokituksesta. Lajien taantuminen on ollut h\u00e4lytt\u00e4v\u00e4n voimakasta viimeisen 15 vuoden aikana, sill\u00e4 vuoden 2000 tarkastelussa kaikki edell\u00e4 mainitut 10 lajia olivat viel\u00e4 elinvoimaisia. Mets\u00e4stett\u00e4v\u00e4t uhanalaiset riistalinnut n\u00e4kyv\u00e4t taulukossa 1. Lajeista kuusi on h\u00e4lytt\u00e4v\u00e4sti eritt\u00e4in uhanalaisia. Maa- ja mets\u00e4talousministeri\u00f6 on perustellut rauhoittamatta j\u00e4tt\u00e4mist\u00e4 t\u00e4ysin k\u00e4sitt\u00e4m\u00e4tt\u00f6m\u00e4sti siten, ettei mets\u00e4stys ole yksist\u00e4\u00e4n aiheuttanut lintujen taantumaa. Ei sen tarvitse lis\u00e4t\u00e4k\u00e4\u00e4n lintujen ahdinkoa. Menettely on mets\u00e4styslain 20\u00a7 ja lintudirektiivin hengen vastainen.<\/p>\n<p><a href=\"https:\/\/tapiolary.com\/wp-content\/uploads\/2018\/06\/screenshot.13-06-2018-17.05.08.jpg\"><img loading=\"lazy\" decoding=\"async\" class=\"alignleft wp-image-2395 size-full\" src=\"https:\/\/tapiolary.com\/wp-content\/uploads\/2018\/06\/screenshot.13-06-2018-17.05.08.jpg\" alt=\"\" width=\"740\" height=\"443\" srcset=\"https:\/\/tapiolary.com\/wp-content\/uploads\/2018\/06\/screenshot.13-06-2018-17.05.08.jpg 740w, https:\/\/tapiolary.com\/wp-content\/uploads\/2018\/06\/screenshot.13-06-2018-17.05.08-300x180.jpg 300w\" sizes=\"auto, (max-width: 740px) 100vw, 740px\" \/><\/a><\/p>\n<p>&nbsp;<\/p>\n<p>&nbsp;<\/p>\n<p>&nbsp;<\/p>\n<p>&nbsp;<\/p>\n<p>&nbsp;<\/p>\n<p>&nbsp;<\/p>\n<p>&nbsp;<\/p>\n<p>&nbsp;<\/p>\n<p>&nbsp;<\/p>\n<p>&nbsp;<\/p>\n<p>&nbsp;<\/p>\n<p>Taulukko 1: Mets\u00e4stett\u00e4vien riistalintujen uhanalaisuuskehitys.<\/p>\n<p>&nbsp;<\/p>\n<p>&nbsp;<\/p>\n<p>&nbsp;<\/p>\n<p>Liitto my\u00f6s tukee BirdLife Suomen aloitetta uhanalaisten vesilintujen mets\u00e4styksen rajoittamisesta. <a href=\"#_ftn1\" name=\"_ftnref1\">[1]<\/a> Esitys on syyt\u00e4 ottaa v\u00e4litt\u00f6m\u00e4\u00e4n tarkasteluun.<\/p>\n<p>Lakiluonnoksesta poiketen Liitto esitt\u00e4\u00e4, ett\u00e4 mets\u00e4styslain piiriin kuuluvat loputkin rauhoittamattomat linnut tulisi siirt\u00e4\u00e4 luonnonsuojelulain piiriin, rauhoitetuiksi linnuiksi. Perinteinen jako hy\u00f6ty- ja haittael\u00e4imiin on j\u00e4\u00e4nne historiasta ja t\u00e4st\u00e4 tsaarinaikaisesta ajattelutavasta tulisi jo n\u00e4in 2010-luvulla viimeinkin pyrki\u00e4 eroon.<\/p>\n<p>Lajin runsastuminen ei ole perusteltu syy siirt\u00e4\u00e4 sit\u00e4 pois rauhoituksen piirist\u00e4. Liitto muistuttaa, ett\u00e4 Suomi on sitoutunut valtioneuvoston periaatep\u00e4\u00e4t\u00f6ksell\u00e4 pys\u00e4ytt\u00e4m\u00e4\u00e4n luonnon monimuotoisuuden heikkenemisen vuoteen 2020<a href=\"#_ftn2\" name=\"_ftnref2\">[2]<\/a> menness\u00e4. Oheinen ehdotus lakimuutokseksi ei ole linjassa edell\u00e4 mainitun periaatep\u00e4\u00e4t\u00f6ksen kanssa, vaikka nykyinen hallitus onkin jo kunnianhimottomasti ilmoittanut luovuttavansa tavoitteen saavuttelusta<a href=\"#_ftn3\" name=\"_ftnref3\">[3]<\/a>.<\/p>\n<p>Esityksess\u00e4 vedotaan naakan aiheuttamiin vahinkoihin, erityisesti rehupaaleille, mink\u00e4 johdosta on 2012-2016 maksettu yli 412000\u20ac korvauksia. Vuosittain tarkasteltuna summa on noin 82000\u20ac. Liitto muistuttaa my\u00f6s, ett\u00e4 vahinkoihin voidaan puuttua esityksen sanamuotoa lainaten; <em>joustavasti ja tehokkaasti<\/em> muillakin menetelmill\u00e4, kuin lintuja tappamalla. Lakiesityksess\u00e4 tulee j\u00e4lleen ilmi, miten h\u00e4mm\u00e4stytt\u00e4v\u00e4n huono ja kapeakatseinen tuntemus ministeri\u00f6ll\u00e4 on lajien biologiasta ja ekologiasta. Maa- ja mets\u00e4talousministeri\u00f6 omaa eritt\u00e4in suppean keinovalikoiman vahinkojen torjuntaan ja ennaltaehk\u00e4isyyn ja samaa metodia tarjoillaan k\u00e4ytett\u00e4v\u00e4ksi lajille kuin lajille: h\u00e4vitt\u00e4minen.<\/p>\n<p>&nbsp;<\/p>\n<p><strong>Naakan aiheuttamien vahinkojen ennaltaehk\u00e4isy<\/strong><\/p>\n<p>Naakka on kolopesij\u00e4, alkujaan metsien lintu. Mets\u00e4rakenteen nuortuminen ja lahopuun katoaminen talousmetsist\u00e4 tehomets\u00e4talouden my\u00f6t\u00e4 on aiheuttanut kolopesij\u00f6ille pulaa sopivista pes\u00e4paikoista. \u00c4lykk\u00e4\u00e4n\u00e4 lintuna naakka on l\u00f6yt\u00e4nyt korvaavan j\u00e4rjestelyn asettumalla ihmisen tuntumaan ja k\u00e4ytt\u00e4m\u00e4ll\u00e4 mm. savupiippuja pesimiseen. Ei-toivotut pesinn\u00e4t voidaan ennalta ehk\u00e4ist\u00e4 asettamalla piipun p\u00e4\u00e4lle ennen pesim\u00e4aikaa suojaava verkko. Toisin kuin ministeri\u00f6n esityksess\u00e4 sanotaan, piippua ei kannata t\u00e4ysin tukkia, jotta tulisijan savu p\u00e4\u00e4see asunnosta ulos. Tihe\u00e4 verkko riitt\u00e4\u00e4 tarkoitukseen.<\/p>\n<p>Naakan rehupaaleille aiheuttamat vahingot voidaan torjua siirt\u00e4m\u00e4ll\u00e4 paalit helpommin valvottavaan tilaan ja ne on syyt\u00e4 tarkastaa s\u00e4\u00e4nn\u00f6llisesti. Maatalouskaupoissa on myyt\u00e4v\u00e4n\u00e4 esimerkiksi korjausteippi\u00e4, jolla tuoreen rikkoutuman voi viel\u00e4 menestyksekk\u00e4\u00e4sti paikata. K\u00e4yt\u00e4nt\u00f6 on sovellettavissa kaikkien lajien aiheuttamien paalivahinkojen torjuntaan. My\u00f6s vahinkotarkastuksia on syyt\u00e4 kehitt\u00e4\u00e4 sen poissulkemiseksi, ett\u00e4 korvauksen piiriin p\u00e4\u00e4tyisi paaleja, jotka muutoinkin olisivat k\u00e4ytt\u00f6kelvottomia.<\/p>\n<p>Valtion korvaamista vahingoista aiheutuviin kuluihin voidaan suositella my\u00f6s vakuutuksia. Elinkeinotoimintaan sis\u00e4ltyy aina jonkinlainen riski tai haitta, josta vastuun kantaa yritt\u00e4j\u00e4. Vakuutusk\u00e4yt\u00e4nt\u00f6jen my\u00f6t\u00e4 into ennaltaehk\u00e4iseviin toimiin saattaisi my\u00f6s lis\u00e4\u00e4nty\u00e4.&nbsp;<\/p>\n<p>Naakkojen h\u00e4vitt\u00e4minen ampumalla ei ole tehokas keino torjua vahinkoja. Liitto viittaa samaiseen k\u00e4yt\u00e4nt\u00f6\u00f6n mm. varisten osalta, jolla ei ole pystytty osoittamaan olevan merkityst\u00e4 etenk\u00e4\u00e4n vahinkojen ennaltaehk\u00e4isyss\u00e4.<\/p>\n<p>&nbsp;<\/p>\n<p><a href=\"#_ftnref1\" name=\"_ftn1\">[1]<\/a> https:\/\/www.birdlife.fi\/wp-content\/uploads\/2016\/10\/birdlife-aloite-mets\u00e4styksen-rajoittamisesta-2016.pdf<\/p>\n<p><a href=\"#_ftnref2\" name=\"_ftn2\">[2]<\/a> file:\/\/\/C:\/Users\/K\u00e4ytt\u00e4j\u00e4\/Documents\/Tapiola\/lausunnot\/2018\/naakka\/Luonnon%20puolesta%20\u2013%20ihmisen%20hyv\u00e4ksi.%20Valtioneuvoston%20periaatep\u00e4\u00e4t\u00f6s%20Suomen%20luonnon%20monimuotoisuuden%20suojelun%20ja%20kest\u00e4v\u00e4n%20k\u00e4yt\u00f6n%20strategiasta%20vuosiksi%202012\u20132020.pdf<\/p>\n<p><a href=\"#_ftnref3\" name=\"_ftn3\">[3]<\/a> https:\/\/www.eduskunta.fi\/FI\/vaski\/Kysymys\/Documents\/KKV_209+2017.pdf<\/p>\n<p>&nbsp;<\/p>\n","protected":false},"excerpt":{"rendered":"<p>Lausunto luonnoksesta hallituksen esitykseksi mets\u00e4styslain muuttamisesta (HARE: MMM038:00\/2017) &nbsp; Luonnonsuojeluliitto Tapiola (j\u00e4ljemp\u00e4n\u00e4 Liitto) on tutustunut lakiluonnokseen ja lausuu siit\u00e4 pyyt\u00e4m\u00e4tt\u00e4 seuraavaa: &nbsp; Esityksen p\u00e4\u00e4asiallinen sis\u00e4lt\u00f6: Mets\u00e4styslakia ehdotetaan muutettavaksi siten, ett\u00e4 naakka (Corvus monedula) lis\u00e4tt\u00e4isiin mets\u00e4styslain rauhoittamattomien lintujen luetteloon. Esitys on t\u00e4ysin kelvoton kaikilta osin. &nbsp; Esityksest\u00e4 yleens\u00e4: Liitto pit\u00e4\u00e4 t\u00e4ysin paheksuttavana menettely\u00e4, jossa lajeja siirrett\u00e4isiin [&hellip;]<\/p>\n","protected":false},"author":2,"featured_media":2394,"parent":2118,"menu_order":0,"comment_status":"closed","ping_status":"closed","template":"","meta":{"ngg_post_thumbnail":0,"footnotes":""},"class_list":["post-2393","page","type-page","status-publish","has-post-thumbnail"],"_links":{"self":[{"href":"https:\/\/tapiolary.com\/index.php?rest_route=\/wp\/v2\/pages\/2393","targetHints":{"allow":["GET"]}}],"collection":[{"href":"https:\/\/tapiolary.com\/index.php?rest_route=\/wp\/v2\/pages"}],"about":[{"href":"https:\/\/tapiolary.com\/index.php?rest_route=\/wp\/v2\/types\/page"}],"author":[{"embeddable":true,"href":"https:\/\/tapiolary.com\/index.php?rest_route=\/wp\/v2\/users\/2"}],"replies":[{"embeddable":true,"href":"https:\/\/tapiolary.com\/index.php?rest_route=%2Fwp%2Fv2%2Fcomments&post=2393"}],"version-history":[{"count":2,"href":"https:\/\/tapiolary.com\/index.php?rest_route=\/wp\/v2\/pages\/2393\/revisions"}],"predecessor-version":[{"id":2397,"href":"https:\/\/tapiolary.com\/index.php?rest_route=\/wp\/v2\/pages\/2393\/revisions\/2397"}],"up":[{"embeddable":true,"href":"https:\/\/tapiolary.com\/index.php?rest_route=\/wp\/v2\/pages\/2118"}],"wp:featuredmedia":[{"embeddable":true,"href":"https:\/\/tapiolary.com\/index.php?rest_route=\/wp\/v2\/media\/2394"}],"wp:attachment":[{"href":"https:\/\/tapiolary.com\/index.php?rest_route=%2Fwp%2Fv2%2Fmedia&parent=2393"}],"curies":[{"name":"wp","href":"https:\/\/api.w.org\/{rel}","templated":true}]}}