{"id":1726,"date":"2017-07-21T08:55:18","date_gmt":"2017-07-21T08:55:18","guid":{"rendered":"http:\/\/tapiolary.com\/?page_id=1726"},"modified":"2018-04-01T23:25:53","modified_gmt":"2018-04-01T23:25:53","slug":"metsastysasetus-ja-ilmoitusmenettely-16-7-2017","status":"publish","type":"page","link":"https:\/\/tapiolary.com\/?page_id=1726","title":{"rendered":"Mets\u00e4stysasetus ja ilmoitusmenettely 16.7.2017"},"content":{"rendered":"<p><a href=\"https:\/\/tapiolary.com\/wp-content\/uploads\/2017\/07\/screenshot.21-07-2017-11.54.00.jpg\"><img loading=\"lazy\" decoding=\"async\" class=\"alignleft size-medium wp-image-1728\" src=\"https:\/\/tapiolary.com\/wp-content\/uploads\/2017\/07\/screenshot.21-07-2017-11.54.00-200x300.jpg\" alt=\"screenshot.21-07-2017 11.54.00\" width=\"200\" height=\"300\" srcset=\"https:\/\/tapiolary.com\/wp-content\/uploads\/2017\/07\/screenshot.21-07-2017-11.54.00-200x300.jpg 200w, https:\/\/tapiolary.com\/wp-content\/uploads\/2017\/07\/screenshot.21-07-2017-11.54.00.jpg 405w\" sizes=\"auto, (max-width: 200px) 100vw, 200px\" \/><\/a><\/p>\n<p>&nbsp;<\/p>\n<p>Lausunto luonnoksesta valtioneuvoston asetukseksi mets\u00e4styslaissa s\u00e4\u00e4detyst\u00e4 ilmoitusmenettelyst\u00e4 sek\u00e4 mets\u00e4stysasetuksen muuttamisesta (diaarinumero: 1164\/01.02\/2017)<\/p>\n<p>&nbsp;<\/p>\n<p>Luonnonsuojeluliitto Tapiola (j\u00e4ljemp\u00e4n\u00e4: Liitto) on tutustunut asetusluonnokseen sek\u00e4 muistioon ja lausuu asiasta pyyt\u00e4m\u00e4tt\u00e4 seuraavaa:<\/p>\n<p>&nbsp;<\/p>\n<p>Kokonaisuutena arvioiden, Liitto pit\u00e4\u00e4 asetuksella s\u00e4\u00e4dett\u00e4v\u00e4\u00e4 saalisilmoitusmenettely\u00e4 hyv\u00e4n\u00e4 asiana.<\/p>\n<p>&nbsp;<\/p>\n<h5>5a \u00a7 Er\u00e4iden riistalajien mets\u00e4styksess\u00e4 edellytett\u00e4v\u00e4 saalisilmoitus:<\/h5>\n<p>Pyk\u00e4l\u00e4n 1 momentissa s\u00e4\u00e4dett\u00e4isiin, ett\u00e4 saaliiksi saadusta mets\u00e4kauriista, villisiasta, hillerist\u00e4 ja mets\u00e4hanhesta olisi teht\u00e4v\u00e4 saalisilmoitus Suomen riistakeskukselle. Hillerin (<em>Mustela putorius<\/em>) osalta tulee kyll\u00e4kin ryhty\u00e4 rauhoitustoimiin, joten lajin osalta saalisilmoitus on riitt\u00e4m\u00e4t\u00f6n. Viimeisimm\u00e4n nis\u00e4kk\u00e4iden uhanalaisuusluokituksen 2015<a href=\"#_ftn1\" name=\"_ftnref1\">[1]<\/a> mukaan hilleri on vaarantunut (VU), joten sen mets\u00e4stys ei n\u00e4in ollen ole mets\u00e4styslain 20\u00a7<a href=\"#_ftn2\" name=\"_ftnref2\">[2]<\/a> kest\u00e4v\u00e4n k\u00e4yt\u00f6n mukaista. Hilleri kuuluu EU:n luontodirektiivin liitteeseen V. Liitto muistuttaa, ett\u00e4 rauhoitustoimiin olisi syyt\u00e4 ryhty\u00e4, kun asialle on viel\u00e4 teht\u00e4viss\u00e4 jotain.<\/p>\n<p>Mets\u00e4hanhen osalta Liitto on antanut lausunnon aiemmin: 1.7.2017 (Dnro 1209\/01.03\/2017)<\/p>\n<p>Seuraavat riistalinnut<a href=\"#_ftn3\" name=\"_ftnref3\">[3]<\/a> l\u00f6ytyv\u00e4t uusimmasta Suomen lintujen uhanalaisuusluokituksesta 2015<a href=\"#_ftn4\" name=\"_ftnref4\">[4]<\/a>:<\/p>\n<p>&nbsp;<\/p>\n<p><u>Laji\u00a0\u00a0\u00a0\u00a0\u00a0\u00a0\u00a0\u00a0\u00a0\u00a0\u00a0\u00a0\u00a0\u00a0\u00a0\u00a0\u00a0\u00a0\u00a0\u00a0\u00a0 luokitus v.\u00a0\u00a0\u00a0\u00a0\u00a0\u00a0\u00a0 2015\u00a0\u00a0\u00a0\u00a0\u00a0\u00a0\u00a0\u00a0\u00a0\u00a0\u00a0\u00a0\u00a0\u00a0\u00a0\u00a0\u00a0\u00a0\u00a0 2010\u00a0\u00a0\u00a0\u00a0\u00a0\u00a0\u00a0\u00a0\u00a0\u00a0\u00a0\u00a0\u00a0\u00a0\u00a0\u00a0\u00a0\u00a0\u00a0 2000\u00a0\u00a0\u00a0\u00a0\u00a0\u00a0\u00a0\u00a0\u00a0\u00a0\u00a0\u00a0\u00a0\u00a0\u00a0\u00a0\u00a0\u00a0\u00a0 yksil\u00f6m\u00e4\u00e4r\u00e4 2015<\/u><\/p>\n<p>Mets\u00e4hanhi (<em>Anser fabalis<\/em>)\u00a0\u00a0\u00a0 VU \u00a0\u00a0\u00a0\u00a0\u00a0\u00a0\u00a0\u00a0\u00a0\u00a0\u00a0\u00a0\u00a0\u00a0\u00a0\u00a0\u00a0\u00a0\u00a0\u00a0 NT \u00a0\u00a0\u00a0\u00a0\u00a0\u00a0\u00a0\u00a0\u00a0\u00a0\u00a0\u00a0\u00a0\u00a0\u00a0\u00a0\u00a0\u00a0\u00a0\u00a0\u00a0 NT \u00a0\u00a0\u00a0\u00a0\u00a0\u00a0\u00a0\u00a0\u00a0\u00a0\u00a0\u00a0\u00a0\u00a0\u00a0\u00a0\u00a0\u00a0\u00a0\u00a0\u00a0 2000\u20135000<\/p>\n<p>Haapana (<em>Anas penelope<\/em>) \u00a0\u00a0\u00a0\u00a0\u00a0 VU\u00a0\u00a0\u00a0\u00a0\u00a0\u00a0\u00a0\u00a0\u00a0\u00a0\u00a0\u00a0\u00a0\u00a0\u00a0\u00a0\u00a0\u00a0\u00a0\u00a0\u00a0\u00a0 LC \u00a0\u00a0\u00a0\u00a0\u00a0\u00a0\u00a0\u00a0\u00a0\u00a0\u00a0\u00a0\u00a0\u00a0\u00a0\u00a0\u00a0\u00a0\u00a0\u00a0\u00a0 LC \u00a0\u00a0\u00a0\u00a0\u00a0\u00a0\u00a0\u00a0\u00a0\u00a0\u00a0\u00a0\u00a0\u00a0\u00a0\u00a0\u00a0\u00a0\u00a0\u00a0\u00a0\u00a0 100000\u2013166000<\/p>\n<p>Jouhisorsa (<em>Anas acuta<\/em>) \u00a0\u00a0\u00a0\u00a0\u00a0\u00a0\u00a0\u00a0 EN \u00a0\u00a0\u00a0\u00a0\u00a0\u00a0\u00a0\u00a0\u00a0\u00a0\u00a0\u00a0\u00a0\u00a0\u00a0\u00a0\u00a0\u00a0\u00a0\u00a0\u00a0 VU\u00a0\u00a0\u00a0\u00a0\u00a0\u00a0\u00a0\u00a0\u00a0\u00a0\u00a0\u00a0\u00a0\u00a0\u00a0\u00a0\u00a0\u00a0\u00a0\u00a0\u00a0\u00a0 LC \u00a0\u00a0\u00a0\u00a0\u00a0\u00a0\u00a0\u00a0\u00a0\u00a0\u00a0\u00a0\u00a0\u00a0\u00a0\u00a0\u00a0\u00a0\u00a0\u00a0\u00a0 16000\u201332000<\/p>\n<p>Hein\u00e4tavi (<em>A. querquedula<\/em>)\u00a0\u00a0\u00a0 EN \u00a0\u00a0\u00a0\u00a0\u00a0\u00a0\u00a0\u00a0\u00a0\u00a0\u00a0\u00a0\u00a0\u00a0\u00a0\u00a0\u00a0\u00a0\u00a0\u00a0 VU\u00a0\u00a0\u00a0\u00a0\u00a0\u00a0\u00a0\u00a0\u00a0\u00a0\u00a0\u00a0\u00a0\u00a0\u00a0\u00a0\u00a0\u00a0\u00a0\u00a0\u00a0\u00a0 LC \u00a0\u00a0\u00a0\u00a0\u00a0\u00a0\u00a0\u00a0\u00a0\u00a0\u00a0\u00a0\u00a0\u00a0\u00a0\u00a0\u00a0\u00a0\u00a0\u00a0\u00a0 2600\u20139800<\/p>\n<p>Punasotka (<em>Aythya ferina<\/em>)\u00a0\u00a0\u00a0\u00a0\u00a0 EN\u00a0\u00a0\u00a0\u00a0\u00a0\u00a0\u00a0\u00a0\u00a0\u00a0\u00a0\u00a0\u00a0\u00a0\u00a0\u00a0\u00a0\u00a0\u00a0\u00a0\u00a0 VU \u00a0\u00a0\u00a0\u00a0\u00a0\u00a0\u00a0\u00a0\u00a0\u00a0\u00a0\u00a0\u00a0\u00a0\u00a0\u00a0\u00a0\u00a0\u00a0\u00a0 LC \u00a0\u00a0\u00a0\u00a0\u00a0\u00a0\u00a0\u00a0\u00a0\u00a0\u00a0\u00a0\u00a0\u00a0\u00a0\u00a0\u00a0\u00a0\u00a0\u00a0\u00a0\u00a0 20000\u201332000<\/p>\n<p>Tukkasotka (<em>A. fuligula<\/em>)\u00a0\u00a0\u00a0\u00a0\u00a0\u00a0\u00a0\u00a0\u00a0\u00a0 EN \u00a0\u00a0\u00a0\u00a0\u00a0\u00a0\u00a0\u00a0\u00a0\u00a0\u00a0\u00a0\u00a0\u00a0\u00a0\u00a0\u00a0\u00a0\u00a0\u00a0 VU \u00a0\u00a0\u00a0\u00a0\u00a0\u00a0\u00a0\u00a0\u00a0\u00a0\u00a0\u00a0\u00a0\u00a0\u00a0\u00a0\u00a0\u00a0\u00a0\u00a0\u00a0 LC \u00a0\u00a0\u00a0\u00a0\u00a0\u00a0\u00a0\u00a0\u00a0\u00a0\u00a0\u00a0\u00a0\u00a0\u00a0\u00a0\u00a0\u00a0\u00a0\u00a0\u00a0\u00a0 80000\u2013120000<\/p>\n<p>Haahka (<em>S. mollissima<\/em>)\u00a0\u00a0\u00a0\u00a0\u00a0\u00a0\u00a0\u00a0\u00a0\u00a0\u00a0\u00a0 VU \u00a0\u00a0\u00a0\u00a0\u00a0\u00a0\u00a0\u00a0\u00a0\u00a0\u00a0\u00a0\u00a0\u00a0\u00a0\u00a0\u00a0\u00a0\u00a0\u00a0 NT \u00a0\u00a0\u00a0\u00a0\u00a0\u00a0\u00a0\u00a0\u00a0\u00a0\u00a0\u00a0\u00a0\u00a0\u00a0\u00a0\u00a0\u00a0\u00a0\u00a0\u00a0 LC \u00a0\u00a0\u00a0\u00a0\u00a0\u00a0\u00a0\u00a0\u00a0\u00a0\u00a0\u00a0\u00a0\u00a0\u00a0\u00a0\u00a0\u00a0\u00a0\u00a0\u00a0\u00a0 188000\u2013265200<\/p>\n<p>Alli (<em>Clangula hyemalis<\/em>)\u00a0\u00a0\u00a0\u00a0\u00a0\u00a0\u00a0\u00a0\u00a0\u00a0 NT \u00a0\u00a0\u00a0\u00a0\u00a0\u00a0\u00a0\u00a0\u00a0\u00a0\u00a0\u00a0\u00a0\u00a0\u00a0\u00a0\u00a0\u00a0\u00a0\u00a0 LC \u00a0\u00a0\u00a0\u00a0\u00a0\u00a0\u00a0\u00a0\u00a0\u00a0\u00a0\u00a0\u00a0\u00a0\u00a0\u00a0\u00a0\u00a0\u00a0\u00a0\u00a0\u00a0 LC \u00a0\u00a0\u00a0\u00a0\u00a0\u00a0\u00a0\u00a0\u00a0\u00a0\u00a0\u00a0\u00a0\u00a0\u00a0\u00a0\u00a0\u00a0\u00a0\u00a0\u00a0\u00a0 3000\u20134000<\/p>\n<p>Tukkakoskelo (<em>M. serrator<\/em>)\u00a0\u00a0\u00a0 EN \u00a0\u00a0\u00a0\u00a0\u00a0\u00a0\u00a0\u00a0\u00a0\u00a0\u00a0\u00a0\u00a0\u00a0\u00a0\u00a0\u00a0\u00a0\u00a0\u00a0 NT \u00a0\u00a0\u00a0\u00a0\u00a0\u00a0\u00a0\u00a0\u00a0\u00a0\u00a0\u00a0\u00a0\u00a0\u00a0\u00a0\u00a0\u00a0\u00a0\u00a0\u00a0 LC \u00a0\u00a0\u00a0\u00a0\u00a0\u00a0\u00a0\u00a0\u00a0\u00a0\u00a0\u00a0\u00a0\u00a0\u00a0\u00a0\u00a0\u00a0\u00a0\u00a0\u00a0\u00a0 50000\u201370000<\/p>\n<p>Isokoskelo (<em>M. merganser<\/em>)\u00a0\u00a0\u00a0 VU \u00a0\u00a0\u00a0\u00a0\u00a0\u00a0\u00a0\u00a0\u00a0\u00a0\u00a0\u00a0\u00a0\u00a0\u00a0\u00a0\u00a0\u00a0\u00a0\u00a0 NT \u00a0\u00a0\u00a0\u00a0\u00a0\u00a0\u00a0\u00a0\u00a0\u00a0\u00a0\u00a0\u00a0\u00a0\u00a0\u00a0\u00a0\u00a0\u00a0\u00a0\u00a0 LC \u00a0\u00a0\u00a0\u00a0\u00a0\u00a0\u00a0\u00a0\u00a0\u00a0\u00a0\u00a0\u00a0\u00a0\u00a0\u00a0\u00a0\u00a0\u00a0\u00a0\u00a0\u00a0 40000\u201360000<\/p>\n<p>Riekko (<em>Lagopus lagopus<\/em>)\u00a0\u00a0\u00a0\u00a0\u00a0 VU \u00a0\u00a0\u00a0\u00a0\u00a0\u00a0\u00a0\u00a0\u00a0\u00a0\u00a0\u00a0\u00a0\u00a0\u00a0\u00a0\u00a0\u00a0\u00a0\u00a0 NT \u00a0\u00a0\u00a0\u00a0\u00a0\u00a0\u00a0\u00a0\u00a0\u00a0\u00a0\u00a0\u00a0\u00a0\u00a0\u00a0\u00a0\u00a0\u00a0\u00a0\u00a0 LC \u00a0\u00a0\u00a0\u00a0\u00a0\u00a0\u00a0\u00a0\u00a0\u00a0\u00a0\u00a0\u00a0\u00a0\u00a0\u00a0\u00a0\u00a0\u00a0\u00a0\u00a0\u00a0 180\u00a0000<\/p>\n<p>Kiiruna (<em>Lagopus muta<\/em>)\u00a0\u00a0\u00a0\u00a0\u00a0\u00a0\u00a0\u00a0\u00a0\u00a0 NT \u00a0\u00a0\u00a0\u00a0\u00a0\u00a0\u00a0\u00a0\u00a0\u00a0\u00a0\u00a0\u00a0\u00a0\u00a0\u00a0\u00a0\u00a0\u00a0\u00a0 LC \u00a0\u00a0\u00a0\u00a0\u00a0\u00a0\u00a0\u00a0\u00a0\u00a0\u00a0\u00a0\u00a0\u00a0\u00a0\u00a0\u00a0\u00a0\u00a0\u00a0\u00a0\u00a0 LC \u00a0\u00a0\u00a0\u00a0\u00a0\u00a0\u00a0\u00a0\u00a0\u00a0\u00a0\u00a0\u00a0\u00a0\u00a0\u00a0\u00a0\u00a0\u00a0\u00a0\u00a0\u00a0 13\u00a0000<\/p>\n<p>Nokikana (<em>Fulica atra<\/em>)\u00a0\u00a0\u00a0\u00a0\u00a0\u00a0\u00a0\u00a0\u00a0\u00a0\u00a0\u00a0\u00a0 EN \u00a0\u00a0\u00a0\u00a0\u00a0\u00a0\u00a0\u00a0\u00a0\u00a0\u00a0\u00a0\u00a0\u00a0\u00a0\u00a0\u00a0\u00a0\u00a0\u00a0 LC \u00a0\u00a0\u00a0\u00a0\u00a0\u00a0\u00a0\u00a0\u00a0\u00a0\u00a0\u00a0\u00a0\u00a0\u00a0\u00a0\u00a0\u00a0\u00a0\u00a0\u00a0\u00a0 LC \u00a0\u00a0\u00a0\u00a0\u00a0\u00a0\u00a0\u00a0\u00a0\u00a0\u00a0\u00a0\u00a0\u00a0\u00a0\u00a0\u00a0\u00a0\u00a0\u00a0\u00a0\u00a0 7600\u201318200<\/p>\n<p>&nbsp;<\/p>\n<p>Kuten kehityksest\u00e4 n\u00e4hd\u00e4\u00e4n, mets\u00e4stett\u00e4vien riistalintujen taantuma on ollut viimeisen 15 vuoden aikana huomattava. Jopa puolet riistalinnuista, eli 50% on v\u00e4hint\u00e4\u00e4n silm\u00e4ll\u00e4pidett\u00e4vi\u00e4 ja mets\u00e4hanhea lukuun ottamatta kaikki edell\u00e4 mainitut lajit ovat olleet elinvoimaisin viel\u00e4 vuoden 2000 luokituksessa. Jopa 23% lajeista on eritt\u00e4in uhanalaisia (EN).\u00a0 T\u00e4m\u00e4 vaatii ehdottomasti ministeri\u00f6n toimenpiteit\u00e4.<\/p>\n<p>Kaikki v\u00e4hint\u00e4\u00e4n vaarantuneet lajit tulisi pikaisesti rauhoittaa kaikilta mets\u00e4stystoimilta, ennen kuin on liian my\u00f6h\u00e4ist\u00e4. T\u00e4m\u00e4 suuntaus ei ole mets\u00e4styslain 20\u00a7 mukaista, eik\u00e4 mets\u00e4styksen jatkaminen ole sit\u00e4 miss\u00e4\u00e4n nimess\u00e4.<\/p>\n<p>BirdLife on 2016 antanut toimenpide-ehdotuksen<a href=\"#_ftn5\" name=\"_ftnref5\">[5]<\/a> riistalintujen osalta, jonka my\u00f6s Liitto kokee kannatettavana ja tarpeellisena.<\/p>\n<p>&nbsp;<\/p>\n<h5>11 \u00a7 Loukun, aitauksen ja jalkanarun k\u00e4ytt\u00e4minen<\/h5>\n<p>Asetusmuutosten yhteydess\u00e4 olisi ollut suotavaa avata my\u00f6s jalkanarun k\u00e4ytt\u00f6 ketun pyyntiv\u00e4lineen\u00e4: onko ketun jalkanarupyynti edes tarpeellista, sill\u00e4 saatavilla on lukuisia muita pyyntimenetelmi\u00e4.<\/p>\n<p>El\u00e4v\u00e4n\u00e4 pyyt\u00e4v\u00e4n loukun kokeminen tulisi olla v\u00e4hint\u00e4\u00e4n kaksi (2) kertaa vuorokaudessa, ellei k\u00e4yt\u00f6ss\u00e4 ole elektronista laitetta (riistakamera), jonka avulla voidaan v\u00e4litt\u00f6m\u00e4sti todeta el\u00e4imen menneen loukkuun.<\/p>\n<p><a href=\"#_ftnref1\" name=\"_ftn1\">[1]<\/a> https:\/\/helda.helsinki.fi\/bitstream\/handle\/10138\/159434\/Suomen_nisakkaiden_uhanalaisuus_2015.pdf?sequence=3<\/p>\n<p><a href=\"#_ftnref2\" name=\"_ftn2\">[2]<\/a> http:\/\/www.finlex.fi\/fi\/laki\/ajantasa\/1993\/19930615#L3P20<\/p>\n<p><a href=\"#_ftnref3\" name=\"_ftn3\">[3]<\/a> http:\/\/www.finlex.fi\/fi\/laki\/ajantasa\/1993\/19930615#L1P5<\/p>\n<p><a href=\"#_ftnref4\" name=\"_ftn4\">[4]<\/a> https:\/\/helda.helsinki.fi\/bitstream\/handle\/10138\/159435\/Suomen_lintujen_uhanalaisuus_2015.pdf?sequence=1<\/p>\n<p><a href=\"#_ftnref5\" name=\"_ftn5\">[5]<\/a> https:\/\/www.birdlife.fi\/wp-content\/uploads\/2016\/05\/metsastyslinjaus-birdlife.pdf<\/p>\n","protected":false},"excerpt":{"rendered":"<p>&nbsp; Lausunto luonnoksesta valtioneuvoston asetukseksi mets\u00e4styslaissa s\u00e4\u00e4detyst\u00e4 ilmoitusmenettelyst\u00e4 sek\u00e4 mets\u00e4stysasetuksen muuttamisesta (diaarinumero: 1164\/01.02\/2017) &nbsp; Luonnonsuojeluliitto Tapiola (j\u00e4ljemp\u00e4n\u00e4: Liitto) on tutustunut asetusluonnokseen sek\u00e4 muistioon ja lausuu asiasta pyyt\u00e4m\u00e4tt\u00e4 seuraavaa: &nbsp; Kokonaisuutena arvioiden, Liitto pit\u00e4\u00e4 asetuksella s\u00e4\u00e4dett\u00e4v\u00e4\u00e4 saalisilmoitusmenettely\u00e4 hyv\u00e4n\u00e4 asiana. &nbsp; 5a \u00a7 Er\u00e4iden riistalajien mets\u00e4styksess\u00e4 edellytett\u00e4v\u00e4 saalisilmoitus: Pyk\u00e4l\u00e4n 1 momentissa s\u00e4\u00e4dett\u00e4isiin, ett\u00e4 saaliiksi saadusta mets\u00e4kauriista, villisiasta, [&hellip;]<\/p>\n","protected":false},"author":2,"featured_media":1728,"parent":2116,"menu_order":0,"comment_status":"closed","ping_status":"closed","template":"","meta":{"ngg_post_thumbnail":0,"footnotes":""},"class_list":["post-1726","page","type-page","status-publish","has-post-thumbnail"],"_links":{"self":[{"href":"https:\/\/tapiolary.com\/index.php?rest_route=\/wp\/v2\/pages\/1726","targetHints":{"allow":["GET"]}}],"collection":[{"href":"https:\/\/tapiolary.com\/index.php?rest_route=\/wp\/v2\/pages"}],"about":[{"href":"https:\/\/tapiolary.com\/index.php?rest_route=\/wp\/v2\/types\/page"}],"author":[{"embeddable":true,"href":"https:\/\/tapiolary.com\/index.php?rest_route=\/wp\/v2\/users\/2"}],"replies":[{"embeddable":true,"href":"https:\/\/tapiolary.com\/index.php?rest_route=%2Fwp%2Fv2%2Fcomments&post=1726"}],"version-history":[{"count":1,"href":"https:\/\/tapiolary.com\/index.php?rest_route=\/wp\/v2\/pages\/1726\/revisions"}],"predecessor-version":[{"id":1729,"href":"https:\/\/tapiolary.com\/index.php?rest_route=\/wp\/v2\/pages\/1726\/revisions\/1729"}],"up":[{"embeddable":true,"href":"https:\/\/tapiolary.com\/index.php?rest_route=\/wp\/v2\/pages\/2116"}],"wp:featuredmedia":[{"embeddable":true,"href":"https:\/\/tapiolary.com\/index.php?rest_route=\/wp\/v2\/media\/1728"}],"wp:attachment":[{"href":"https:\/\/tapiolary.com\/index.php?rest_route=%2Fwp%2Fv2%2Fmedia&parent=1726"}],"curies":[{"name":"wp","href":"https:\/\/api.w.org\/{rel}","templated":true}]}}