{"id":1654,"date":"2017-03-10T19:21:52","date_gmt":"2017-03-10T19:21:52","guid":{"rendered":"http:\/\/tapiolary.com\/?page_id=1654"},"modified":"2017-03-10T19:25:01","modified_gmt":"2017-03-10T19:25:01","slug":"police-investigates-hunting-felony-at-nurmes-mujejarvi-region","status":"publish","type":"page","link":"https:\/\/tapiolary.com\/?page_id=1654","title":{"rendered":"Police investigates hunting felony at Nurmes, Mujej\u00e4rvi region"},"content":{"rendered":"<p><a href=\"https:\/\/tapiolary.com\/wp-content\/uploads\/2015\/01\/screenshot.1421250838.jpg.jpg\"><img loading=\"lazy\" decoding=\"async\" class=\"wp-image-178 size-medium\" src=\"https:\/\/tapiolary.com\/wp-content\/uploads\/2015\/01\/screenshot.1421250838.jpg-229x300.jpg\" width=\"229\" height=\"300\" srcset=\"https:\/\/tapiolary.com\/wp-content\/uploads\/2015\/01\/screenshot.1421250838.jpg-229x300.jpg 229w, https:\/\/tapiolary.com\/wp-content\/uploads\/2015\/01\/screenshot.1421250838.jpg-114x150.jpg 114w, https:\/\/tapiolary.com\/wp-content\/uploads\/2015\/01\/screenshot.1421250838.jpg.jpg 295w\" sizes=\"auto, (max-width: 229px) 100vw, 229px\" \/><\/a><\/p>\n<p><a href=\"http:\/\/www.poliisi.fi\/tietoa_poliisista\/tiedotteet\/1\/1\/poliisi_tutkii_torkeaa_metsastysrikosta_nurmeksen_mujejarven_alueella_57471?language=fi\">Police press release 10.3.2017.<\/a><\/p>\n<p>&nbsp;<\/p>\n<p>Last Monday morning (March 6th) a large-carnivore field worker\u00a0of Natural Resources Institute, made an observation of a wolf in Nurmes. The wolf was badly injured and not able to move.<\/p>\n<p>The wolf was taken to the vet. After an evaluation, the wolf was euthanized trough the decision of the veterinary. There were signs of shooting in the wolfs body and it was earlier collared by the Natural Resources Institute.<\/p>\n<p>The police has started a criminal investigation of the case. It has occurred, that the has been moving at Nurmes, South-West from Mujej\u00e4rvi (Kyp\u00e4r\u00e4j\u00e4rvi-Venetj\u00e4rvi-Lev\u00e4j\u00e4rvi) area between 24th February and 6th March. Investigation is about to find out the time and the place of the shooting.<\/p>\n<p>The police\u00a0needs all the information considering this case. Numbers to contact are:\u00a0029 541 5320 or\u00a0 029 545 5694 (investigator). There is a snowmobile route on the western side of the area and it is possible, that people using the route might have been able to observe something.<\/p>\n<p>The last poaching incident in Nurmes happened on November 25th 2016. It is still under investigation. In January, wolves were legally hunted with management licenses. The management hunting is already ended.<\/p>\n","protected":false},"excerpt":{"rendered":"<p>Police press release 10.3.2017. &nbsp; Last Monday morning (March 6th) a large-carnivore field worker\u00a0of Natural Resources Institute, made an observation of a wolf in Nurmes. The wolf was badly injured and not able to move. The wolf was taken to the vet. After an evaluation, the wolf was euthanized trough the decision of the veterinary. [&hellip;]<\/p>\n","protected":false},"author":2,"featured_media":178,"parent":1614,"menu_order":0,"comment_status":"closed","ping_status":"closed","template":"","meta":{"ngg_post_thumbnail":0,"footnotes":""},"class_list":["post-1654","page","type-page","status-publish","has-post-thumbnail"],"_links":{"self":[{"href":"https:\/\/tapiolary.com\/index.php?rest_route=\/wp\/v2\/pages\/1654","targetHints":{"allow":["GET"]}}],"collection":[{"href":"https:\/\/tapiolary.com\/index.php?rest_route=\/wp\/v2\/pages"}],"about":[{"href":"https:\/\/tapiolary.com\/index.php?rest_route=\/wp\/v2\/types\/page"}],"author":[{"embeddable":true,"href":"https:\/\/tapiolary.com\/index.php?rest_route=\/wp\/v2\/users\/2"}],"replies":[{"embeddable":true,"href":"https:\/\/tapiolary.com\/index.php?rest_route=%2Fwp%2Fv2%2Fcomments&post=1654"}],"version-history":[{"count":4,"href":"https:\/\/tapiolary.com\/index.php?rest_route=\/wp\/v2\/pages\/1654\/revisions"}],"predecessor-version":[{"id":1658,"href":"https:\/\/tapiolary.com\/index.php?rest_route=\/wp\/v2\/pages\/1654\/revisions\/1658"}],"up":[{"embeddable":true,"href":"https:\/\/tapiolary.com\/index.php?rest_route=\/wp\/v2\/pages\/1614"}],"wp:featuredmedia":[{"embeddable":true,"href":"https:\/\/tapiolary.com\/index.php?rest_route=\/wp\/v2\/media\/178"}],"wp:attachment":[{"href":"https:\/\/tapiolary.com\/index.php?rest_route=%2Fwp%2Fv2%2Fmedia&parent=1654"}],"curies":[{"name":"wp","href":"https:\/\/api.w.org\/{rel}","templated":true}]}}