{"id":1639,"date":"2017-03-04T19:54:58","date_gmt":"2017-03-04T19:54:58","guid":{"rendered":"http:\/\/tapiolary.com\/?page_id=1639"},"modified":"2018-04-01T23:48:58","modified_gmt":"2018-04-01T23:48:58","slug":"kannatustuotteet","status":"publish","type":"page","link":"https:\/\/tapiolary.com\/?page_id=1639","title":{"rendered":"KANNATUSTUOTTEET"},"content":{"rendered":"<p>&nbsp;<\/p>\n<p>Nyt sinulla on mahdollisuus tukea Luonnonsuojeluliitto Tapiolan toimintaa hankkimalla nettikaupasta ty\u00f6p\u00f6yd\u00e4llesi uniikki taustakuva. P\u00e4\u00e4set nettikauppaan <a href=\"https:\/\/holvi.com\/shop\/tapiolary\/section\/tukituotteet\/\">t\u00e4st\u00e4 linkist\u00e4<\/a><\/p>\n<p><a href=\"https:\/\/tapiolary.com\/wp-content\/uploads\/2017\/03\/screenshot.1488657278.jpg\"><img loading=\"lazy\" decoding=\"async\" class=\"aligncenter wp-image-1640 size-full\" src=\"https:\/\/tapiolary.com\/wp-content\/uploads\/2017\/03\/screenshot.1488657278.jpg\" alt=\"screenshot.1488657278\" width=\"882\" height=\"410\" srcset=\"https:\/\/tapiolary.com\/wp-content\/uploads\/2017\/03\/screenshot.1488657278.jpg 882w, https:\/\/tapiolary.com\/wp-content\/uploads\/2017\/03\/screenshot.1488657278-300x139.jpg 300w, https:\/\/tapiolary.com\/wp-content\/uploads\/2017\/03\/screenshot.1488657278-768x357.jpg 768w\" sizes=\"auto, (max-width: 882px) 100vw, 882px\" \/><\/a><\/p>\n","protected":false},"excerpt":{"rendered":"<p>&nbsp; Nyt sinulla on mahdollisuus tukea Luonnonsuojeluliitto Tapiolan toimintaa hankkimalla nettikaupasta ty\u00f6p\u00f6yd\u00e4llesi uniikki taustakuva. P\u00e4\u00e4set nettikauppaan t\u00e4st\u00e4 linkist\u00e4<\/p>\n","protected":false},"author":3,"featured_media":1640,"parent":624,"menu_order":2,"comment_status":"closed","ping_status":"closed","template":"","meta":{"ngg_post_thumbnail":0,"footnotes":""},"class_list":["post-1639","page","type-page","status-publish","has-post-thumbnail"],"_links":{"self":[{"href":"https:\/\/tapiolary.com\/index.php?rest_route=\/wp\/v2\/pages\/1639","targetHints":{"allow":["GET"]}}],"collection":[{"href":"https:\/\/tapiolary.com\/index.php?rest_route=\/wp\/v2\/pages"}],"about":[{"href":"https:\/\/tapiolary.com\/index.php?rest_route=\/wp\/v2\/types\/page"}],"author":[{"embeddable":true,"href":"https:\/\/tapiolary.com\/index.php?rest_route=\/wp\/v2\/users\/3"}],"replies":[{"embeddable":true,"href":"https:\/\/tapiolary.com\/index.php?rest_route=%2Fwp%2Fv2%2Fcomments&post=1639"}],"version-history":[{"count":4,"href":"https:\/\/tapiolary.com\/index.php?rest_route=\/wp\/v2\/pages\/1639\/revisions"}],"predecessor-version":[{"id":1644,"href":"https:\/\/tapiolary.com\/index.php?rest_route=\/wp\/v2\/pages\/1639\/revisions\/1644"}],"up":[{"embeddable":true,"href":"https:\/\/tapiolary.com\/index.php?rest_route=\/wp\/v2\/pages\/624"}],"wp:featuredmedia":[{"embeddable":true,"href":"https:\/\/tapiolary.com\/index.php?rest_route=\/wp\/v2\/media\/1640"}],"wp:attachment":[{"href":"https:\/\/tapiolary.com\/index.php?rest_route=%2Fwp%2Fv2%2Fmedia&parent=1639"}],"curies":[{"name":"wp","href":"https:\/\/api.w.org\/{rel}","templated":true}]}}