{"id":1602,"date":"2016-12-26T18:05:44","date_gmt":"2016-12-26T18:05:44","guid":{"rendered":"http:\/\/tapiolary.com\/?page_id=1602"},"modified":"2018-04-03T05:36:54","modified_gmt":"2018-04-03T05:36:54","slug":"reviirityoryhmakysely","status":"publish","type":"page","link":"https:\/\/tapiolary.com\/?page_id=1602","title":{"rendered":"REVIIRITY\u00d6RYHM\u00c4KYSELY"},"content":{"rendered":"<p>Jos kysely t\u00f6kkii tai ei toimi lainkaan t\u00e4ll\u00e4 sivulla voit avata sen my\u00f6s suoraan linkist\u00e4:<br \/>\n<a href=\"https:\/\/tapiolary.com\/takecare\/index.php\/941754?lang=fi\">https:\/\/tapiolary.com\/takecare\/index.php\/941754?lang=fi<br \/>\n<\/a><br \/>\n<iframe loading=\"lazy\" src=\"https:\/\/tapiolary.com\/takecare\/index.php\/941754?lang=fi\" width=\"800\" height=\"2500\" frameborder=\"0\" allowfullscreen=\"allowfullscreen\"><\/iframe><\/p>\n","protected":false},"excerpt":{"rendered":"<p>Jos kysely t\u00f6kkii tai ei toimi lainkaan t\u00e4ll\u00e4 sivulla voit avata sen my\u00f6s suoraan linkist\u00e4: https:\/\/tapiolary.com\/takecare\/index.php\/941754?lang=fi<\/p>\n","protected":false},"author":3,"featured_media":798,"parent":270,"menu_order":0,"comment_status":"closed","ping_status":"closed","template":"","meta":{"ngg_post_thumbnail":0,"footnotes":""},"class_list":["post-1602","page","type-page","status-publish","has-post-thumbnail"],"_links":{"self":[{"href":"https:\/\/tapiolary.com\/index.php?rest_route=\/wp\/v2\/pages\/1602","targetHints":{"allow":["GET"]}}],"collection":[{"href":"https:\/\/tapiolary.com\/index.php?rest_route=\/wp\/v2\/pages"}],"about":[{"href":"https:\/\/tapiolary.com\/index.php?rest_route=\/wp\/v2\/types\/page"}],"author":[{"embeddable":true,"href":"https:\/\/tapiolary.com\/index.php?rest_route=\/wp\/v2\/users\/3"}],"replies":[{"embeddable":true,"href":"https:\/\/tapiolary.com\/index.php?rest_route=%2Fwp%2Fv2%2Fcomments&post=1602"}],"version-history":[{"count":11,"href":"https:\/\/tapiolary.com\/index.php?rest_route=\/wp\/v2\/pages\/1602\/revisions"}],"predecessor-version":[{"id":2233,"href":"https:\/\/tapiolary.com\/index.php?rest_route=\/wp\/v2\/pages\/1602\/revisions\/2233"}],"up":[{"embeddable":true,"href":"https:\/\/tapiolary.com\/index.php?rest_route=\/wp\/v2\/pages\/270"}],"wp:featuredmedia":[{"embeddable":true,"href":"https:\/\/tapiolary.com\/index.php?rest_route=\/wp\/v2\/media\/798"}],"wp:attachment":[{"href":"https:\/\/tapiolary.com\/index.php?rest_route=%2Fwp%2Fv2%2Fmedia&parent=1602"}],"curies":[{"name":"wp","href":"https:\/\/api.w.org\/{rel}","templated":true}]}}