{"id":1559,"date":"2016-12-02T14:50:48","date_gmt":"2016-12-02T14:50:48","guid":{"rendered":"http:\/\/tapiolary.com\/?page_id=1559"},"modified":"2018-04-01T23:23:41","modified_gmt":"2018-04-01T23:23:41","slug":"lausunto-suomen-metsakeskuksesta-2016","status":"publish","type":"page","link":"https:\/\/tapiolary.com\/?page_id=1559","title":{"rendered":"Lausunto Suomen mets\u00e4keskuksesta 2016"},"content":{"rendered":"<p><strong>Lausunto luonnoksesta valtioneuvoston asetukseksi Suomen mets\u00e4keskuksen toiminnasta<\/strong><\/p>\n<p>27.11.2016<\/p>\n<p>&nbsp;<\/p>\n<p>Luonnonsuojeluliitto Tapiola on tutustunut sek\u00e4 asetusluonnokseen, ett\u00e4 muistioon ja lausuu asiasta seuraavaa:<\/p>\n<p>&nbsp;<\/p>\n<p><strong><u>7-8\u00a7<\/u><\/strong><\/p>\n<p>Mets\u00e4neuvosto on mets\u00e4asioissa keskeinen maakunnallinen toimija. Neuvoston kokoonpanossa tulee ehdottomasti kiinnitt\u00e4\u00e4 huomiota siihen, ett\u00e4 ekologiset painotukset tosiasiallisesti toteutuvat. T\u00e4m\u00e4n vuoksi mets\u00e4neuvoston kokoonpanon tulisi koostua muistakin kuin mets\u00e4alan toimijoista. Metsiin perustuvia elinkeinoja on my\u00f6s luonnonvara- ja matkailualalla sek\u00e4 muissa vastaavissa sidosryhmiss\u00e4, joiden merkitys valtakunnallisesti kasvaa koko ajan. Mets\u00e4neuvoston kokoonpanossa tulee siis huomioida ekosysteemipalvelut nykyist\u00e4 paremmin.<\/p>\n<p>Mets\u00e4keskuksen merkitys korostuu entisest\u00e4\u00e4n, kun Suomi nojaa vahvasti biotalouteen. T\u00e4m\u00e4n vuoksi tulee turvata riitt\u00e4v\u00e4 tieto-taito s\u00e4ilytt\u00e4m\u00e4\u00e4n my\u00f6s metsien biodiversiteettiarvot.<\/p>\n<p>&nbsp;<\/p>\n<p><strong><u>Julkisen vallan k\u00e4ytt\u00f6:<\/u><\/strong><\/p>\n<p>Mets\u00e4keskus ei voi itse valvoa omia toimiaan. Mets\u00e4keskus on valvova viranomainen, jolla on suuri vastuu. T\u00e4m\u00e4n vuoksi my\u00f6s mets\u00e4keskuksella tulee olla riippumattomalta taholta tuleva valvonta, joka arvioi ja valvoo mets\u00e4keskuksen toimia. K\u00e4yt\u00e4nn\u00f6ss\u00e4 nykytilanne johtaa siihen, ett\u00e4 v\u00e4\u00e4rink\u00e4yt\u00f6sten tutkinnassa poliisi, jolla ei viranomaisena ole mets\u00e4alan osaamista, konsultoi mets\u00e4keskusta. N\u00e4in ei voi olla.<\/p>\n<p>&nbsp;<\/p>\n<p>&nbsp;<\/p>\n<p>Luonnonsuojeluliitto Tapiola<\/p>\n","protected":false},"excerpt":{"rendered":"<p>Lausunto luonnoksesta valtioneuvoston asetukseksi Suomen mets\u00e4keskuksen toiminnasta 27.11.2016 &nbsp; Luonnonsuojeluliitto Tapiola on tutustunut sek\u00e4 asetusluonnokseen, ett\u00e4 muistioon ja lausuu asiasta seuraavaa: &nbsp; 7-8\u00a7 Mets\u00e4neuvosto on mets\u00e4asioissa keskeinen maakunnallinen toimija. Neuvoston kokoonpanossa tulee ehdottomasti kiinnitt\u00e4\u00e4 huomiota siihen, ett\u00e4 ekologiset painotukset tosiasiallisesti toteutuvat. T\u00e4m\u00e4n vuoksi mets\u00e4neuvoston kokoonpanon tulisi koostua muistakin kuin mets\u00e4alan toimijoista. Metsiin perustuvia elinkeinoja on [&hellip;]<\/p>\n","protected":false},"author":2,"featured_media":0,"parent":2114,"menu_order":0,"comment_status":"closed","ping_status":"closed","template":"","meta":{"ngg_post_thumbnail":0,"footnotes":""},"class_list":["post-1559","page","type-page","status-publish"],"_links":{"self":[{"href":"https:\/\/tapiolary.com\/index.php?rest_route=\/wp\/v2\/pages\/1559","targetHints":{"allow":["GET"]}}],"collection":[{"href":"https:\/\/tapiolary.com\/index.php?rest_route=\/wp\/v2\/pages"}],"about":[{"href":"https:\/\/tapiolary.com\/index.php?rest_route=\/wp\/v2\/types\/page"}],"author":[{"embeddable":true,"href":"https:\/\/tapiolary.com\/index.php?rest_route=\/wp\/v2\/users\/2"}],"replies":[{"embeddable":true,"href":"https:\/\/tapiolary.com\/index.php?rest_route=%2Fwp%2Fv2%2Fcomments&post=1559"}],"version-history":[{"count":1,"href":"https:\/\/tapiolary.com\/index.php?rest_route=\/wp\/v2\/pages\/1559\/revisions"}],"predecessor-version":[{"id":1560,"href":"https:\/\/tapiolary.com\/index.php?rest_route=\/wp\/v2\/pages\/1559\/revisions\/1560"}],"up":[{"embeddable":true,"href":"https:\/\/tapiolary.com\/index.php?rest_route=\/wp\/v2\/pages\/2114"}],"wp:attachment":[{"href":"https:\/\/tapiolary.com\/index.php?rest_route=%2Fwp%2Fv2%2Fmedia&parent=1559"}],"curies":[{"name":"wp","href":"https:\/\/api.w.org\/{rel}","templated":true}]}}