{"id":1538,"date":"2016-11-18T09:27:06","date_gmt":"2016-11-18T09:27:06","guid":{"rendered":"http:\/\/tapiolary.com\/?page_id=1538"},"modified":"2018-04-01T23:22:21","modified_gmt":"2018-04-01T23:22:21","slug":"maankaytto-ja-rakennuslain-muuttamisesta","status":"publish","type":"page","link":"https:\/\/tapiolary.com\/?page_id=1538","title":{"rendered":"Maank\u00e4ytt\u00f6- ja rakennuslain muuttamisesta"},"content":{"rendered":"<p><strong>Lausunto luonnoksesta hallituksen esitykseksi maank\u00e4ytt\u00f6- ja rakennuslain muuttamisesta<\/strong><\/p>\n<p><strong>\u00a0<\/strong><\/p>\n<p>18.8.2016<\/p>\n<p>Luonnonsuojeluliitto Tapiola on tutustunut asetusmuistioon ja lausuu asiasta seuraavaa:<\/p>\n<p>&nbsp;<\/p>\n<p>Yleist\u00e4:<\/p>\n<p>Maank\u00e4ytt\u00f6- ja rakennuslakia ei saa muuttaa siten, ett\u00e4 se vaarantaa tai heikent\u00e4\u00e4 ymp\u00e4rist\u00f6n tilaa. Nyt kaavaillut muutokset johtavat v\u00e4ist\u00e4m\u00e4tt\u00e4 t\u00e4h\u00e4n, etenkin maisematy\u00f6luvan ja ELY-keskusten valvonnan rajoitusten my\u00f6t\u00e4. Esitys ei ole linjassa perustuslain 20\u00a7 kanssa.<\/p>\n<p>&nbsp;<\/p>\n<p>ELY-keskukset:<\/p>\n<p>Valitusoikeuden rajaaminen ELY-keskuksilta asetusmuistiossa esitetyss\u00e4 muodossa heikent\u00e4\u00e4 valvontaa. ELY-keskusten on voitava puuttua tarvittaessa ep\u00e4kohtiin. ELY-keskusten toimintaa ymp\u00e4rist\u00f6asioiden s\u00e4\u00e4ntelyss\u00e4 on muutoinkin jo hankaloitettu. M\u00e4\u00e4r\u00e4rahoja leikataan ja ymp\u00e4rist\u00f6hallintoa, sek\u00e4 valvontaa ajetaan alas. On oltava julkishallinnollinen valvova viranomainen, joka tarvittaessa puuttuu ymp\u00e4rist\u00f6\u00e4 koskeviin ep\u00e4kohtiin. Esitetty muutos MRL 193\u00a7 heikent\u00e4\u00e4 merkitt\u00e4v\u00e4sti ymp\u00e4rist\u00f6n suojaa.<\/p>\n<p>&nbsp;<\/p>\n<p>Suunnittelutarveratkaisu:<\/p>\n<p>Suunnittelutarveratkaisusta ei voida luopua ilman ett\u00e4 toimenpide johtaa lain v\u00e4lj\u00e4\u00e4n tulkintaan. Lain ja asetusten tulee olla yksiselitteisesti tulkittavia.<\/p>\n<p>&nbsp;<\/p>\n<p>Aurinkopaneelit ja \u2013ker\u00e4imet:<\/p>\n<p>LSL Tapiola pit\u00e4\u00e4 hyv\u00e4n\u00e4 ratkaisuna sit\u00e4, ett\u00e4 aurinkopaneelit ja \u2013ker\u00e4imet voidaan asentaa ilman lupaa. Ilmoitusmenettely voidaan pit\u00e4\u00e4 riitt\u00e4v\u00e4n\u00e4.<\/p>\n<p>&nbsp;<\/p>\n<p>Maisematy\u00f6lupa:<\/p>\n<p>Maisematy\u00f6luvan poistuminen lis\u00e4\u00e4 hakkuita, mik\u00e4 puolestaan aiheuttaa vakavaa uhkaa luonnon monimuotoisuudelle. Maisematy\u00f6lupaa ei voida poistaa yleiskaavojen alueilta. Mets\u00e4lakikohteita ei nykytilanteessakaan tunnisteta ja osata kaikilta osiltaan rajata lakis\u00e4\u00e4teisesti. Maisematy\u00f6luvan osalta ELY-keskuksen valitusoikeus tulee s\u00e4ilytt\u00e4\u00e4 192\u00a7 siin\u00e4 laajuudessaan kuin se nykymuodossaan on.<\/p>\n<p>&nbsp;<\/p>\n<p>Kaupan rakentaminen:<\/p>\n<p>Esitys on Euroopankin mittakaavassa poikkeuksellinen. Vaarana on ett\u00e4 toteutuessaan esitys tulee v\u00e4\u00e4rist\u00e4m\u00e4\u00e4n kilpailua, luomaan kartelleja ja monopoliasemia.<\/p>\n<p>&nbsp;<\/p>\n<p>&nbsp;<\/p>\n<p>&nbsp;<\/p>\n<p>&nbsp;<\/p>\n<p>Rantojen rakentaminen, sek\u00e4 asema- ja yleiskaava:<\/p>\n<p>Rantojen rakentamista t\u00e4ytyy voida valvoa. 73\u00a7 tehty esitys on merkitt\u00e4v\u00e4 heikennys ymp\u00e4rist\u00f6n kannalta. Yleiskaavan osalta tarvitaan t\u00e4smennyst\u00e4 siihen milloin se katsotaan vanhentuneeksi. T\u00e4ss\u00e4 muodossaan esitys on ymp\u00e4rist\u00f6n kannalta haitallinen ja mahdollistaa lain v\u00e4lj\u00e4n tulkinnan.<\/p>\n<p>MRL 52\u00a7 merkitt\u00e4vien hankkeiden osalta on oltava kunnanvaltuuston p\u00e4\u00e4t\u00f6s, hallitus ja lautakunnat ovat liian suppeita toimielimi\u00e4 p\u00e4\u00e4tt\u00e4m\u00e4\u00e4n merkitt\u00e4vist\u00e4 hankkeista. T\u00e4m\u00e4 johtaa harvainvaltaan. 63\u00a7 esitetty lis\u00e4ys \u201dv\u00e4h\u00e4isest\u00e4 asemakaavamuutoksesta\u201d on j\u00e4lleen tulkinnanvarainen.<\/p>\n<p>&nbsp;<\/p>\n<p>Vapaa-ajan asunnot:<\/p>\n<p>Vapaa-ajan asunnot voidaan muuttaa pysyviksi asunnoiksi, ellei menettely toteutuessaan kuormita ymp\u00e4rist\u00f6n tilaa.<\/p>\n","protected":false},"excerpt":{"rendered":"<p>Lausunto luonnoksesta hallituksen esitykseksi maank\u00e4ytt\u00f6- ja rakennuslain muuttamisesta \u00a0 18.8.2016 Luonnonsuojeluliitto Tapiola on tutustunut asetusmuistioon ja lausuu asiasta seuraavaa: &nbsp; Yleist\u00e4: Maank\u00e4ytt\u00f6- ja rakennuslakia ei saa muuttaa siten, ett\u00e4 se vaarantaa tai heikent\u00e4\u00e4 ymp\u00e4rist\u00f6n tilaa. Nyt kaavaillut muutokset johtavat v\u00e4ist\u00e4m\u00e4tt\u00e4 t\u00e4h\u00e4n, etenkin maisematy\u00f6luvan ja ELY-keskusten valvonnan rajoitusten my\u00f6t\u00e4. Esitys ei ole linjassa perustuslain 20\u00a7 kanssa. [&hellip;]<\/p>\n","protected":false},"author":2,"featured_media":0,"parent":2114,"menu_order":0,"comment_status":"closed","ping_status":"closed","template":"","meta":{"ngg_post_thumbnail":0,"footnotes":""},"class_list":["post-1538","page","type-page","status-publish"],"_links":{"self":[{"href":"https:\/\/tapiolary.com\/index.php?rest_route=\/wp\/v2\/pages\/1538","targetHints":{"allow":["GET"]}}],"collection":[{"href":"https:\/\/tapiolary.com\/index.php?rest_route=\/wp\/v2\/pages"}],"about":[{"href":"https:\/\/tapiolary.com\/index.php?rest_route=\/wp\/v2\/types\/page"}],"author":[{"embeddable":true,"href":"https:\/\/tapiolary.com\/index.php?rest_route=\/wp\/v2\/users\/2"}],"replies":[{"embeddable":true,"href":"https:\/\/tapiolary.com\/index.php?rest_route=%2Fwp%2Fv2%2Fcomments&post=1538"}],"version-history":[{"count":1,"href":"https:\/\/tapiolary.com\/index.php?rest_route=\/wp\/v2\/pages\/1538\/revisions"}],"predecessor-version":[{"id":1539,"href":"https:\/\/tapiolary.com\/index.php?rest_route=\/wp\/v2\/pages\/1538\/revisions\/1539"}],"up":[{"embeddable":true,"href":"https:\/\/tapiolary.com\/index.php?rest_route=\/wp\/v2\/pages\/2114"}],"wp:attachment":[{"href":"https:\/\/tapiolary.com\/index.php?rest_route=%2Fwp%2Fv2%2Fmedia&parent=1538"}],"curies":[{"name":"wp","href":"https:\/\/api.w.org\/{rel}","templated":true}]}}