{"id":1536,"date":"2016-11-18T09:25:21","date_gmt":"2016-11-18T09:25:21","guid":{"rendered":"http:\/\/tapiolary.com\/?page_id=1536"},"modified":"2018-04-01T23:22:39","modified_gmt":"2018-04-01T23:22:39","slug":"metson-teeren-pyyn-ja-riekon-metsastyksen-kieltamisesta-metsastysvuonna-2016-2017","status":"publish","type":"page","link":"https:\/\/tapiolary.com\/?page_id=1536","title":{"rendered":"Metson, teeren, pyyn ja riekon mets\u00e4styksen kielt\u00e4misest\u00e4 mets\u00e4stysvuonna 2016-2017"},"content":{"rendered":"<p><strong>Lausunto luonnoksesta maa- ja mets\u00e4talousministeri\u00f6n asetukseksi metson, teeren, pyyn ja riekon mets\u00e4styksen kielt\u00e4misest\u00e4 mets\u00e4stysvuonna 2016-2017<\/strong><\/p>\n<p><strong>\u00a0<\/strong><\/p>\n<p>13.8.2016<\/p>\n<p>Luonnonsuojeluliitto Tapiola kiitt\u00e4\u00e4 ministeri\u00f6t\u00e4 ryhtymisest\u00e4 toimeen mets\u00e4kanalintukantojen s\u00e4ilytt\u00e4miseksi ja elvytt\u00e4miseksi sek\u00e4 pit\u00e4\u00e4 asetusta perusteltuna ja eritt\u00e4in tarpeellisena. Asetus on linjassa mets\u00e4styslain 20\u00a7 kanssa. Tapiola muistuttaa kuitenkin ministeri\u00f6t\u00e4 kannan huolellista seurannasta ja esitt\u00e4\u00e4 ett\u00e4 mik\u00e4li mets\u00e4stysvuoden 2016-2017 toimet osoittautuvat riitt\u00e4m\u00e4tt\u00f6miksi, tulee ryhty\u00e4 my\u00f6s j\u00e4re\u00e4mpiin toimenpiteisiin. Niin sanotun latvalinnustuksen, eli urosteeren talvipyynnin salliminen vuoden 2014 asetuksessa oli ilmiselv\u00e4 virhe. T\u00e4llaisiin virheisiin ei ole varaa joten on ilahduttavaa ett\u00e4 ministeri\u00f6 suhtautuu nyt vakavasti mets\u00e4kanalintukantojen elvytt\u00e4miseen.<\/p>\n<p>Mets\u00e4kanalintukannat ovat taantuneet huolestuttavasti. Osasyyn\u00e4 t\u00e4h\u00e4n ovat my\u00f6s elinymp\u00e4rist\u00f6jen katoaminen ja pirstaloituminen. Eritoten riekko on k\u00e4rsinyt avoimien suoymp\u00e4rist\u00f6jen umpeenkasvusta ja tehomets\u00e4talouden ojitukset ovat haitallisia kanalintujen poikasille. Rakentaminen ja kaavoitus uhkaavat metsojen soidinalueita, turpeennosto taas teerien.<\/p>\n<p>Mets\u00e4kanalintukantojen elvytt\u00e4miseksi eiv\u00e4t riit\u00e4 pelk\u00e4st\u00e4\u00e4n pidennetyt rauhoitusajat. Tarvitaan toimia soiden ennallistamiseksi, sek\u00e4 tarkempaa tietoa mm. soidinalueista ja n\u00e4iden alueiden suojelua.<\/p>\n<p>Luontoarvot ja riistakannat tulee huomioida kokonaisvaltaisesti p\u00e4\u00e4t\u00f6ksenteossa. Maa- ja mets\u00e4talousministeri\u00f6n ja ymp\u00e4rist\u00f6ministeri\u00f6n yhteiset norminpurkutalkoot eiv\u00e4t edesauta lajien suojelua. K\u00e4yt\u00e4nn\u00f6ss\u00e4 t\u00e4m\u00e4 johtaa tilanteeseen, ett\u00e4 yksi virasto yritt\u00e4\u00e4 suojella riistalintuja ja toinen jakaa lupia turpeennostoon tai tuulivoimarakentamiseen. Kanalintujen kannalta tarvitaan nyt laajempaa otetta suojeluun ja kokonaisvaltaisia toimenpiteit\u00e4.<\/p>\n","protected":false},"excerpt":{"rendered":"<p>Lausunto luonnoksesta maa- ja mets\u00e4talousministeri\u00f6n asetukseksi metson, teeren, pyyn ja riekon mets\u00e4styksen kielt\u00e4misest\u00e4 mets\u00e4stysvuonna 2016-2017 \u00a0 13.8.2016 Luonnonsuojeluliitto Tapiola kiitt\u00e4\u00e4 ministeri\u00f6t\u00e4 ryhtymisest\u00e4 toimeen mets\u00e4kanalintukantojen s\u00e4ilytt\u00e4miseksi ja elvytt\u00e4miseksi sek\u00e4 pit\u00e4\u00e4 asetusta perusteltuna ja eritt\u00e4in tarpeellisena. Asetus on linjassa mets\u00e4styslain 20\u00a7 kanssa. Tapiola muistuttaa kuitenkin ministeri\u00f6t\u00e4 kannan huolellista seurannasta ja esitt\u00e4\u00e4 ett\u00e4 mik\u00e4li mets\u00e4stysvuoden 2016-2017 toimet osoittautuvat [&hellip;]<\/p>\n","protected":false},"author":2,"featured_media":0,"parent":2114,"menu_order":0,"comment_status":"closed","ping_status":"closed","template":"","meta":{"ngg_post_thumbnail":0,"footnotes":""},"class_list":["post-1536","page","type-page","status-publish"],"_links":{"self":[{"href":"https:\/\/tapiolary.com\/index.php?rest_route=\/wp\/v2\/pages\/1536","targetHints":{"allow":["GET"]}}],"collection":[{"href":"https:\/\/tapiolary.com\/index.php?rest_route=\/wp\/v2\/pages"}],"about":[{"href":"https:\/\/tapiolary.com\/index.php?rest_route=\/wp\/v2\/types\/page"}],"author":[{"embeddable":true,"href":"https:\/\/tapiolary.com\/index.php?rest_route=\/wp\/v2\/users\/2"}],"replies":[{"embeddable":true,"href":"https:\/\/tapiolary.com\/index.php?rest_route=%2Fwp%2Fv2%2Fcomments&post=1536"}],"version-history":[{"count":1,"href":"https:\/\/tapiolary.com\/index.php?rest_route=\/wp\/v2\/pages\/1536\/revisions"}],"predecessor-version":[{"id":1537,"href":"https:\/\/tapiolary.com\/index.php?rest_route=\/wp\/v2\/pages\/1536\/revisions\/1537"}],"up":[{"embeddable":true,"href":"https:\/\/tapiolary.com\/index.php?rest_route=\/wp\/v2\/pages\/2114"}],"wp:attachment":[{"href":"https:\/\/tapiolary.com\/index.php?rest_route=%2Fwp%2Fv2%2Fmedia&parent=1536"}],"curies":[{"name":"wp","href":"https:\/\/api.w.org\/{rel}","templated":true}]}}