{"id":1534,"date":"2016-11-18T09:21:44","date_gmt":"2016-11-18T09:21:44","guid":{"rendered":"http:\/\/tapiolary.com\/?page_id=1534"},"modified":"2018-04-01T23:23:15","modified_gmt":"2018-04-01T23:23:15","slug":"uhanalaisten-lajien-suojelun-toimintaohjelma","status":"publish","type":"page","link":"https:\/\/tapiolary.com\/?page_id=1534","title":{"rendered":"Uhanalaisten lajien suojelun toimintaohjelma"},"content":{"rendered":"<p><strong>Lausunto luonnoksesta uhanalaisten lajien suojelun toimintaohjelmaksi<\/strong><\/p>\n<p>28.8.2016<\/p>\n<p>&nbsp;<\/p>\n<p>Luonnonsuojeluliitto Tapiola on tutustunut toimintaohjelmaluonnokseen ja lausuu siit\u00e4 seuraavaa:<\/p>\n<p>&nbsp;<\/p>\n<p>YLEIST\u00c4:<\/p>\n<p>Lajiston suojelu ja uhanalaisuus ei ole itsetarkoitus. Siit\u00e4 tulee aktiivisesti pyrki\u00e4 pois, tekem\u00e4ll\u00e4 suojelu tarpeettomaksi saattaen lajisto elinvoimaiseksi.<\/p>\n<p>Liitto pit\u00e4\u00e4 ohjelman tavoitetta turvata uhanalaisten lajien tilaa erinomaisena. Tavoitteisiin on kuitenkin esitetty my\u00f6s kustannustehokkuus, mik\u00e4 oikein toteutettuna on suositeltava, mutta kustannustehokkuus ei saa nousta t\u00e4rkeimm\u00e4ksi tavoitteeksi ja vaarantaa suojelun toteutumista. Suomi on sitoutunut pys\u00e4ytt\u00e4m\u00e4\u00e4n luonnon monimuotoisuuden hupenemisen vuoteen 2020 menness\u00e4.<\/p>\n<p>P\u00e4\u00e4llekk\u00e4isyyksi\u00e4 on toki hyv\u00e4 karsia ja viranomaisyhteisty\u00f6t\u00e4, sek\u00e4 tiedon kulkua lis\u00e4tt\u00e4v\u00e4. T\u00e4m\u00e4 jo yksist\u00e4\u00e4n tuo s\u00e4\u00e4st\u00f6j\u00e4. Suojelutoimista ei saa tinki\u00e4 kustannustehokkuuteen vetoamalla. Esimerkiksi kentt\u00e4ty\u00f6t\u00e4 ei voi korvata. Lajit on l\u00f6ydett\u00e4v\u00e4 ja se tapahtuu vain kartoittamalla niiden esiintymispaikat. Kentt\u00e4ty\u00f6t\u00e4 ei voi laskea vapaaehtoistoiminnan varaan.<\/p>\n<p>Pahimmillaan vallalla oleva \u201dbiotalous\u201dbuumi vaarantaa lajiston suojelun. Bio- ja kiertotalous sin\u00e4ll\u00e4\u00e4n on kannatettavaa, mutta ensisijainen tavoite ei voi olla vain hakkuutavoitteiden lis\u00e4\u00e4minen.<\/p>\n<p>&nbsp;<\/p>\n<p>LAJISTON SUOJELU<\/p>\n<p>Toimintaohjelmassa on kuitenkin ymm\u00e4rretty se, ett\u00e4 lajiston suojelu edellytt\u00e4\u00e4 niiden elinymp\u00e4rist\u00f6jen suojelua. Esimerkiksi k\u00e4\u00e4p\u00e4lajistoa voi suojella vain paikalla jossa k\u00e4\u00e4p\u00e4\u00e4 kasvaa. Ex situ-suojelutoimien tulee aina olla toissijaisia, pelastavia toimia silloin kun on uhkana ett\u00e4 tuhoutuneen elinymp\u00e4rist\u00f6n my\u00f6t\u00e4 menetet\u00e4\u00e4n my\u00f6s arvokas lajisto. Tiedonkulun parantaminen on hyv\u00e4 tavoite nyt kun hallituksen muut toimet eiv\u00e4t mitenk\u00e4\u00e4n tue luonnon monimuotoisuuden s\u00e4ilymist\u00e4.<\/p>\n<p>Lajiston suojelu tulee n\u00e4hd\u00e4 laajana kokonaisuutena, osana maank\u00e4ytt\u00f6\u00e4 ja rakentamista, maa- ja mets\u00e4taloutta sek\u00e4 riistanhoitoa. Se ei ole erillinen osa-alueensa, vaan kytk\u00f6ksiss\u00e4 kaikkeen ihmisen toimintaan.<\/p>\n<p>&nbsp;<\/p>\n<p>METSIEN SUOJELU<\/p>\n<p>Esimerkiksi METSO-ohjelman kaavaillut leikkaukset istuvat huonosti nyt esill\u00e4 olevien suojelutavoitteiden kanssa. My\u00f6s mets\u00e4lakikohteiden parempi tuntemus ja tunnistaminen paikallistasolla edesauttaisi suojelun toteutumista. Talousmetsiss\u00e4 on syyt\u00e4 ottaa erirakenteiskasvatus laajempaan k\u00e4ytt\u00f6\u00f6n ja aktiivisesti suositella sit\u00e4 mets\u00e4nomistajille. Mets\u00e4nhoitoyhdistysten l\u00e4hes monopolinomainen asema johtaa v\u00e4\u00e4j\u00e4\u00e4m\u00e4tt\u00e4 avohakkuisiin. Lahopuun m\u00e4\u00e4r\u00e4\u00e4 ei voida lis\u00e4t\u00e4 loputtomiin suojelualueilla. Pienet, erill\u00e4\u00e4n toisistaan olevat refuugiot eiv\u00e4t riit\u00e4 turvaamaan mets\u00e4luonnon monimuotoisuutta. Lajisto pit\u00e4isi saada my\u00f6s levitt\u00e4ytym\u00e4\u00e4n uusille elinalueille, ekologiset k\u00e4yt\u00e4v\u00e4t ovat t\u00e4ss\u00e4 avainasemassa.<\/p>\n<p>Mets\u00e4viranomaisten teht\u00e4v\u00e4kentt\u00e4\u00e4 tulee laajentaa pelk\u00e4st\u00e4\u00e4n avohakkuiden toteuttajasta ETENKIN aktiivisesti vapaaehtoista suojelua kannustavaan toimijaan. Mik\u00e4li t\u00e4m\u00e4 edellytt\u00e4\u00e4 lakimuutoksia, sellaiset tulee laittaa vireille.<br \/>\nErirakenteiskasvatuksesta hy\u00f6tyv\u00e4t erityisesti my\u00f6s liito-orava ja mets\u00e4kanalinnut. Mik\u00e4li suojelualueen ymp\u00e4rill\u00e4 toteutetaan voimakasta metsien k\u00e4sittely\u00e4 ja esimerkiksi avohakkuu, se vaikuttaa my\u00f6s suojeltavan alueen pienilmastoon. Kosteus ja l\u00e4mp\u00f6tila saattavat muuttua etenkin reunavaikutteisilla alueilla, mik\u00e4 heikent\u00e4\u00e4 taas suuresti alueen suojeluarvoja. Suojeltava alue tulee n\u00e4hd\u00e4 pikemmin kokonaisuutena, ei mosaiikkimaisena tilkkut\u00e4kkin\u00e4. Koko mets\u00e4talouden kulttuuri Suomessa tulee uudistaa.<\/p>\n<p>&nbsp;<\/p>\n<p>SUOT JA KOSTEIKOT<\/p>\n<p>Soiden uhanalaisen lajiston kannalta on eritt\u00e4in ik\u00e4v\u00e4\u00e4, ett\u00e4 pitk\u00e4lle edennyt soidensuojelun t\u00e4ydennysohjelma j\u00e4\u00e4dytettiin. Suon vesitalous on yhten\u00e4inen kokonaisuus, METSO-ohjelman kaltaiset k\u00e4yt\u00e4nn\u00f6t eiv\u00e4t sellaisenaan ole sovellettavissa suoluonnon suojeluun. Soidensuojelun l\u00e4hes loppuun saakka valmisteltu t\u00e4ydennys tulee panna toimeen esitetyss\u00e4 laajuudessaan.<\/p>\n<p>Ennallistamistoimet eiv\u00e4t koskaan vastaa alkuper\u00e4ist\u00e4. Etenkin lettojen osalta ennallistaminen on vaikeaa, mik\u00e4li ravinteita on vuosikymmenet poistettu maaper\u00e4st\u00e4 ojittamalla. Ojittamattomia soita ei miss\u00e4\u00e4n nimess\u00e4 tule ottaa turvetuotantoon etenk\u00e4\u00e4n etel\u00e4isess\u00e4 Suomessa.<\/p>\n<p>Kosteikkorakentamisesta hy\u00f6tyv\u00e4t my\u00f6s muut, kuin riistalinnut, esimerkiksi sudenkorennot ja muut hy\u00f6nteiset, kahlaajat ja p\u00e4iv\u00e4petolinnut.<\/p>\n<p>&nbsp;<\/p>\n<p>TUNTURIT JA UUSYMP\u00c4RIST\u00d6T<\/p>\n<p>Liitto pit\u00e4\u00e4 erinomaisena nyt kaavailtua tavoitetta uhanalaisen tunturiluonnon suojelemiseksi. Esimerkiksi Mallan luonnonpuistossa ylilaiduntavat porot ovat uhka uhanalaiselle lajistolle. Muun muassa j\u00e4\u00e4leinikki on h\u00e4vi\u00e4m\u00e4ss\u00e4.<\/p>\n<p>Uusymp\u00e4rist\u00f6t tulee n\u00e4hd\u00e4 refuugioina, ei arvokkaina luontoymp\u00e4rist\u00f6in\u00e4. Ne ovat k\u00e4ytt\u00f6kelpoisia vain niin kauan kuin uhanalainen lajisto niit\u00e4 tarvitsee, mutta itseisarvoa niiden suojelusta ei tarvitse tehd\u00e4. Niin kauan kuin uhanalainen lajisto vaatii, refuugioihin tulee kiinnitt\u00e4\u00e4 erityist\u00e4 huomiota ja turvata my\u00f6s niiden hoidon ja seurannan resurssit.<\/p>\n<p>&nbsp;<\/p>\n<p>VESIST\u00d6T<\/p>\n<p>Suunnitelmassa suojelutoimia on kaavailtu liiaksi vapaaehtoisuuden piiriin. Seurannat ja inventoinnit tulee saada my\u00f6s puutteellisesti tunnetuille alueille. Suunnitelmassa on n\u00e4ht\u00e4viss\u00e4 kuitenkin kokonaisvaltaisempaa n\u00e4k\u00f6alaa, valuma-alueiden huomioiminen vesist\u00f6jen suojelussa on t\u00e4rke\u00e4\u00e4.<\/p>\n<p>Uhanalaiset riistavesilinnut tulee rauhoittaa. Voimaloiden kalatiet eiv\u00e4t saa j\u00e4\u00e4d\u00e4 vain suunnitelman asteelle. Vesist\u00f6jen kunnostamisessa tulee mietti\u00e4 my\u00f6s onko mielek\u00e4st\u00e4 ryhty\u00e4 kosmeettisiin niittotoimiin vai kasvattaa veden tilavuutta esimerkiksi pintaa nostamalla, jolla saadaan aikaan pysyv\u00e4mpi\u00e4 vaikutuksia. Kunnostustoimet ovat lis\u00e4ksi turhia ja tehottomia, mik\u00e4li ravinteiden valumista vesist\u00f6ihin ei saada kuriin. Mik\u00e4li typpi- ja fosforikuormitus s\u00e4ilyv\u00e4t ennallaan, ei kunnostuksista ole pitk\u00e4aikaista hy\u00f6ty\u00e4. Vesist\u00f6jen suojelussa ja kunnostamisessa avainasemassa ovat etenkin maatalouden ravinnep\u00e4\u00e4st\u00f6t ja turvetuotantoalueiden humus.\u00a0 Suomen vesist\u00f6t ovat luonnostaan karuja ja kalaston v\u00e4\u00e4ristym\u00e4t ovat pitk\u00e4lti rehev\u00f6itymisen seurausta.<\/p>\n<p>&nbsp;<\/p>\n<p>LOPUKSI<\/p>\n<p>ELY-keskusten resurssit ammattimaisiin lajistokartoituksiin on turvattava kaikilla osa-alueilla.<\/p>\n<p>METSO-ohjelman rahoitus on turvattava.<\/p>\n<p>Maatalouden vesist\u00f6nsuojeluun tulee aktiivisesti panostaa.<\/p>\n","protected":false},"excerpt":{"rendered":"<p>Lausunto luonnoksesta uhanalaisten lajien suojelun toimintaohjelmaksi 28.8.2016 &nbsp; Luonnonsuojeluliitto Tapiola on tutustunut toimintaohjelmaluonnokseen ja lausuu siit\u00e4 seuraavaa: &nbsp; YLEIST\u00c4: Lajiston suojelu ja uhanalaisuus ei ole itsetarkoitus. Siit\u00e4 tulee aktiivisesti pyrki\u00e4 pois, tekem\u00e4ll\u00e4 suojelu tarpeettomaksi saattaen lajisto elinvoimaiseksi. Liitto pit\u00e4\u00e4 ohjelman tavoitetta turvata uhanalaisten lajien tilaa erinomaisena. Tavoitteisiin on kuitenkin esitetty my\u00f6s kustannustehokkuus, mik\u00e4 oikein toteutettuna [&hellip;]<\/p>\n","protected":false},"author":2,"featured_media":0,"parent":2114,"menu_order":0,"comment_status":"closed","ping_status":"closed","template":"","meta":{"ngg_post_thumbnail":0,"footnotes":""},"class_list":["post-1534","page","type-page","status-publish"],"_links":{"self":[{"href":"https:\/\/tapiolary.com\/index.php?rest_route=\/wp\/v2\/pages\/1534","targetHints":{"allow":["GET"]}}],"collection":[{"href":"https:\/\/tapiolary.com\/index.php?rest_route=\/wp\/v2\/pages"}],"about":[{"href":"https:\/\/tapiolary.com\/index.php?rest_route=\/wp\/v2\/types\/page"}],"author":[{"embeddable":true,"href":"https:\/\/tapiolary.com\/index.php?rest_route=\/wp\/v2\/users\/2"}],"replies":[{"embeddable":true,"href":"https:\/\/tapiolary.com\/index.php?rest_route=%2Fwp%2Fv2%2Fcomments&post=1534"}],"version-history":[{"count":1,"href":"https:\/\/tapiolary.com\/index.php?rest_route=\/wp\/v2\/pages\/1534\/revisions"}],"predecessor-version":[{"id":1535,"href":"https:\/\/tapiolary.com\/index.php?rest_route=\/wp\/v2\/pages\/1534\/revisions\/1535"}],"up":[{"embeddable":true,"href":"https:\/\/tapiolary.com\/index.php?rest_route=\/wp\/v2\/pages\/2114"}],"wp:attachment":[{"href":"https:\/\/tapiolary.com\/index.php?rest_route=%2Fwp%2Fv2%2Fmedia&parent=1534"}],"curies":[{"name":"wp","href":"https:\/\/api.w.org\/{rel}","templated":true}]}}