{"id":1530,"date":"2016-11-18T09:13:55","date_gmt":"2016-11-18T09:13:55","guid":{"rendered":"http:\/\/tapiolary.com\/?page_id=1530"},"modified":"2018-04-01T23:22:07","modified_gmt":"2018-04-01T23:22:07","slug":"kemera-72016","status":"publish","type":"page","link":"https:\/\/tapiolary.com\/?page_id=1530","title":{"rendered":"KEMERA 7\/2016"},"content":{"rendered":"<p><strong>Lausunto luonnoksesta valtioneuvoston asetukseksi kest\u00e4v\u00e4n mets\u00e4talouden rahoituksesta annetun valtioneuvoston asetuksen muuttamisesta<\/strong><\/p>\n<p>18.7.2016<\/p>\n<p>Luonnonsuojeluliitto Tapiola on tutustunut sek\u00e4 asetusluonnokseen, ett\u00e4 muistioon ja lausuu asiasta seuraavaa:<\/p>\n<p>&nbsp;<\/p>\n<p>Koko puuntuotannon kemera on vanhoillinen tukimuoto, joka sellaisenaan pit\u00e4isi ajaa alas. Se on itse asiassa tulonsiirto MTK:lle, josta hy\u00f6tyv\u00e4t mets\u00e4nhoitoyhdistykset. K\u00e4yt\u00e4nt\u00f6 v\u00e4\u00e4rist\u00e4\u00e4 hakkuutapojen v\u00e4list\u00e4 kilpailua markkinoilla, yll\u00e4pit\u00e4\u00e4 kuitupuun alihinnoittelua sek\u00e4 tukee ymp\u00e4rist\u00f6lle haitallisia toimenpiteit\u00e4.<\/p>\n<p>&nbsp;<\/p>\n<p>Talousmets\u00e4n hoidossa tulisi aktiivisesti siirty\u00e4 kohti jatkuvaa kasvatusta. Etenkin Etel\u00e4-Suomen pienialaiset ja pirstaleiset suojelualueet eiv\u00e4t riit\u00e4 turvaamaan metsien monimuotoisuutta, vaan tavoite on huomioitava my\u00f6s talousmetsien hoidossa. Metsien lajeja l\u00f6ytyy huolestuttavan paljon uhanalaisluokituksesta. Niinkin yleiset lajit, kuten h\u00f6m\u00f6tiainen ja t\u00f6yht\u00f6tiainen ovat viime vuosina taantuneet voimakkaasti. Mustikan peitt\u00e4vyys on v\u00e4hentynyt ja mets\u00e4ntutkimuslaitoksen mukaan sit\u00e4 l\u00f6ytyy metsist\u00e4mme joillakin alueilla jopa 50% v\u00e4hemm\u00e4n kuin viel\u00e4 1950-luvulla<a href=\"#_ftn1\" name=\"_ftnref1\">[1]<\/a>. T\u00e4h\u00e4n tulisi nyt v\u00e4litt\u00f6m\u00e4sti reagoida ja koska \u201dnorminpurkutalkoot\u201d ovat muutoinkin k\u00e4ynniss\u00e4, kemerasta voitaisiin luopua toimimattomana, vanhoillisena ja suorastaan haitallisena tukimuotona.<\/p>\n<p>&nbsp;<\/p>\n<p>Kunnostusojitusten tuet ja avohakkuuta seuraavien toimenpiteiden (taimikonhoito, ensiharvennus) tukeminen v\u00e4\u00e4rist\u00e4v\u00e4t kilpailua. Jaksollinen ja jatkuva kasvatus kilpailisivat reilummin, jolloin mets\u00e4nomistajan todellinen valinnanvapaus lis\u00e4\u00e4ntyisi huomattavasti. Nyt tukij\u00e4rjestelm\u00e4 kompensoi jaksollisen (avohakkuu) kasvatuksen aiheuttamia kuluja ja riskej\u00e4, mutta ei erk-hakkuiden kuluja ja riskej\u00e4.<\/p>\n<p><a href=\"#_ftnref1\" name=\"_ftn1\">[1]<\/a> http:\/\/www.metla.fi\/metinfo\/monikaytto\/marjasieni\/mustikkaTD7_final.pdf<\/p>\n<p>&nbsp;<\/p>\n<p>&nbsp;<\/p>\n","protected":false},"excerpt":{"rendered":"<p>Lausunto luonnoksesta valtioneuvoston asetukseksi kest\u00e4v\u00e4n mets\u00e4talouden rahoituksesta annetun valtioneuvoston asetuksen muuttamisesta 18.7.2016 Luonnonsuojeluliitto Tapiola on tutustunut sek\u00e4 asetusluonnokseen, ett\u00e4 muistioon ja lausuu asiasta seuraavaa: &nbsp; Koko puuntuotannon kemera on vanhoillinen tukimuoto, joka sellaisenaan pit\u00e4isi ajaa alas. Se on itse asiassa tulonsiirto MTK:lle, josta hy\u00f6tyv\u00e4t mets\u00e4nhoitoyhdistykset. K\u00e4yt\u00e4nt\u00f6 v\u00e4\u00e4rist\u00e4\u00e4 hakkuutapojen v\u00e4list\u00e4 kilpailua markkinoilla, yll\u00e4pit\u00e4\u00e4 kuitupuun alihinnoittelua sek\u00e4 [&hellip;]<\/p>\n","protected":false},"author":2,"featured_media":0,"parent":2114,"menu_order":0,"comment_status":"closed","ping_status":"closed","template":"","meta":{"ngg_post_thumbnail":0,"footnotes":""},"class_list":["post-1530","page","type-page","status-publish"],"_links":{"self":[{"href":"https:\/\/tapiolary.com\/index.php?rest_route=\/wp\/v2\/pages\/1530","targetHints":{"allow":["GET"]}}],"collection":[{"href":"https:\/\/tapiolary.com\/index.php?rest_route=\/wp\/v2\/pages"}],"about":[{"href":"https:\/\/tapiolary.com\/index.php?rest_route=\/wp\/v2\/types\/page"}],"author":[{"embeddable":true,"href":"https:\/\/tapiolary.com\/index.php?rest_route=\/wp\/v2\/users\/2"}],"replies":[{"embeddable":true,"href":"https:\/\/tapiolary.com\/index.php?rest_route=%2Fwp%2Fv2%2Fcomments&post=1530"}],"version-history":[{"count":1,"href":"https:\/\/tapiolary.com\/index.php?rest_route=\/wp\/v2\/pages\/1530\/revisions"}],"predecessor-version":[{"id":1531,"href":"https:\/\/tapiolary.com\/index.php?rest_route=\/wp\/v2\/pages\/1530\/revisions\/1531"}],"up":[{"embeddable":true,"href":"https:\/\/tapiolary.com\/index.php?rest_route=\/wp\/v2\/pages\/2114"}],"wp:attachment":[{"href":"https:\/\/tapiolary.com\/index.php?rest_route=%2Fwp%2Fv2%2Fmedia&parent=1530"}],"curies":[{"name":"wp","href":"https:\/\/api.w.org\/{rel}","templated":true}]}}