{"id":1427,"date":"2016-09-28T20:09:41","date_gmt":"2016-09-28T20:09:41","guid":{"rendered":"http:\/\/tapiolary.com\/?page_id=1427"},"modified":"2018-04-01T23:21:06","modified_gmt":"2018-04-01T23:21:06","slug":"lausunto-luonnoksesta-ilveksen-metsastysta-koskevaksi-kiintioksi-metsastysvuonna-2016-2017","status":"publish","type":"page","link":"https:\/\/tapiolary.com\/?page_id=1427","title":{"rendered":"Lausunto luonnoksesta ilveksen mets\u00e4styst\u00e4 koskevaksi kiinti\u00f6ksi mets\u00e4stysvuonna 2016-2017"},"content":{"rendered":"<p>Luonnonsuojeluliitto Tapiola on tutustunut asetusluonnokseen sek\u00e4 muistioon ja lausuu seuraavaa:<\/p>\n<p>&nbsp;<\/p>\n<p>Liitto pit\u00e4\u00e4 hyv\u00e4n\u00e4 sit\u00e4, ett\u00e4 asetusluonnoksessa nyt viimevuotiseen verrattuna on tultu oikeaan suuntaan pienent\u00e4m\u00e4ll\u00e4 lupam\u00e4\u00e4r\u00e4\u00e4. Liitto muistuttaa, ett\u00e4 ilvest\u00e4 pyydet\u00e4\u00e4n kuitenkin jatkuvasti Suomen riistakeskuksen my\u00f6nt\u00e4min poikkeusluvin. Koska ilvesm\u00e4\u00e4r\u00e4 on valtakunnallisesti laskenut usealla sadalla, on nyt ehdotettu kiinti\u00f6 edelleen t\u00e4h\u00e4n n\u00e4hden ylimitoitettu. Viime vuonna my\u00f6nnetty lupam\u00e4\u00e4r\u00e4 ylitti pentuetuoton, 20% verotus on ollut suorastaan holtiton. Koska ilvest\u00e4 on mets\u00e4stetty voimallisesti usean vuoden ajan, tulisi tulevaan kauteen l\u00e4hte\u00e4 hyvin maltillisesti.<\/p>\n<p>Ilveksen osalta puhe petokonfliktista on liioiteltu. Ilves ei ole ollut kuluvina vuosina yleis\u00f6nosastokirjoitusten ja median p\u00e4\u00e4esiintyj\u00e4 suurpedoistamme. Ilveksen ja ihmisen suhde ei sis\u00e4ll\u00e4 mit\u00e4\u00e4n ylip\u00e4\u00e4sem\u00e4tt\u00f6mi\u00e4 emotionaalisia ongelmia kuten esimerkiksi suden kohdalla, ilvest\u00e4 kohtaan ei tunneta silmit\u00f6nt\u00e4 vihaa. Turha siis yritt\u00e4\u00e4 luoda sellaista mit\u00e4 ei ole olemassa.<\/p>\n<p>Ilveksen saalisel\u00e4imiin lukeutuva valkoh\u00e4nt\u00e4kauris (<em>Odocoileus virginianus<\/em>) on meill\u00e4 Pohjois-Amerikasta per\u00e4isin oleva vieraslaji. Luonnonvaraisen el\u00e4imen kannan verotuksen perustelu sill\u00e4 ett\u00e4 se k\u00e4ytt\u00e4\u00e4 ravinnokseen muita luonnonvaraisia el\u00e4imi\u00e4, riistael\u00e4imi\u00e4 ei ole nykyp\u00e4iv\u00e4\u00e4. Peto-saalissuhteet ovat normaaleja luonnossa esiintyvi\u00e4 ilmi\u00f6it\u00e4. Riistael\u00e4imet eiv\u00e4t ole ihmisen \u201domaisuutta\u201d, kuten laidunel\u00e4imet. T\u00e4h\u00e4n vinoutuneeseen ajattelutapaan on tarpeen saada asennemuutos. Ilves ei ole ihmiselle vaarallinen.<\/p>\n<p>Ilves ei suurpedoista ole mitenk\u00e4\u00e4n merkitt\u00e4v\u00e4 vahingonaiheuttaja. Ilveksen aiheuttamat tuotantoel\u00e4in- ja koiravahingot ovat marginaalisia. Petovahingoilta suojautumiseen on olemassa muita tyydytt\u00e4vi\u00e4 ratkaisuja. Niin ik\u00e4\u00e4n poronhoitoalueella ilves on varsin pieni vahingonaiheuttaja.<\/p>\n","protected":false},"excerpt":{"rendered":"<p>Luonnonsuojeluliitto Tapiola on tutustunut asetusluonnokseen sek\u00e4 muistioon ja lausuu seuraavaa: &nbsp; Liitto pit\u00e4\u00e4 hyv\u00e4n\u00e4 sit\u00e4, ett\u00e4 asetusluonnoksessa nyt viimevuotiseen verrattuna on tultu oikeaan suuntaan pienent\u00e4m\u00e4ll\u00e4 lupam\u00e4\u00e4r\u00e4\u00e4. Liitto muistuttaa, ett\u00e4 ilvest\u00e4 pyydet\u00e4\u00e4n kuitenkin jatkuvasti Suomen riistakeskuksen my\u00f6nt\u00e4min poikkeusluvin. Koska ilvesm\u00e4\u00e4r\u00e4 on valtakunnallisesti laskenut usealla sadalla, on nyt ehdotettu kiinti\u00f6 edelleen t\u00e4h\u00e4n n\u00e4hden ylimitoitettu. Viime vuonna my\u00f6nnetty [&hellip;]<\/p>\n","protected":false},"author":2,"featured_media":0,"parent":2114,"menu_order":0,"comment_status":"closed","ping_status":"closed","template":"","meta":{"ngg_post_thumbnail":0,"footnotes":""},"class_list":["post-1427","page","type-page","status-publish"],"_links":{"self":[{"href":"https:\/\/tapiolary.com\/index.php?rest_route=\/wp\/v2\/pages\/1427","targetHints":{"allow":["GET"]}}],"collection":[{"href":"https:\/\/tapiolary.com\/index.php?rest_route=\/wp\/v2\/pages"}],"about":[{"href":"https:\/\/tapiolary.com\/index.php?rest_route=\/wp\/v2\/types\/page"}],"author":[{"embeddable":true,"href":"https:\/\/tapiolary.com\/index.php?rest_route=\/wp\/v2\/users\/2"}],"replies":[{"embeddable":true,"href":"https:\/\/tapiolary.com\/index.php?rest_route=%2Fwp%2Fv2%2Fcomments&post=1427"}],"version-history":[{"count":2,"href":"https:\/\/tapiolary.com\/index.php?rest_route=\/wp\/v2\/pages\/1427\/revisions"}],"predecessor-version":[{"id":1429,"href":"https:\/\/tapiolary.com\/index.php?rest_route=\/wp\/v2\/pages\/1427\/revisions\/1429"}],"up":[{"embeddable":true,"href":"https:\/\/tapiolary.com\/index.php?rest_route=\/wp\/v2\/pages\/2114"}],"wp:attachment":[{"href":"https:\/\/tapiolary.com\/index.php?rest_route=%2Fwp%2Fv2%2Fmedia&parent=1427"}],"curies":[{"name":"wp","href":"https:\/\/api.w.org\/{rel}","templated":true}]}}