{"id":1291,"date":"2016-08-08T06:21:09","date_gmt":"2016-08-08T06:21:09","guid":{"rendered":"http:\/\/tapiolary.com\/?page_id=1291"},"modified":"2018-04-01T23:20:19","modified_gmt":"2018-04-01T23:20:19","slug":"lausunto-valtioneuvoston-asetuksesta-metsastysasetuksen-muuttamisesta-hirvi-2016","status":"publish","type":"page","link":"https:\/\/tapiolary.com\/?page_id=1291","title":{"rendered":"LAUSUNTO Valtioneuvoston asetuksesta mets\u00e4stysasetuksen muuttamisesta (Hirvi 2016)"},"content":{"rendered":"<p>Luonnonsuojeluliitto Tapiola pit\u00e4\u00e4 erinomaisena kehityksen\u00e4 sit\u00e4, ett\u00e4 mets\u00e4styksen ja kiiman p\u00e4\u00e4llekk\u00e4ist\u00e4 ajankohtaa muutetaan Etel\u00e4-Suomessa my\u00f6hent\u00e4m\u00e4ll\u00e4 mets\u00e4styksen alkamisajankohtaa. N\u00e4in taataan hirvelle lis\u00e4\u00e4ntymisrauha. Kehitys ei kuitenkaan Pohjois-Suomen osalta ole suotuisa. Hirvell\u00e4 on kiima-aika my\u00f6s Pohjois-Suomessa ja varhennettu syysmets\u00e4stys h\u00e4iritsee t\u00e4t\u00e4 toimintoa huomattavasti. Lis\u00e4ksi harjoitettava \u201dpeltokytt\u00e4ys\u201d vaarantaa muut luonnossa liikkujat. H\u00e4m\u00e4r\u00e4aktiivisten el\u00e4inten, kuten hirven mets\u00e4stys edell\u00e4 mainitulla tavalla tarkoittaa my\u00f6h\u00e4ist\u00e4 ajankohtaa, jolloin my\u00f6s onnettomuusriskit kasvavat.<\/p>\n<p>LSL Tapiola n\u00e4kee vasasuojan poistamisen ongelmallisena ja yhtyy t\u00e4ss\u00e4 emeritaprofessori Tuire Nygrenin n\u00e4kemykseen\u00a0vasasuojasta. Kev\u00e4\u00e4ll\u00e4 syntynyt vasa tarvitsee viel\u00e4 syksyll\u00e4 emoaan ja nyt ministeri\u00f6 kasvattaa riski\u00e4 mets\u00e4\u00e4n yksin\u00e4\u00e4n j\u00e4\u00e4vist\u00e4 vasoista. Vasasuojan poistaminen ei ole kest\u00e4v\u00e4\u00e4 mets\u00e4styst\u00e4, mik\u00e4 on mets\u00e4styslain 20\u00a7 edellytys toiminnan harjoittamiselle, eik\u00e4 sill\u00e4 korjata hirvikannan v\u00e4\u00e4ristymist\u00e4.<\/p>\n<p>Vasasuoja on ollut ik\u00e4v\u00e4 toteuttaa mets\u00e4styst\u00e4 harjoitettaessa ainoastaan siit\u00e4 syyst\u00e4, ett\u00e4 se vaatii ampujalta huolellisuutta, ja malttia mit\u00e4 jo lakikin edellytt\u00e4\u00e4. Asetusluonnoksessa esitet\u00e4\u00e4n: <em>\u201d<\/em> <em>Japaninpeuran, kuusipeuran, mets\u00e4kauriin, muflonin, valkoh\u00e4nt\u00e4peuran ja saksanhirven naaras, jota saman vuoden j\u00e4lkel\u00e4inen seuraa, on rauhoitettu syyskuun 1 p\u00e4iv\u00e4st\u00e4 syyskuun viimeist\u00e4 lauantaita edelt\u00e4v\u00e4\u00e4n p\u00e4iv\u00e4\u00e4n.\u201d<\/em> <u>Hirven j\u00e4lkel\u00e4inen ei poikkea tavoiltaan ja selviytymiskyvyilt\u00e4\u00e4n edell\u00e4 mainittujen muiden hirviel\u00e4inten ja muflonin j\u00e4lkel\u00e4isist\u00e4<\/u>. Liitto kiinnitt\u00e4\u00e4 huomiota lis\u00e4ksi siihen ett\u00e4 kuusipeura, mufloni ja valkoh\u00e4nt\u00e4peura ovat meill\u00e4 vieraslajeja ja hirvi kuuluu Suomen alkuper\u00e4iseen el\u00e4imist\u00f6\u00f6n. On k\u00e4sitt\u00e4m\u00e4t\u00f6nt\u00e4 ett\u00e4 vasasuoja poistuisi hirvelt\u00e4, mutta j\u00e4isi voimaan koskien kaikkia vieraslajeja jotka eiv\u00e4t edes selviydy Suomen oloissa ilman ihmisen tarjoamaa talviruokintaa. Asetusluonnosta ei voi mitenk\u00e4\u00e4n hyv\u00e4ksy\u00e4 vasasuojan poistamisen osalta.<\/p>\n<p>Mik\u00e4li hirvikannan v\u00e4\u00e4ristym\u00e4\u00e4 halutaan korjata ja edesauttaa elinvoimaista, tervett\u00e4 hirvikantaa, tulisi s\u00e4\u00e4st\u00e4\u00e4 kaikki 10-piikkiset sonnit. Hirvenmets\u00e4stys ei saa olla trofeemets\u00e4styst\u00e4, vaan ravinnonhankintaa. Kokeneet, voimakkaat hirvisonnit takaavat parhaiten naaraiden onnistuneen tiineyden ja hyv\u00e4n geeniperim\u00e4n siirtymisen uudelle hirvisukupolvelle.<\/p>\n","protected":false},"excerpt":{"rendered":"<p>Luonnonsuojeluliitto Tapiola pit\u00e4\u00e4 erinomaisena kehityksen\u00e4 sit\u00e4, ett\u00e4 mets\u00e4styksen ja kiiman p\u00e4\u00e4llekk\u00e4ist\u00e4 ajankohtaa muutetaan Etel\u00e4-Suomessa my\u00f6hent\u00e4m\u00e4ll\u00e4 mets\u00e4styksen alkamisajankohtaa. N\u00e4in taataan hirvelle lis\u00e4\u00e4ntymisrauha. Kehitys ei kuitenkaan Pohjois-Suomen osalta ole suotuisa. Hirvell\u00e4 on kiima-aika my\u00f6s Pohjois-Suomessa ja varhennettu syysmets\u00e4stys h\u00e4iritsee t\u00e4t\u00e4 toimintoa huomattavasti. Lis\u00e4ksi harjoitettava \u201dpeltokytt\u00e4ys\u201d vaarantaa muut luonnossa liikkujat. H\u00e4m\u00e4r\u00e4aktiivisten el\u00e4inten, kuten hirven mets\u00e4stys edell\u00e4 mainitulla tavalla [&hellip;]<\/p>\n","protected":false},"author":2,"featured_media":1110,"parent":2114,"menu_order":0,"comment_status":"closed","ping_status":"closed","template":"","meta":{"ngg_post_thumbnail":0,"footnotes":""},"class_list":["post-1291","page","type-page","status-publish","has-post-thumbnail"],"_links":{"self":[{"href":"https:\/\/tapiolary.com\/index.php?rest_route=\/wp\/v2\/pages\/1291","targetHints":{"allow":["GET"]}}],"collection":[{"href":"https:\/\/tapiolary.com\/index.php?rest_route=\/wp\/v2\/pages"}],"about":[{"href":"https:\/\/tapiolary.com\/index.php?rest_route=\/wp\/v2\/types\/page"}],"author":[{"embeddable":true,"href":"https:\/\/tapiolary.com\/index.php?rest_route=\/wp\/v2\/users\/2"}],"replies":[{"embeddable":true,"href":"https:\/\/tapiolary.com\/index.php?rest_route=%2Fwp%2Fv2%2Fcomments&post=1291"}],"version-history":[{"count":1,"href":"https:\/\/tapiolary.com\/index.php?rest_route=\/wp\/v2\/pages\/1291\/revisions"}],"predecessor-version":[{"id":1292,"href":"https:\/\/tapiolary.com\/index.php?rest_route=\/wp\/v2\/pages\/1291\/revisions\/1292"}],"up":[{"embeddable":true,"href":"https:\/\/tapiolary.com\/index.php?rest_route=\/wp\/v2\/pages\/2114"}],"wp:featuredmedia":[{"embeddable":true,"href":"https:\/\/tapiolary.com\/index.php?rest_route=\/wp\/v2\/media\/1110"}],"wp:attachment":[{"href":"https:\/\/tapiolary.com\/index.php?rest_route=%2Fwp%2Fv2%2Fmedia&parent=1291"}],"curies":[{"name":"wp","href":"https:\/\/api.w.org\/{rel}","templated":true}]}}