{"id":1270,"date":"2016-06-25T20:59:15","date_gmt":"2016-06-25T20:59:15","guid":{"rendered":"http:\/\/tapiolary.com\/?page_id=1270"},"modified":"2018-04-01T23:19:55","modified_gmt":"2018-04-01T23:19:55","slug":"lausunto-valtioneuvoston-asetuksesta-metsastysasetuksen-muuttamiseksi","status":"publish","type":"page","link":"https:\/\/tapiolary.com\/?page_id=1270","title":{"rendered":"LAUSUNTO Valtioneuvoston asetuksesta mets\u00e4stysasetuksen muuttamiseksi"},"content":{"rendered":"<p><strong>Lausunto luonnoksesta valtioneuvoston asetukseksi mets\u00e4stysasetuksen 11 \u00a7:n muuttamisesta<\/strong><\/p>\n<p>17.8.2016<\/p>\n<p><strong>\u00a0<\/strong><\/p>\n<p>Luonnonsuojeluliitto Tapiola on tutustunut muistioon ja asetusluonnokseen ja lausuu asiasta seuraavaa:<\/p>\n<p>Luonnoksessa ketun jalkanarumets\u00e4stys on sellaisenaan kuin se on nykyisess\u00e4 asetustekstiss\u00e4. Asetuksen mukaan ketun jalkanarupyynti on sallittu lumipeitteisen\u00e4 aikana. Jalkanarupyynti aiheuttaa el\u00e4imelle turhaa k\u00e4rsimyst\u00e4, mik\u00e4 on ristiriidassa mets\u00e4styslain 20\u00a7 kanssa. Pyyntimuoto on vanhanaikainen ja monet muut vastaavat ansaraudat ja paulat ovat j\u00e4\u00e4neet historiaan pyyntimuotojen muuttuessa. El\u00e4v\u00e4n\u00e4 pyyt\u00e4v\u00e4 loukku, \u201dkytt\u00e4ys\u201d ja koiralla ajattaminen ovat ketulle paremmin soveltuvia pyyntimuotoja. Pahimmillaan el\u00e4in tempoilee jalkanarussa liki vuorokauden, mik\u00e4 aiheuttaa turhaa kipua ja k\u00e4rsimyst\u00e4. Vaikka jalkanarun tulisi olla valikoiva pyyntimuoto, se ei sit\u00e4 ole. My\u00f6s ilvesten ja susien tiedet\u00e4\u00e4n astuneen ansaan.<\/p>\n<p>Villisian osalta yhdistyksell\u00e4 ei ole huomautettavaa.<\/p>\n","protected":false},"excerpt":{"rendered":"<p>Lausunto luonnoksesta valtioneuvoston asetukseksi mets\u00e4stysasetuksen 11 \u00a7:n muuttamisesta 17.8.2016 \u00a0 Luonnonsuojeluliitto Tapiola on tutustunut muistioon ja asetusluonnokseen ja lausuu asiasta seuraavaa: Luonnoksessa ketun jalkanarumets\u00e4stys on sellaisenaan kuin se on nykyisess\u00e4 asetustekstiss\u00e4. Asetuksen mukaan ketun jalkanarupyynti on sallittu lumipeitteisen\u00e4 aikana. Jalkanarupyynti aiheuttaa el\u00e4imelle turhaa k\u00e4rsimyst\u00e4, mik\u00e4 on ristiriidassa mets\u00e4styslain 20\u00a7 kanssa. Pyyntimuoto on vanhanaikainen ja monet [&hellip;]<\/p>\n","protected":false},"author":2,"featured_media":0,"parent":2114,"menu_order":0,"comment_status":"closed","ping_status":"closed","template":"","meta":{"ngg_post_thumbnail":0,"footnotes":""},"class_list":["post-1270","page","type-page","status-publish"],"_links":{"self":[{"href":"https:\/\/tapiolary.com\/index.php?rest_route=\/wp\/v2\/pages\/1270","targetHints":{"allow":["GET"]}}],"collection":[{"href":"https:\/\/tapiolary.com\/index.php?rest_route=\/wp\/v2\/pages"}],"about":[{"href":"https:\/\/tapiolary.com\/index.php?rest_route=\/wp\/v2\/types\/page"}],"author":[{"embeddable":true,"href":"https:\/\/tapiolary.com\/index.php?rest_route=\/wp\/v2\/users\/2"}],"replies":[{"embeddable":true,"href":"https:\/\/tapiolary.com\/index.php?rest_route=%2Fwp%2Fv2%2Fcomments&post=1270"}],"version-history":[{"count":2,"href":"https:\/\/tapiolary.com\/index.php?rest_route=\/wp\/v2\/pages\/1270\/revisions"}],"predecessor-version":[{"id":1540,"href":"https:\/\/tapiolary.com\/index.php?rest_route=\/wp\/v2\/pages\/1270\/revisions\/1540"}],"up":[{"embeddable":true,"href":"https:\/\/tapiolary.com\/index.php?rest_route=\/wp\/v2\/pages\/2114"}],"wp:attachment":[{"href":"https:\/\/tapiolary.com\/index.php?rest_route=%2Fwp%2Fv2%2Fmedia&parent=1270"}],"curies":[{"name":"wp","href":"https:\/\/api.w.org\/{rel}","templated":true}]}}