{"id":1243,"date":"2016-06-21T23:44:20","date_gmt":"2016-06-21T23:44:20","guid":{"rendered":"http:\/\/tapiolary.com\/?page_id=1243"},"modified":"2016-06-28T11:15:45","modified_gmt":"2016-06-28T11:15:45","slug":"petoaidan-pystytys","status":"publish","type":"page","link":"https:\/\/tapiolary.com\/?page_id=1243","title":{"rendered":"Petoaidan pystytys"},"content":{"rendered":"<p><strong>Alustavat ty\u00f6t<br \/>\n<\/strong><br \/>\n1.) Raivaa aitalinja ylim\u00e4\u00e4r\u00e4isest\u00e4 kasvustosta. Poista isot kivet, kannot ja muu maasta yl\u00f6sp\u00e4in nouseva ryj\u00e4. T\u00e4yt\u00e4 kuopat ja tasoita ter\u00e4v\u00e4hk\u00f6t notkelmat. Jos on ojanylityksi\u00e4, tee ojiin aidan alle aidansuuntainen &#8221;kulkueste&#8221; esim. parista lyhyest\u00e4 tolpasta ja betoniverkosta tms. j\u00e4re\u00e4st\u00e4 materiaalista niin, ett\u00e4 verkon yl\u00e4reuna j\u00e4\u00e4 korkeintaan 25cm p\u00e4\u00e4\u00e4h\u00e4n alimmasta aitalangasta, jonka korkeus on sovitettava niin, ett\u00e4 veden noustuakaan se ei j\u00e4\u00e4 veden alle. Suuriin ojiin paras ratkaisu on ojarumpu ja maasilta.<\/p>\n<p>T\u00e4m\u00e4 on se vaihe savottaa mit\u00e4 ei voi koskaan tehd\u00e4 liian hyvin. Mit\u00e4 paremmat ja tasaisemmat pohjat aidalle on saatu aikaiseksi, sen pit\u00e4v\u00e4mpi, kest\u00e4v\u00e4mpi ja helppohoitoisempi siit\u00e4 saadaan. Jos tilannetta joudutaan kompensoimaan apulangoilla, tolpittamalla &#8221;siksakkia&#8221; tai muulla vastaavalla tavalla, on se aina lopputulosta ajan my\u00f6t\u00e4 heikent\u00e4v\u00e4 tekij\u00e4. Niin valitettavaa kuin se onkin, t\u00e4m\u00e4 on aitatyyppi, joka aniharvoin soveltuu luonnonpohjalle pystytett\u00e4v\u00e4ksi.<\/p>\n<p>2<img loading=\"lazy\" decoding=\"async\" class=\"size-medium wp-image-1265 alignright\" src=\"https:\/\/tapiolary.com\/wp-content\/uploads\/2016\/06\/screenshot.1466609720-300x188.png\" alt=\"screenshot.1466609720\" width=\"300\" height=\"188\" srcset=\"https:\/\/tapiolary.com\/wp-content\/uploads\/2016\/06\/screenshot.1466609720-300x188.png 300w, https:\/\/tapiolary.com\/wp-content\/uploads\/2016\/06\/screenshot.1466609720-768x481.png 768w, https:\/\/tapiolary.com\/wp-content\/uploads\/2016\/06\/screenshot.1466609720.png 898w\" sizes=\"auto, (max-width: 300px) 100vw, 300px\" \/>.) Nakkaa tolpat traktorin tai m\u00f6nkij\u00e4n tms. lavalle, nakita em\u00e4nt\u00e4\/is\u00e4nt\u00e4\/naapuri matkaan ja ajelkaa<br \/>\naidattava alue\u00a0ymp\u00e4ri siten, ett\u00e4 hanslankari\u00a0nakkelee lavalta tolpat noin sijaintipaikoilleen eli noin 5m v\u00e4lein. Lupaa sahtia\/kukkia\/suklaata jos ei muuten suostu. T\u00e4m\u00e4 ty\u00f6vaihe voidaan toki my\u00f6s yhdist\u00e4\u00e4 pystytyksen ty\u00f6vaiheeseen 1 tai suorittaa sen kanssa samanaikaisesti jos on kalustoa. L\u00e4ht\u00f6kohtaisesti traktorin py\u00f6rittely menee sujuvammin kun ei ole tolppak\u00e4rry\u00e4 per\u00e4ss\u00e4&#8230;tosin makuasia se on t\u00e4m\u00e4kin ja k\u00e4ytett\u00e4viss\u00e4 oleva kalusto vaikuttaa tilanteeseen oleellisesti.<\/p>\n<p>3.) Tee puutikuista tai laudanp\u00e4tkist\u00e4 muutama sapluuna, jossa on merkattuna eristimien paikat. Esim. 25cm-20cm-20cm-25cm-30cm Kokonaiskorkeus 120 cm.<\/p>\n<p>T\u00e4m\u00e4 eroaa riistakeskuksen mitoituksesta, joka esitell\u00e4\u00e4n j\u00e4ljemp\u00e4n\u00e4. Oletustapauksessa kyseess\u00e4 olevat aitav\u00e4rkit on hankittu omaa kuvetta kaivaen ja n\u00e4in ollen voidaan huoletta k\u00e4ytt\u00e4\u00e4 langoitustiheydelt\u00e4\u00e4n\u00a0sudelle ja koiralle optimoitua mitoitusta. Susi ja muutkin koirael\u00e4imet pyrkiv\u00e4t ujuttautumaan aidasta joko ali tai kuonon korkeudelta l\u00e4pi. Harvoin tai ei milloinkaan\u00a0t\u00e4m\u00e4ntyyppisest\u00e4 aidasta\u00a0yli tai aidan yl\u00e4osasta l\u00e4pi.<\/p>\n<p>Riistakeskuksen viisilankaisten aitav\u00e4rkkien ollessa kyseess\u00e4 lankajako on 20cm-30cm-30cm-30cm-30cm. Aidan kokonaiskorkeus 140cm. Mik\u00e4li n\u00e4ist\u00e4 haluaa syyst\u00e4 tai toisesta poiketa on asiasta syyt\u00e4 neuvotella riistakeskuksen kanssa etuk\u00e4teen. Paketin mukana tuleva ohjeistus on kokonaisuudessaan se ensisijainen mit\u00e4 on syyt\u00e4 noudattaa.<\/p>\n<p>Mitat ovat sik\u00e4li suuntaa antavia, ett\u00e4 n\u00e4ihin vaikuttaa l\u00e4ht\u00f6kohtaisesti millainen tarvikepaketti on k\u00e4ytett\u00e4viss\u00e4. Esimerkiksi 180cm kokonaispituudeltaan oleva tolppa on pehmeisiin pohjiin hyv\u00e4 upottaa 60cm. Kovilla savimailla 40cm on riitt\u00e4v\u00e4. Jos lankoja on k\u00e4ytett\u00e4viss\u00e4 viisi, p\u00e4\u00e4st\u00e4\u00e4n edell\u00e4 kuvatuilla lankajaoilla tyydytt\u00e4v\u00e4\u00e4n lopputulokseen. Jos k\u00e4ytett\u00e4viss\u00e4 olevia lankoja on enemm\u00e4n, voidaan tehd\u00e4 tihe\u00e4mpi langoitus\/, joka luonnollisesti lis\u00e4\u00e4 haastetta l\u00e4p\u00e4ist\u00e4 aita.<\/p>\n<p>Jos on k\u00e4ytett\u00e4viss\u00e4 pidempi\u00e4 tolppia ja enemm\u00e4n lankoja saadaan luonnollisesti korkeampi tihe\u00e4 aita. L\u00e4ht\u00f6kohtaisesti kuitenkin lankojen keskin\u00e4isen v\u00e4lin ei miss\u00e4\u00e4n olosuhteissa tulisi olla yli 30cm, eik\u00e4 alimman langan miss\u00e4\u00e4n tilanteessa olla yli 25cm maasta. N\u00e4iden viitearvojen sis\u00e4ll\u00e4 voi soveltaa.<\/p>\n<p><strong>Aidan pystytys ja talkoov\u00e4en ryhmittely<\/strong><\/p>\n<p><strong><em>Tolpat ja eristimet<\/em><\/strong><\/p>\n<p>1.) Ty\u00f6pari 1 pystytt\u00e4\u00e4 tolpat.<\/p>\n<p><img loading=\"lazy\" decoding=\"async\" class=\"size-medium wp-image-1266 alignright\" src=\"https:\/\/tapiolary.com\/wp-content\/uploads\/2016\/06\/screenshot.1466609239-300x207.png\" alt=\"screenshot.1466609239\" width=\"300\" height=\"207\" srcset=\"https:\/\/tapiolary.com\/wp-content\/uploads\/2016\/06\/screenshot.1466609239-300x207.png 300w, https:\/\/tapiolary.com\/wp-content\/uploads\/2016\/06\/screenshot.1466609239-768x529.png 768w, https:\/\/tapiolary.com\/wp-content\/uploads\/2016\/06\/screenshot.1466609239.png 841w\" sizes=\"auto, (max-width: 300px) 100vw, 300px\" \/>Mitataan ja merkataan maahan upotettava syvyys 60cm. Painetaan tolpat maahan, joko traktorin etukuormaajalla tai tolppajuntalla. Kun tolppa on pystyss\u00e4 merkataan sapluunaa apuna k\u00e4ytt\u00e4en eristimien paikat tolpan ulkoreunalle. Kulmatolppiin eristimet tulevat pareittain, ellei k\u00e4ytet\u00e4 putkieristint\u00e4. Jos sattuu kohdalle kivi\u00e4 tai kalliota on mielikuvitus tarpeen. Aita ei mene siit\u00e4 pilalle vaikka jonkun tolpan v\u00e4li olisikin vain 4,5m ja viereisen 5,5m eli v\u00e4lin kanssa voi kohtuuden rajoissa luovia. Toki my\u00f6s erilaisia r\u00e4j\u00e4hteit\u00e4\/kiviporia antureita voi ja joutuukin\u00a0k\u00e4ytt\u00e4m\u00e4\u00e4n jos kivi\/kalllio on suuri, eik\u00e4 muulla tavoin p\u00e4\u00e4st\u00e4 hyv\u00e4\u00e4n lopputulokseen.<\/p>\n<p><em>Huomioitavaa!<\/em><\/p>\n<p>Suoran rivin saa aikaiseksi niin, ett\u00e4 pystytytt\u00e4\u00e4 ensin kulmatolpat ja vet\u00e4\u00e4 v\u00e4lille linjalangan, jonka mukaan kohdentaa tolpat. Mit\u00e4 suorempi tolpparivi on, sen v\u00e4hemm\u00e4n tolppiin kohdistuu langan kireyden aiheuttamaa sivusuuntaista rasitusta.<\/p>\n<p>Jos maa on kovasti pehme\u00e4\u00e4 voi kulmatolppien kohdalla olla harustaminen tarpeen. \u00a0Useinmiten peltojen pientareet ovat kohtalaisen pehmeit\u00e4 kun taas \u00a0puolikin metri\u00e4 keskemm\u00e4ll\u00e4 maa on tiiviimp\u00e4\u00e4.<\/p>\n<p><img loading=\"lazy\" decoding=\"async\" class=\"size-medium wp-image-1267 alignright\" src=\"https:\/\/tapiolary.com\/wp-content\/uploads\/2016\/06\/screenshot.1466609214-203x300.png\" alt=\"screenshot.1466609214\" width=\"203\" height=\"300\" srcset=\"https:\/\/tapiolary.com\/wp-content\/uploads\/2016\/06\/screenshot.1466609214-203x300.png 203w, https:\/\/tapiolary.com\/wp-content\/uploads\/2016\/06\/screenshot.1466609214.png 443w\" sizes=\"auto, (max-width: 203px) 100vw, 203px\" \/>2.) Ty\u00f6- tai k\u00e4sipari 2 kiert\u00e4\u00e4 akkuporakonetta apuna k\u00e4ytt\u00e4en pystytettyihin tolppiin merkittyihin kohtiin eristimet. Huom! Porttitolppiin tulee ver\u00e4j\u00e4paketin mukana tulevat porttieristimet ja kulmatolppiin pareittain tai vaihtoehtoisesti putkieristimet.<\/p>\n<p>Jos v\u00e4ke\u00e4 on k\u00e4ytett\u00e4viss\u00e4 paljon, t\u00e4ma on se ty\u00f6vaihe miss\u00e4 useammista k\u00e4sipareista on kovasti hy\u00f6ty\u00e4 ja osan &#8221;lankajoukkueesta&#8221; voi ty\u00f6llist\u00e4\u00e4 talkoiden alkuvaiheesa t\u00e4m\u00e4n askareen parissa.<\/p>\n<p><strong><em>Langat<\/em><\/strong><\/p>\n<p>Langoitusj\u00e4rjestys \u00a0alhaalta yl\u00f6sp\u00e4in:<\/p>\n<p>1. Vaijeri<br \/>\n2. Nauha<br \/>\n3. Vaijeri<br \/>\n4. Vaijeri<br \/>\n5. Nauha<\/p>\n<p>3.) Ty\u00f6pari 3 ottaa haltuun vaijerit siten, ett\u00e4 kolme vaijerikelaa laitetaan tankoon jota yksi pit\u00e4\u00e4 ja jarruttaa ja toinen l\u00e4htee vet\u00e4m\u00e4\u00e4n vaijereita eristimiin siten, ett\u00e4 toisella k\u00e4dell\u00e4 vedet\u00e4\u00e4n kolmen vaijerin nippua ja toisella asetellaan ne eristimiin kun sellaiset sattuvat kohdalle.<\/p>\n<p>Kun kela loppuu, sidotaan vaijeri\/nauha viimeiseen eristimeen mihin se ylettyy reilulla pelivaralla &#8221;hollille&#8221; ja jatketaan vet\u00e4mist\u00e4 niin, ett\u00e4 kelamiehet siirtyv\u00e4t uusien kelojen kanssa jatkoksen kohdalle, toki muistaen ennen liikkeelle l\u00e4ht\u00f6\u00e4 sitoa vaijerit\/nauhat pienen pelivaran kanssa eristimeen\/ tolppaan, jonka kohdalta ty\u00f6 on alkanut.<\/p>\n<p>Jatkoliitokset tehd\u00e4\u00e4n vasta sitten kun seuraava p\u00e4tk\u00e4 on vedetty hollille.<\/p>\n<p>T\u00e4m\u00e4 langan vetotapa on edellytys aidoille, joissa kulmat on tehty putkieristimin, koska langat on pujotettava putkesta l\u00e4pi.<\/p>\n<p>T\u00e4m\u00e4 vaihe voidaan toteuttaa my\u00f6s niin, ett\u00e4 sidotaan lanka l\u00e4ht\u00f6p\u00e4\u00e4st\u00e4 kiinni ja vied\u00e4\u00e4n kelaa mukana. My\u00f6s t\u00e4ss\u00e4 voi hy\u00f6dynt\u00e4\u00e4 tankoa ja ottaa matkaan useampi kela ja per\u00e4\u00e4n kulkemaan kaveri, joka asettelee langat eristimiin. T\u00e4m\u00e4 tapa on suositeltavampi mik\u00e4li aidassa on useita ter\u00e4vi\u00e4 kulmia tai ter\u00e4vi\u00e4 nousuja ja laskuja, jotka aiheuttavat l\u00e4pi vedett\u00e4v\u00e4\u00e4n lankaan vastusta.<\/p>\n<p>Mik\u00e4li langat vedet\u00e4\u00e4n k\u00e4ytt\u00e4en t\u00e4t\u00e4 tapaa\u00a0voi liitokset tehd\u00e4 saman tien kun kela vaihtuu.<\/p>\n<p>Ty\u00f6pari 4 ottaa haltuun nauhat ja toimii jommalla kummalla edell\u00e4 kuvatuista tavoista.<\/p>\n<p>Jos v\u00e4ke\u00e4 ei ole nelj\u00e4n ty\u00f6parin vertaa, suoriudutaan savotasta toki v\u00e4hemm\u00e4ll\u00e4kin v\u00e4kim\u00e4\u00e4r\u00e4ll\u00e4 esimerkiksi niin, ett\u00e4 ty\u00f6parista 1 tulee ty\u00f6pari 3 kun ensimm\u00e4inen ty\u00f6vaihe on suoritettu.<\/p>\n<p>Edell\u00e4 kuvatulla tavalla menetell\u00e4\u00e4n porttiv\u00e4li kerrallaan.<\/p>\n<p><strong><em>Liitokset, portit, viimeistely ja p\u00e4\u00e4t\u00f6spuheet<\/em><\/strong><\/p>\n<p>4.) Mik\u00e4li liitoksia on viel\u00e4 tekem\u00e4tt\u00e4, ne tehd\u00e4\u00e4n nyt, sijoitellaan kiristimet, jousikiristimet ja kiristet\u00e4\u00e4n langat. T\u00e4m\u00e4 on parity\u00f6skentely\u00e4, jossa toinen vet\u00e4\u00e4 k\u00e4sipelill\u00e4 lankaa kire\u00e4lle, toisen kiinnitt\u00e4ess\u00e4 sen jousikiristimeen.<\/p>\n<p>Kummallakin tavalla toimien on kiristysvaiheessa syyt\u00e4 olla joku valvomassa liitoskohtia. On nimitt\u00e4in mahdollista, ett\u00e4 lanka kiristyy siten, ett\u00e4 liitos jumittaa eristimeen ja silloin liitos tarvitsee k\u00e4sipelill\u00e4 siirt\u00e4\u00e4 eristimen toiselle puolelle.<\/p>\n<p>5.) Lopuksi laitetaan jousiver\u00e4j\u00e4t paikoilleen porttieristimiin ja voil\u00e1 aita on valmis.<\/p>\n<p>6.) Nyt on hyv\u00e4 hetki heitt\u00e4\u00e4 j\u00e4ljell\u00e4 oleva sahti \u00e4\u00e4nt\u00e4 kohden, pit\u00e4\u00e4 loppupuheenvuorot ja laskea el\u00e4imet laitumeen \ud83d\ude09<\/p>\n<p><a href=\"https:\/\/tapiolary.com\/?page_id=1239\">Vinkkej\u00e4 suunnitteluun<\/a><\/p>\n<p><a href=\"https:\/\/tapiolary.com\/?p=1222\">Video pystytyksest\u00e4<\/a><\/p>\n","protected":false},"excerpt":{"rendered":"<p>Alustavat ty\u00f6t 1.) Raivaa aitalinja ylim\u00e4\u00e4r\u00e4isest\u00e4 kasvustosta. Poista isot kivet, kannot ja muu maasta yl\u00f6sp\u00e4in nouseva ryj\u00e4. T\u00e4yt\u00e4 kuopat ja tasoita ter\u00e4v\u00e4hk\u00f6t notkelmat. Jos on ojanylityksi\u00e4, tee ojiin aidan alle aidansuuntainen &#8221;kulkueste&#8221; esim. parista lyhyest\u00e4 tolpasta ja betoniverkosta tms. j\u00e4re\u00e4st\u00e4 materiaalista niin, ett\u00e4 verkon yl\u00e4reuna j\u00e4\u00e4 korkeintaan 25cm p\u00e4\u00e4\u00e4h\u00e4n alimmasta aitalangasta, jonka korkeus on sovitettava [&hellip;]<\/p>\n","protected":false},"author":3,"featured_media":0,"parent":1237,"menu_order":2,"comment_status":"closed","ping_status":"closed","template":"","meta":{"ngg_post_thumbnail":0,"footnotes":""},"class_list":["post-1243","page","type-page","status-publish"],"_links":{"self":[{"href":"https:\/\/tapiolary.com\/index.php?rest_route=\/wp\/v2\/pages\/1243","targetHints":{"allow":["GET"]}}],"collection":[{"href":"https:\/\/tapiolary.com\/index.php?rest_route=\/wp\/v2\/pages"}],"about":[{"href":"https:\/\/tapiolary.com\/index.php?rest_route=\/wp\/v2\/types\/page"}],"author":[{"embeddable":true,"href":"https:\/\/tapiolary.com\/index.php?rest_route=\/wp\/v2\/users\/3"}],"replies":[{"embeddable":true,"href":"https:\/\/tapiolary.com\/index.php?rest_route=%2Fwp%2Fv2%2Fcomments&post=1243"}],"version-history":[{"count":9,"href":"https:\/\/tapiolary.com\/index.php?rest_route=\/wp\/v2\/pages\/1243\/revisions"}],"predecessor-version":[{"id":1274,"href":"https:\/\/tapiolary.com\/index.php?rest_route=\/wp\/v2\/pages\/1243\/revisions\/1274"}],"up":[{"embeddable":true,"href":"https:\/\/tapiolary.com\/index.php?rest_route=\/wp\/v2\/pages\/1237"}],"wp:attachment":[{"href":"https:\/\/tapiolary.com\/index.php?rest_route=%2Fwp%2Fv2%2Fmedia&parent=1243"}],"curies":[{"name":"wp","href":"https:\/\/api.w.org\/{rel}","templated":true}]}}