{"id":1239,"date":"2016-06-21T22:16:04","date_gmt":"2016-06-21T22:16:04","guid":{"rendered":"http:\/\/tapiolary.com\/?page_id=1239"},"modified":"2016-07-05T00:00:52","modified_gmt":"2016-07-05T00:00:52","slug":"suunnitelmissa-petoaita","status":"publish","type":"page","link":"https:\/\/tapiolary.com\/?page_id=1239","title":{"rendered":"Suunnitelmissa petoaita?"},"content":{"rendered":"<p><a href=\"https:\/\/tapiolary.com\/wp-content\/uploads\/2016\/04\/K4_7402_aita1.jpg\"><img loading=\"lazy\" decoding=\"async\" class=\"wp-image-1085 size-medium alignleft\" src=\"https:\/\/tapiolary.com\/wp-content\/uploads\/2016\/04\/K4_7402_aita1-200x300.jpg\" alt=\"_K4_7402_aita1\" width=\"200\" height=\"300\" srcset=\"https:\/\/tapiolary.com\/wp-content\/uploads\/2016\/04\/K4_7402_aita1-200x300.jpg 200w, https:\/\/tapiolary.com\/wp-content\/uploads\/2016\/04\/K4_7402_aita1-100x150.jpg 100w, https:\/\/tapiolary.com\/wp-content\/uploads\/2016\/04\/K4_7402_aita1.jpg 600w\" sizes=\"auto, (max-width: 200px) 100vw, 200px\" \/><\/a>Tuotanto-tai harrastusel\u00e4inten pidossa ei liene kovinkaan monta yht\u00e4 ik\u00e4v\u00e4\u00e4 tilannetta kuin se, ett\u00e4 sattuu suurpetovahinko ja laitumelta l\u00f6ytyy aamusella kuolleita ja\/tai loukkaantuneita el\u00e4imi\u00e4. Suurpetokantojen elpyess\u00e4 riski t\u00e4h\u00e4n on ihan todellinen ja moni joutuu pohtimaan sit\u00e4 miten t\u00e4m\u00e4n voisi omalla tilalla v\u00e4ltt\u00e4\u00e4. T\u00e4ll\u00f6in esiin nousee my\u00f6s petoaita yhten\u00e4 vaihtoehtona.<\/p>\n<p>Jos kyseess\u00e4 on suurpetojen tunnetulla elinalueella oleva tila, miss\u00e4 el\u00e4inten pito on elinkeino tai merkitt\u00e4v\u00e4 osa sit\u00e4, voi aitatarpeet tai merkitt\u00e4v\u00e4n osan niist\u00e4 saada Suomen Riistakeskuksesta veloituksetta. Asiassa palvelevat Suomen Riistakeskuksen aluetoimistot, joiden yhteystiedot l\u00f6ytyv\u00e4t <a href=\"http:\/\/riista.fi\/riistahallinto\/alueet-ja-toimipisteet\/\">http:\/\/riista.fi\/riistahallinto\/alueet-ja-toimipisteet\/<\/a>. Vasemman laidan valikosta se oma alue. Riistakeskusten aluetoimistoista saat my\u00f6s kaavakkeet ja ohjeet petoaitahakemuksen tekoon ja ajankohtaiset tiedot k\u00e4sittelyn kestosta ja muista yksityiskohdista.<\/p>\n<p>Harraste-el\u00e4intiloille tarvikkeet joudutaan hankkimaan omakustanteisesti.<br \/>\nmm. Agroshop myy edullisia aitaustarvikkeita <a href=\"http:\/\/www.agroshop.fi\">http:\/\/www.agroshop.fi<\/a><br \/>\nKannattaa toki kys\u00e4ist\u00e4 tarviketarjousta my\u00f6s omalta maatalouskauppiaalta. Se voi olla hyvinkin kilpailukykyinen. T\u00e4ss\u00e4 asiassa vertailu voi tuottaa \u00e4kki\u00e4 useiden satojen eurojen s\u00e4\u00e4st\u00f6n per kilometri.<\/p>\n<p>Luonnollisesti my\u00f6s t\u00e4h\u00e4n asiaan p\u00e4tee se, ett\u00e4 halvin ei v\u00e4ltt\u00e4m\u00e4tt\u00e4 ole paras ja voi kostautua aidan lyhyemp\u00e4n\u00e4 k\u00e4ytt\u00f6ik\u00e4n\u00e4. Merkitt\u00e4vi\u00e4 tekij\u00f6it\u00e4 ovat tolppien kyll\u00e4styksen laatu, eristimien materiaalit ja niiden s\u00e4\u00e4nkest\u00e4vyys ja nauhojen muovikudos, joka voi huonompilaatuisissa joustaa aikaa my\u00f6ten niin, ett\u00e4 johtimet katkeavat. Joustorasitetta nauhaan aiheuttaa se, ett\u00e4 sen pit\u00e4\u00e4 jo l\u00e4ht\u00f6kohtaisesti olla kohtuullisen kire\u00e4ll\u00e4. Samoin talvisin ajoittain kertyv\u00e4 lumikuorma tuo erityisesti nauhoille oman rasitteensa.<\/p>\n<p><a href=\"https:\/\/tapiolary.com\/wp-content\/uploads\/2016\/06\/screenshot.1466505956.png\"><img loading=\"lazy\" decoding=\"async\" class=\"size-medium wp-image-1263 alignright\" src=\"https:\/\/tapiolary.com\/wp-content\/uploads\/2016\/06\/screenshot.1466505956-300x255.png\" alt=\"screenshot.1466505956\" width=\"300\" height=\"255\" srcset=\"https:\/\/tapiolary.com\/wp-content\/uploads\/2016\/06\/screenshot.1466505956-300x255.png 300w, https:\/\/tapiolary.com\/wp-content\/uploads\/2016\/06\/screenshot.1466505956-768x654.png 768w, https:\/\/tapiolary.com\/wp-content\/uploads\/2016\/06\/screenshot.1466505956.png 968w\" sizes=\"auto, (max-width: 300px) 100vw, 300px\" \/><\/a>Koska kahta samanlaista tilaa ei ole, ensimm\u00e4sten asioiden joukossa suunniteltavaksi tulee se mist\u00e4 aita vedet\u00e4\u00e4n ja kuinka pitk\u00e4lti aitaa tarvittaisiin. Olisiko mielek\u00e4st\u00e4 aidata laidunlohkot, joku niist\u00e4 vai saadaanko kokonaistaloudellisin ratkaisu aikaiseksi aitaamalla koko tila. Laskentaan ja suunnitteluun oivalliset ty\u00f6v\u00e4lineet l\u00f6ytyv\u00e4t mm. <a href=\"http:\/\/www.paikkatietoikkuna.fi\">http:\/\/www.paikkatietoikkuna.fi<\/a> , miss\u00e4 karttaikkunaan saa pohjalle ortokuvan omasta tilasta ja mittausv\u00e4linein voi piirt\u00e4\u00e4 suunnittelemiaan aitalinjoja pitkin eri vaihtoehdot ja n\u00e4kee tarvittavan aidan m\u00e4\u00e4r\u00e4n metrein\u00e4. Kuvakaappaus suunnitelmasta on hyv\u00e4 liite my\u00f6s riistakeskuksen aitahakemukseen.<\/p>\n<p>Suunnitelussa kannattaa huomioida se, ett\u00e4 petoaidassa alin lanka tulee ylimmill\u00e4\u00e4n noin 25cm et\u00e4isyydelle maasta, jolloin suurin osa mets\u00e4pohjista on sellaisia, ett\u00e4 ne vaativat enempi v\u00e4hempi maanrakennust\u00f6it\u00e4 ennen kuin ovat riitt\u00e4v\u00e4n tasaisia petoaitaa varten. Ratkaisu sopii hyvin huonosti tai ei lainkaan suoraan luonnonpohjille. Pelloilla harvemmin n\u00e4it\u00e4 ongelmia on. \u00a0Jo suunniteluvaiheessa on mielek\u00e4st\u00e4 tarkastella my\u00f6s maapohjia ja arvioida realistisesti sit\u00e4 onko mielekk\u00e4\u00e4mpi vaihtoehto mittavat maansiirto\/ kallionporausty\u00f6t vai saavuttettaisiinko aitalinjan siirrolla toiseen paikkaan tyydytt\u00e4v\u00e4 kompromissi.<\/p>\n<p>Aita vaatii my\u00f6s huoltoa mm. aluskasvillisuuden kotrollointia, joten sijantia suunnitellessa, kannattaa pit\u00e4\u00e4 mieless\u00e4 my\u00f6s se, ett\u00e4 huoltoty\u00f6t voidaan helposti suorittaa. Esimerkiksi jyrk\u00e4t ojanpientareet, vaikka olisivatkin sin\u00e4ns\u00e4 tasaisia ja helposti saavutettavia, eiv\u00e4t ole aitalinjana huoltoyst\u00e4v\u00e4llisi\u00e4, koska sellaisella taiteilu raivaussahan kanssa ei ole lasten leikki\u00e4. Useassa tapauksessa metrin kaistaleen menetys esimerkiksi pellon laidunalasta palkitsee my\u00f6hemmiss\u00e4 vaiheissa verrattuna siihen, ett\u00e4 pyrit\u00e4\u00e4n vet\u00e4m\u00e4\u00e4n niin laitoja pitkin kuin mahdollista ja hankkiudutaan jos jonkin sortin rypelikk\u00f6ihin.<\/p>\n<p>Tarvikekulungin suunnittelua varten seuraavat yleisp\u00e4tev\u00e4t ohjeelliset m\u00e4\u00e4r\u00e4t 5 lankaiseen aitaan, jossa 1. 3. ja 4. kierros on vaijerilla, 2. ja 5. kierros on nauhalla.<\/p>\n<ul>\n<li>Tolppia (paksuus v\u00e4hint\u00e4\u00e4n 60 mm, pituus v\u00e4hint\u00e4\u00e4n 1800mm) tarvitaan 5m v\u00e4lein<\/li>\n<li>Vaijeria 3x aidan pituus ( 2mm)<\/li>\n<li>Nauhaa 2x aidan pituus (10mm ja varmistu, ett\u00e4 soveltuu pitkiin aitauksiin, joissain nauhoissa on liikaa vastusta s\u00e4hk\u00f6lle, eiv\u00e4tk\u00e4 ne sovellu kuin lyhyehk\u00f6ihin aitauksiin )<\/li>\n<li>Rengasristimi\u00e4 5x tolppien m\u00e4\u00e4r\u00e4 (+ kulmatolppiin tuplat tai vaihtoehtoisesti putkieristimet, jotka asettavat asennusvaiheessa lankojen vetotavalle rajoituksia.)<\/li>\n<li>Porttieristimi\u00e4 10 x porttien m\u00e4\u00e4r\u00e4 (= 5kpl kumpaankin porttitolppaan. Jousiver\u00e4j\u00e4paketti sis\u00e4lt\u00e4\u00e4 yleens\u00e4 n\u00e4m\u00e4. Varmistu asiasta ja tilaa erikseen\u00a0jos valitsit porttityypin, jonka asennuspakettiin n\u00e4m\u00e4 eiv\u00e4t kuulu\u00a0)<\/li>\n<li>Jousiver\u00e4j\u00e4paketteja 5x porttien m\u00e4\u00e4r\u00e4. Vaihtoehtoisesti jokin muu s\u00e4hk\u00f6istett\u00e4v\u00e4 \/tiivis ver\u00e4j\u00e4tyyppi.<br \/>\nLangankiristimi\u00e4 ja jousia 5x porttien m\u00e4\u00e4r\u00e4 (Jos aitaus on pitk\u00e4, voi olla tarkoituksenmukaista laittaa kiristimi\u00e4 my\u00f6s muualle kuin porttitolppiin)<\/li>\n<li>Nauhaliittimi\u00e4 aitaukseen tulevien liitosten verran, joka riippuu siit\u00e4 mink\u00e4 mittaisina keloina vaijeri ja nauha on. Yleisimmin vaijeri 500m, nauha 200m.<\/li>\n<\/ul>\n<p>Kannattaa huomioida my\u00f6s tekij\u00e4 nimelt\u00e4 odottamattomat muuttujat ja ottaa tarvikkeita mieluummin hiukan liikaa kuin liian v\u00e4h\u00e4n. Aina voi k\u00e4yd\u00e4 niin, ett\u00e4 lavalliseen tolppia sattuu joku virheellinen tai tuleekin teht\u00e4v\u00e4ksi mutka, joka ei ole mukana laskelmissa.<\/p>\n<p>Lis\u00e4ksi:<\/p>\n<ul>\n<li>Tehokas paimen. Mit\u00e4 tehokkaampi sen parempi. Akku vai verkkovirta riippuu l\u00e4hinn\u00e4 verkkovirtapisteen sijainnista.<\/li>\n<li>3x1m maadoitussauva ja n\u00e4iden toisiinsa ja paimeneen liitt\u00e4miseen tarvittava johdin.<\/li>\n<li>Paimenen aitaan liitt\u00e4miseen tarvittava johdin, jonka pituus riippuu paimenen sijainnista suhteessa aitaan. Vaatii korkeille j\u00e4nnitteille soveltuvan eristyksen. Kelvolllisen paimenen j\u00e4nnite on minimiss\u00e4\u00e4n 4000V<\/li>\n<\/ul>\n<p>Tarvittavia ty\u00f6v\u00e4lineit\u00e4<\/p>\n<ul>\n<li>Kivipora jos kalliota<\/li>\n<li>Kaivinkone jos raskaampia maansiirtot\u00f6it\u00e4 maaston tasoitukseen<\/li>\n<li>Lapio keve\u00e4mpiin tasoituksiin<\/li>\n<li>Traktori etukuormaajalla, tolppajuntta tai ainakin leka<\/li>\n<li>Akkuporakoneita saati ladattuja akkuja ei koskaan ole liikaa<\/li>\n<li>Pylv\u00e4skaira<\/li>\n<li>Rautakakanki<\/li>\n<li>Sivuleikkurit<\/li>\n<li>Pihdit<\/li>\n<li>Timpurinkyn\u00e4\/kyni\u00e4<\/li>\n<\/ul>\n<p>Pystytysavuksi talkoolaisia voi tiedustella\u00a0mm.<\/p>\n<p>Luonnonsuojeluliitto Tapiola<br \/>\nYhteyshenkil\u00f6: Jussi Jalava,\u00a0<a href=\"mailto:jussi.jalava@tapiolary.com\">jussi.jalava@tapiolary.com<\/a><\/p>\n<p>Luontoliitto<br \/>\nYhteyshenkil\u00f6 Sami S\u00e4ynevirta,\u00a0<a href=\"mailto:sami.saynevirta@luontoliitto.fi\">sami.saynevirta@luontoliitto.fi<\/a><\/p>\n<p>Pirkamaan Luonnonsuojelupiiri<br \/>\nYhteyshenkil\u00f6: Marjaana Laaksonen, \u00a0<a href=\"mailto:marjaana.laaksonen@sll.fi\">marjaana.laaksonen@sll.fi<\/a><\/p>\n<p>Facebookin petoaitatalkooyhteis\u00f6, jossa voi esimerkiksi julkaista oman talkookutsun tai l\u00e4hte\u00e4 mukaan suunnitteilla oleviin talkoisiin<br \/>\n<a href=\"https:\/\/www.facebook.com\/Petoaitatalkoot-1021587251262987\/?fref=ts\">https:\/\/www.facebook.com\/Petoaitatalkoot-1021587251262987\/?fref=ts<\/a><\/p>\n<p>Pystytyksest\u00e4 ja alustavista ty\u00f6vaiheista enemm\u00e4n osiossa <a href=\"https:\/\/tapiolary.com\/?page_id=1243\">petoaidan pystytys<\/a>.<\/p>\n<p><em>Muutamia linkkej\u00e4:<\/em><\/p>\n<p>Alueesi suurpetohavaintoja viimeisen 2kk ajalta p\u00e4\u00e4see tarkastelemaan:<br \/>\n<a href=\"http:\/\/riistahavainnot.fi\/suurpedot\/havaintokartta\">http:\/\/riistahavainnot.fi\/suurpedot\/havaintokartta<\/a><\/p>\n<p>Suden esiintymist\u00e4 suomessa 2011-2015 p\u00e4\u00e4see tarkastelemaan:<\/p>\n<blockquote class=\"wp-embedded-content\" data-secret=\"PtNEfpGXy7\"><p><a href=\"https:\/\/tapiolary.com\/?page_id=972\">Susi suomessa 2011-2015<\/a><\/p><\/blockquote>\n<p><iframe loading=\"lazy\" class=\"wp-embedded-content\" sandbox=\"allow-scripts\" security=\"restricted\" style=\"position: absolute; clip: rect(1px, 1px, 1px, 1px);\" title=\"&#8221;Susi suomessa 2011-2015&#8221; &#8212; LSL Tapiola -ANC Tapiola\" src=\"https:\/\/tapiolary.com\/?page_id=972&#038;embed=true#?secret=PtNEfpGXy7\" data-secret=\"PtNEfpGXy7\" width=\"600\" height=\"338\" frameborder=\"0\" marginwidth=\"0\" marginheight=\"0\" scrolling=\"no\"><\/iframe><\/p>\n<p>&nbsp;<\/p>\n","protected":false},"excerpt":{"rendered":"<p>Tuotanto-tai harrastusel\u00e4inten pidossa ei liene kovinkaan monta yht\u00e4 ik\u00e4v\u00e4\u00e4 tilannetta kuin se, ett\u00e4 sattuu suurpetovahinko ja laitumelta l\u00f6ytyy aamusella kuolleita ja\/tai loukkaantuneita el\u00e4imi\u00e4. Suurpetokantojen elpyess\u00e4 riski t\u00e4h\u00e4n on ihan todellinen ja moni joutuu pohtimaan sit\u00e4 miten t\u00e4m\u00e4n voisi omalla tilalla v\u00e4ltt\u00e4\u00e4. T\u00e4ll\u00f6in esiin nousee my\u00f6s petoaita yhten\u00e4 vaihtoehtona. Jos kyseess\u00e4 on suurpetojen tunnetulla elinalueella oleva [&hellip;]<\/p>\n","protected":false},"author":3,"featured_media":0,"parent":1237,"menu_order":0,"comment_status":"closed","ping_status":"closed","template":"","meta":{"ngg_post_thumbnail":0,"footnotes":""},"class_list":["post-1239","page","type-page","status-publish"],"_links":{"self":[{"href":"https:\/\/tapiolary.com\/index.php?rest_route=\/wp\/v2\/pages\/1239","targetHints":{"allow":["GET"]}}],"collection":[{"href":"https:\/\/tapiolary.com\/index.php?rest_route=\/wp\/v2\/pages"}],"about":[{"href":"https:\/\/tapiolary.com\/index.php?rest_route=\/wp\/v2\/types\/page"}],"author":[{"embeddable":true,"href":"https:\/\/tapiolary.com\/index.php?rest_route=\/wp\/v2\/users\/3"}],"replies":[{"embeddable":true,"href":"https:\/\/tapiolary.com\/index.php?rest_route=%2Fwp%2Fv2%2Fcomments&post=1239"}],"version-history":[{"count":11,"href":"https:\/\/tapiolary.com\/index.php?rest_route=\/wp\/v2\/pages\/1239\/revisions"}],"predecessor-version":[{"id":1276,"href":"https:\/\/tapiolary.com\/index.php?rest_route=\/wp\/v2\/pages\/1239\/revisions\/1276"}],"up":[{"embeddable":true,"href":"https:\/\/tapiolary.com\/index.php?rest_route=\/wp\/v2\/pages\/1237"}],"wp:attachment":[{"href":"https:\/\/tapiolary.com\/index.php?rest_route=%2Fwp%2Fv2%2Fmedia&parent=1239"}],"curies":[{"name":"wp","href":"https:\/\/api.w.org\/{rel}","templated":true}]}}