{"id":1237,"date":"2016-06-21T22:01:30","date_gmt":"2016-06-21T22:01:30","guid":{"rendered":"http:\/\/tapiolary.com\/?page_id=1237"},"modified":"2018-04-01T23:41:31","modified_gmt":"2018-04-01T23:41:31","slug":"petoaita","status":"publish","type":"page","link":"https:\/\/tapiolary.com\/?page_id=1237","title":{"rendered":"PETOAITA"},"content":{"rendered":"<p style=\"text-align: center;\">Jos harkitset Petoaidan pystytyst\u00e4, l\u00f6yd\u00e4t t\u00e4st\u00e4 osiosta muutamia k\u00e4yt\u00e4nn\u00f6n vinkkej\u00e4, joilla p\u00e4\u00e4see suunnitelmissa eteenp\u00e4in<\/p>\n<p><iframe loading=\"lazy\" src=\"https:\/\/www.youtube.com\/embed\/wRyT-jjy1cg\" width=\"560\" height=\"315\" frameborder=\"0\" align=\"middle\" allowfullscreen=\"allowfullscreen\"><\/iframe><\/p>\n<p><a href=\"https:\/\/tapiolary.com\/?page_id=1239\">Vihjeit\u00e4 suunnitteluun<\/a><\/p>\n<p><a href=\"https:\/\/tapiolary.com\/?page_id=1243\">Aidan pystytys<\/a><\/p>\n","protected":false},"excerpt":{"rendered":"<p>Jos harkitset Petoaidan pystytyst\u00e4, l\u00f6yd\u00e4t t\u00e4st\u00e4 osiosta muutamia k\u00e4yt\u00e4nn\u00f6n vinkkej\u00e4, joilla p\u00e4\u00e4see suunnitelmissa eteenp\u00e4in Vihjeit\u00e4 suunnitteluun Aidan pystytys<\/p>\n","protected":false},"author":3,"featured_media":0,"parent":0,"menu_order":20,"comment_status":"closed","ping_status":"closed","template":"","meta":{"ngg_post_thumbnail":0,"footnotes":""},"class_list":["post-1237","page","type-page","status-publish"],"_links":{"self":[{"href":"https:\/\/tapiolary.com\/index.php?rest_route=\/wp\/v2\/pages\/1237","targetHints":{"allow":["GET"]}}],"collection":[{"href":"https:\/\/tapiolary.com\/index.php?rest_route=\/wp\/v2\/pages"}],"about":[{"href":"https:\/\/tapiolary.com\/index.php?rest_route=\/wp\/v2\/types\/page"}],"author":[{"embeddable":true,"href":"https:\/\/tapiolary.com\/index.php?rest_route=\/wp\/v2\/users\/3"}],"replies":[{"embeddable":true,"href":"https:\/\/tapiolary.com\/index.php?rest_route=%2Fwp%2Fv2%2Fcomments&post=1237"}],"version-history":[{"count":8,"href":"https:\/\/tapiolary.com\/index.php?rest_route=\/wp\/v2\/pages\/1237\/revisions"}],"predecessor-version":[{"id":1262,"href":"https:\/\/tapiolary.com\/index.php?rest_route=\/wp\/v2\/pages\/1237\/revisions\/1262"}],"wp:attachment":[{"href":"https:\/\/tapiolary.com\/index.php?rest_route=%2Fwp%2Fv2%2Fmedia&parent=1237"}],"curies":[{"name":"wp","href":"https:\/\/api.w.org\/{rel}","templated":true}]}}