{"id":1217,"date":"2016-05-29T19:33:43","date_gmt":"2016-05-29T19:33:43","guid":{"rendered":"http:\/\/tapiolary.com\/?page_id=1217"},"modified":"2018-04-01T23:19:26","modified_gmt":"2018-04-01T23:19:26","slug":"lausunto-teollisuuspaastodirektiivista","status":"publish","type":"page","link":"https:\/\/tapiolary.com\/?page_id=1217","title":{"rendered":"Lausunto teollisuusp\u00e4\u00e4st\u00f6direktiivist\u00e4"},"content":{"rendered":"<p><strong>Lausunto ehdotuksesta valtioneuvoston asetukseksi ymp\u00e4rist\u00f6nsuojelusta annetun valtioneuvoston asetuksen muuttamisesta<\/strong><\/p>\n<p>29.5.2016<\/p>\n<p>Luonnonsuojeluliitto Tapiola on tutustunut asetusluonnokseen sek\u00e4 muistioon ja lausuu asiasta seuraavaa:<\/p>\n<p>&nbsp;<\/p>\n<p>Asetuksella (713\/2014) muutetaan 3\u00a7 3 mom. johon lis\u00e4t\u00e4\u00e4n kokonaan uusi kohta 3). Asetus saattaa n\u00e4in kansallisen lains\u00e4\u00e4d\u00e4nn\u00f6n Euroopan parlamentin ja neuvoston direktiivin 2010\/75\/EU (teollisuusp\u00e4\u00e4st\u00f6direktiivi) 12 artiklan 1 kohdan k alakohdan mukaiseksi. Komissio katsoo huomautuksessaan, ettei kansallisissa s\u00e4\u00e4nn\u00f6ksiss\u00e4 viitata vaatimukseen kuvata p\u00e4\u00e4asialliset vaihtoehdot lupahakemuksessa.<\/p>\n<p>Luonnonsuojeluliitto Tapiola pit\u00e4\u00e4 asetusmuutosta tarpeellisena ja asetus tulee saattaa siihen muotoon, ett\u00e4 se vastaa neuvoston direktiivin 2010\/75\/EU 12 artiklan 1 kohdan alakohtaa k.<\/p>\n","protected":false},"excerpt":{"rendered":"<p>Lausunto ehdotuksesta valtioneuvoston asetukseksi ymp\u00e4rist\u00f6nsuojelusta annetun valtioneuvoston asetuksen muuttamisesta 29.5.2016 Luonnonsuojeluliitto Tapiola on tutustunut asetusluonnokseen sek\u00e4 muistioon ja lausuu asiasta seuraavaa: &nbsp; Asetuksella (713\/2014) muutetaan 3\u00a7 3 mom. johon lis\u00e4t\u00e4\u00e4n kokonaan uusi kohta 3). Asetus saattaa n\u00e4in kansallisen lains\u00e4\u00e4d\u00e4nn\u00f6n Euroopan parlamentin ja neuvoston direktiivin 2010\/75\/EU (teollisuusp\u00e4\u00e4st\u00f6direktiivi) 12 artiklan 1 kohdan k alakohdan mukaiseksi. Komissio katsoo [&hellip;]<\/p>\n","protected":false},"author":2,"featured_media":0,"parent":2114,"menu_order":0,"comment_status":"closed","ping_status":"closed","template":"","meta":{"ngg_post_thumbnail":0,"footnotes":""},"class_list":["post-1217","page","type-page","status-publish"],"_links":{"self":[{"href":"https:\/\/tapiolary.com\/index.php?rest_route=\/wp\/v2\/pages\/1217","targetHints":{"allow":["GET"]}}],"collection":[{"href":"https:\/\/tapiolary.com\/index.php?rest_route=\/wp\/v2\/pages"}],"about":[{"href":"https:\/\/tapiolary.com\/index.php?rest_route=\/wp\/v2\/types\/page"}],"author":[{"embeddable":true,"href":"https:\/\/tapiolary.com\/index.php?rest_route=\/wp\/v2\/users\/2"}],"replies":[{"embeddable":true,"href":"https:\/\/tapiolary.com\/index.php?rest_route=%2Fwp%2Fv2%2Fcomments&post=1217"}],"version-history":[{"count":1,"href":"https:\/\/tapiolary.com\/index.php?rest_route=\/wp\/v2\/pages\/1217\/revisions"}],"predecessor-version":[{"id":1218,"href":"https:\/\/tapiolary.com\/index.php?rest_route=\/wp\/v2\/pages\/1217\/revisions\/1218"}],"up":[{"embeddable":true,"href":"https:\/\/tapiolary.com\/index.php?rest_route=\/wp\/v2\/pages\/2114"}],"wp:attachment":[{"href":"https:\/\/tapiolary.com\/index.php?rest_route=%2Fwp%2Fv2%2Fmedia&parent=1217"}],"curies":[{"name":"wp","href":"https:\/\/api.w.org\/{rel}","templated":true}]}}