{"id":1044,"date":"2016-04-17T13:31:37","date_gmt":"2016-04-17T13:31:37","guid":{"rendered":"http:\/\/tapiolary.com\/?page_id=1044"},"modified":"2016-04-18T09:27:02","modified_gmt":"2016-04-18T09:27:02","slug":"yleiskatsaus-suurpetojen-aiheuttamiin-vahinkoihin-2013-2015","status":"publish","type":"page","link":"https:\/\/tapiolary.com\/?page_id=1044","title":{"rendered":"Yleiskatsaus suurpetojen aiheuttamiin vahinkoihin 2013-2015"},"content":{"rendered":"<p style=\"text-align: center;\">\n<p style=\"text-align: center;\">\n<p style=\"text-align: center;\">\n<p style=\"text-align: left;\"><a href=\"https:\/\/tapiolary.com\/wp-content\/uploads\/2016\/04\/poro.png\"><img loading=\"lazy\" decoding=\"async\" class=\"size-full wp-image-1053 aligncenter\" src=\"https:\/\/tapiolary.com\/wp-content\/uploads\/2016\/04\/poro.png\" alt=\"poro\" width=\"810\" height=\"504\" srcset=\"https:\/\/tapiolary.com\/wp-content\/uploads\/2016\/04\/poro.png 810w, https:\/\/tapiolary.com\/wp-content\/uploads\/2016\/04\/poro-300x187.png 300w, https:\/\/tapiolary.com\/wp-content\/uploads\/2016\/04\/poro-241x150.png 241w, https:\/\/tapiolary.com\/wp-content\/uploads\/2016\/04\/poro-150x93.png 150w\" sizes=\"auto, (max-width: 810px) 100vw, 810px\" \/><\/a><\/p>\n<p style=\"text-align: center;\"><a href=\"https:\/\/tapiolary.com\/wp-content\/uploads\/2016\/04\/koira.png\"><img loading=\"lazy\" decoding=\"async\" class=\"alignnone size-full wp-image-1055\" src=\"https:\/\/tapiolary.com\/wp-content\/uploads\/2016\/04\/koira.png\" alt=\"koira\" width=\"809\" height=\"503\" srcset=\"https:\/\/tapiolary.com\/wp-content\/uploads\/2016\/04\/koira.png 809w, https:\/\/tapiolary.com\/wp-content\/uploads\/2016\/04\/koira-300x187.png 300w, https:\/\/tapiolary.com\/wp-content\/uploads\/2016\/04\/koira-241x150.png 241w, https:\/\/tapiolary.com\/wp-content\/uploads\/2016\/04\/koira-150x93.png 150w\" sizes=\"auto, (max-width: 809px) 100vw, 809px\" \/><\/a><\/p>\n<p style=\"text-align: center;\"><a href=\"https:\/\/tapiolary.com\/wp-content\/uploads\/2016\/04\/tuotanto.png\"><img loading=\"lazy\" decoding=\"async\" class=\"alignnone size-full wp-image-1056\" src=\"https:\/\/tapiolary.com\/wp-content\/uploads\/2016\/04\/tuotanto.png\" alt=\"tuotanto\" width=\"810\" height=\"506\" srcset=\"https:\/\/tapiolary.com\/wp-content\/uploads\/2016\/04\/tuotanto.png 810w, https:\/\/tapiolary.com\/wp-content\/uploads\/2016\/04\/tuotanto-300x187.png 300w, https:\/\/tapiolary.com\/wp-content\/uploads\/2016\/04\/tuotanto-240x150.png 240w, https:\/\/tapiolary.com\/wp-content\/uploads\/2016\/04\/tuotanto-150x94.png 150w\" sizes=\"auto, (max-width: 810px) 100vw, 810px\" \/><\/a><\/p>\n<p style=\"text-align: left;\">*Porovahingoista puuttuvat laskennalliset er\u00e4t mm. Lex-Halla ja vasah\u00e4vikkikorvaus<br \/>\nL\u00e4hde: MAVI riistavahinkojen vahinkoyhdistelm\u00e4t<\/p>\n","protected":false},"excerpt":{"rendered":"<p>*Porovahingoista puuttuvat laskennalliset er\u00e4t mm. Lex-Halla ja vasah\u00e4vikkikorvaus L\u00e4hde: MAVI riistavahinkojen vahinkoyhdistelm\u00e4t<\/p>\n","protected":false},"author":3,"featured_media":0,"parent":270,"menu_order":10,"comment_status":"closed","ping_status":"closed","template":"","meta":{"ngg_post_thumbnail":0,"footnotes":""},"class_list":["post-1044","page","type-page","status-publish"],"_links":{"self":[{"href":"https:\/\/tapiolary.com\/index.php?rest_route=\/wp\/v2\/pages\/1044","targetHints":{"allow":["GET"]}}],"collection":[{"href":"https:\/\/tapiolary.com\/index.php?rest_route=\/wp\/v2\/pages"}],"about":[{"href":"https:\/\/tapiolary.com\/index.php?rest_route=\/wp\/v2\/types\/page"}],"author":[{"embeddable":true,"href":"https:\/\/tapiolary.com\/index.php?rest_route=\/wp\/v2\/users\/3"}],"replies":[{"embeddable":true,"href":"https:\/\/tapiolary.com\/index.php?rest_route=%2Fwp%2Fv2%2Fcomments&post=1044"}],"version-history":[{"count":6,"href":"https:\/\/tapiolary.com\/index.php?rest_route=\/wp\/v2\/pages\/1044\/revisions"}],"predecessor-version":[{"id":1054,"href":"https:\/\/tapiolary.com\/index.php?rest_route=\/wp\/v2\/pages\/1044\/revisions\/1054"}],"up":[{"embeddable":true,"href":"https:\/\/tapiolary.com\/index.php?rest_route=\/wp\/v2\/pages\/270"}],"wp:attachment":[{"href":"https:\/\/tapiolary.com\/index.php?rest_route=%2Fwp%2Fv2%2Fmedia&parent=1044"}],"curies":[{"name":"wp","href":"https:\/\/api.w.org\/{rel}","templated":true}]}}